{"id":35448,"date":"2026-02-27T00:30:00","date_gmt":"2026-02-27T00:30:00","guid":{"rendered":"https:\/\/nordicmart.andreevmaster.com\/product\/songmics-keittion-roskakori-3-x-18-l-3-osioinen-jatteiden-lajittelujarjestelma\/"},"modified":"2026-02-27T09:48:37","modified_gmt":"2026-02-27T09:48:37","slug":"songmics-keittion-roskakori-3-x-18-l-3-osioinen-jatteiden-lajittelujarjestelma","status":"publish","type":"product","link":"https:\/\/nordicmart.andreevmaster.com\/fi\/tuote\/songmics-keittion-roskakori-3-x-18-l-3-osioinen-jatteiden-lajittelujarjestelma\/","title":{"rendered":"SONGMICS keitti\u00f6n roskakori, 3 x 18 l, 3-osioinen j\u00e4tteiden lajitteluj\u00e4rjestelm\u00e4"},"content":{"rendered":"<p>SONGMICS roskakori, j\u00e4tteiden lajitteluj\u00e4rjestelm\u00e4, 3 muovisella sis\u00e4astialla, poljettava roskakori, roskakori jalkapolkimella, sormenj\u00e4lki\u00e4 j\u00e4tt\u00e4m\u00e4tt\u00f6m\u00e4st\u00e4 ruostumattomasta ter\u00e4ksest\u00e4, kahvoilla (54 litraa 3 x 18 l) LTB54NL<br \/>\nTekniset tiedot:<br \/>\n&#8211; Mitat (ilman jalkapoljinta): 61 x 31,5 x 55,5 cm (P x L x K)<br \/>\n&#8211; Kokonaiskorkeus (kansi auki): 84,5 cm<br \/>\n&#8211; Sis\u00e4astian mitat: 18 x 26,5 x 49 cm (P x L x K)<br \/>\n&#8211; Jalkapolkimen mitat: 11 x 3,5 cm (P x L)<br \/>\n&#8211; Tilavuus: 3 x 18 litraa<br \/>\n&#8211; Paino: 8,9 kg<br \/>\n&#8211; Materiaali: ulkokuori ter\u00e4st\u00e4, sis\u00e4s\u00e4ili\u00f6 PP-muovia, kansi ABS-muovia<br \/>\n&#8211; V\u00e4ri: beige<\/p>\n","protected":false},"excerpt":{"rendered":"<p>SONGMICS roskakori, j\u00e4tteiden lajitteluj\u00e4rjestelm\u00e4, 3 muovisella sis\u00e4astialla, poljettava roskakori, roskakori jalkapolkimella, sormenj\u00e4lki\u00e4 j\u00e4tt\u00e4m\u00e4tt\u00f6m\u00e4st\u00e4 ruostumattomasta ter\u00e4ksest\u00e4, kahvoilla (54 litraa 3 x 18 l) LTB54NL<\/p>\n","protected":false},"featured_media":44027,"comment_status":"open","ping_status":"closed","template":"","meta":[],"product_brand":[],"product_cat":[32],"product_tag":[],"class_list":{"0":"post-35448","1":"product","2":"type-product","3":"status-publish","4":"has-post-thumbnail","6":"product_cat-uncategorized-fi","8":"first","9":"instock","10":"shipping-taxable","11":"purchasable","12":"product-type-simple"},"_links":{"self":[{"href":"https:\/\/nordicmart.andreevmaster.com\/fi\/wp-json\/wp\/v2\/product\/35448","targetHints":{"allow":["GET"]}}],"collection":[{"href":"https:\/\/nordicmart.andreevmaster.com\/fi\/wp-json\/wp\/v2\/product"}],"about":[{"href":"https:\/\/nordicmart.andreevmaster.com\/fi\/wp-json\/wp\/v2\/types\/product"}],"replies":[{"embeddable":true,"href":"https:\/\/nordicmart.andreevmaster.com\/fi\/wp-json\/wp\/v2\/comments?post=35448"}],"wp:featuredmedia":[{"embeddable":true,"href":"https:\/\/nordicmart.andreevmaster.com\/fi\/wp-json\/wp\/v2\/media\/44027"}],"wp:attachment":[{"href":"https:\/\/nordicmart.andreevmaster.com\/fi\/wp-json\/wp\/v2\/media?parent=35448"}],"wp:term":[{"taxonomy":"product_brand","embeddable":true,"href":"https:\/\/nordicmart.andreevmaster.com\/fi\/wp-json\/wp\/v2\/product_brand?post=35448"},{"taxonomy":"product_cat","embeddable":true,"href":"https:\/\/nordicmart.andreevmaster.com\/fi\/wp-json\/wp\/v2\/product_cat?post=35448"},{"taxonomy":"product_tag","embeddable":true,"href":"https:\/\/nordicmart.andreevmaster.com\/fi\/wp-json\/wp\/v2\/product_tag?post=35448"}],"curies":[{"name":"wp","href":"https:\/\/api.w.org\/{rel}","templated":true}]}}