{"id":35443,"date":"2026-02-27T00:29:58","date_gmt":"2026-02-27T00:29:58","guid":{"rendered":"https:\/\/nordicmart.andreevmaster.com\/product\/songmics-roskakori-keittioon-30-litraa-jateastia\/"},"modified":"2026-02-27T09:48:36","modified_gmt":"2026-02-27T09:48:36","slug":"songmics-roskakori-keittioon-30-litraa-jateastia","status":"publish","type":"product","link":"https:\/\/nordicmart.andreevmaster.com\/fi\/tuote\/songmics-roskakori-keittioon-30-litraa-jateastia\/","title":{"rendered":"SONGMICS roskakori keitti\u00f6\u00f6n, 30 litraa, j\u00e4teastia"},"content":{"rendered":"<p>SONGMICS roskakori keitti\u00f6\u00f6n, pehme\u00e4 sulkeutuminen, roskakori kannella ja sis\u00e4astioilla, 30 litran roskakori ruostumattomasta ter\u00e4ksest\u00e4, hajuton ja hygieeninen LTB03NL<br \/>\nTekniset tiedot:<br \/>\n&#8211; Mitat: 34,8 x 29,7 x 63,3 cm (P x L x K)<br \/>\n&#8211; Paino: 3,8 kg<br \/>\n&#8211; Materiaali: Ulkopuoli ter\u00e4st\u00e4, sis\u00e4kori PP-muovia<br \/>\n&#8211; V\u00e4ri: hiekanbeige<\/p>\n","protected":false},"excerpt":{"rendered":"<p>SONGMICS roskakori keitti\u00f6\u00f6n, pehme\u00e4 sulkeutuminen, roskakori kannella ja sis\u00e4astioilla, 30 litran roskakori ruostumattomasta ter\u00e4ksest\u00e4, hajuton ja hygieeninen LTB03NL<\/p>\n","protected":false},"featured_media":44023,"comment_status":"open","ping_status":"closed","template":"","meta":[],"product_brand":[],"product_cat":[32],"product_tag":[],"class_list":{"0":"post-35443","1":"product","2":"type-product","3":"status-publish","4":"has-post-thumbnail","6":"product_cat-uncategorized-fi","8":"first","9":"instock","10":"shipping-taxable","11":"purchasable","12":"product-type-simple"},"_links":{"self":[{"href":"https:\/\/nordicmart.andreevmaster.com\/fi\/wp-json\/wp\/v2\/product\/35443","targetHints":{"allow":["GET"]}}],"collection":[{"href":"https:\/\/nordicmart.andreevmaster.com\/fi\/wp-json\/wp\/v2\/product"}],"about":[{"href":"https:\/\/nordicmart.andreevmaster.com\/fi\/wp-json\/wp\/v2\/types\/product"}],"replies":[{"embeddable":true,"href":"https:\/\/nordicmart.andreevmaster.com\/fi\/wp-json\/wp\/v2\/comments?post=35443"}],"wp:featuredmedia":[{"embeddable":true,"href":"https:\/\/nordicmart.andreevmaster.com\/fi\/wp-json\/wp\/v2\/media\/44023"}],"wp:attachment":[{"href":"https:\/\/nordicmart.andreevmaster.com\/fi\/wp-json\/wp\/v2\/media?parent=35443"}],"wp:term":[{"taxonomy":"product_brand","embeddable":true,"href":"https:\/\/nordicmart.andreevmaster.com\/fi\/wp-json\/wp\/v2\/product_brand?post=35443"},{"taxonomy":"product_cat","embeddable":true,"href":"https:\/\/nordicmart.andreevmaster.com\/fi\/wp-json\/wp\/v2\/product_cat?post=35443"},{"taxonomy":"product_tag","embeddable":true,"href":"https:\/\/nordicmart.andreevmaster.com\/fi\/wp-json\/wp\/v2\/product_tag?post=35443"}],"curies":[{"name":"wp","href":"https:\/\/api.w.org\/{rel}","templated":true}]}}