{"id":35441,"date":"2026-02-27T00:29:58","date_gmt":"2026-02-27T00:29:58","guid":{"rendered":"https:\/\/nordicmart.andreevmaster.com\/product\/songmics-roskakori-keittioon-3-x-8-l-pieni-tilavuus\/"},"modified":"2026-02-27T09:48:35","modified_gmt":"2026-02-27T09:48:35","slug":"songmics-roskakori-keittioon-3-x-8-l-pieni-tilavuus","status":"publish","type":"product","link":"https:\/\/nordicmart.andreevmaster.com\/fi\/tuote\/songmics-roskakori-keittioon-3-x-8-l-pieni-tilavuus\/","title":{"rendered":"SONGMICS roskakori keitti\u00f6\u00f6n, 3 x 8 l, pieni tilavuus"},"content":{"rendered":"<p>Keitti\u00f6n roskakori, 3 x 8 l, pieni tilavuus, 3-osioinen j\u00e4tteiden lajitteluj\u00e4rjestelm\u00e4, roskakori kannella, polkimella ja sis\u00e4korilla, hopeanmusta<br \/>\nTekniset tiedot:<br \/>\n&#8211; Mitat (ilman poljinta): 47 x 28,3 x 39,5 cm (P x L x K)<br \/>\n&#8211; Kokonaiskorkeus (kansi auki): 63,5 cm<br \/>\n&#8211; Sis\u00e4astian mitat: 14 x 23 x 35 cm (P x L x K)<br \/>\n&#8211; Jalkapolkimen mitat: 8 x 5 cm (P x L)<br \/>\n&#8211; Tilavuus: 3 x 8 litraa<br \/>\n&#8211; Paino: 9,1 kg<br \/>\n&#8211; Materiaali: ulkokuori ter\u00e4st\u00e4, sis\u00e4s\u00e4ili\u00f6 PP-muovia, kansi ABS-muovia<br \/>\n&#8211; V\u00e4ri: kermanvalkoinen-ruskea<\/p>\n","protected":false},"excerpt":{"rendered":"<p>Keitti\u00f6n roskakori, 3 x 8 l, pieni tilavuus, 3-osioinen j\u00e4tteiden lajitteluj\u00e4rjestelm\u00e4, roskakori kannella, polkimella ja sis\u00e4korilla, hopeanmusta<\/p>\n","protected":false},"featured_media":44021,"comment_status":"open","ping_status":"closed","template":"","meta":[],"product_brand":[],"product_cat":[32],"product_tag":[],"class_list":{"0":"post-35441","1":"product","2":"type-product","3":"status-publish","4":"has-post-thumbnail","6":"product_cat-uncategorized-fi","8":"first","9":"instock","10":"shipping-taxable","11":"purchasable","12":"product-type-simple"},"_links":{"self":[{"href":"https:\/\/nordicmart.andreevmaster.com\/fi\/wp-json\/wp\/v2\/product\/35441","targetHints":{"allow":["GET"]}}],"collection":[{"href":"https:\/\/nordicmart.andreevmaster.com\/fi\/wp-json\/wp\/v2\/product"}],"about":[{"href":"https:\/\/nordicmart.andreevmaster.com\/fi\/wp-json\/wp\/v2\/types\/product"}],"replies":[{"embeddable":true,"href":"https:\/\/nordicmart.andreevmaster.com\/fi\/wp-json\/wp\/v2\/comments?post=35441"}],"wp:featuredmedia":[{"embeddable":true,"href":"https:\/\/nordicmart.andreevmaster.com\/fi\/wp-json\/wp\/v2\/media\/44021"}],"wp:attachment":[{"href":"https:\/\/nordicmart.andreevmaster.com\/fi\/wp-json\/wp\/v2\/media?parent=35441"}],"wp:term":[{"taxonomy":"product_brand","embeddable":true,"href":"https:\/\/nordicmart.andreevmaster.com\/fi\/wp-json\/wp\/v2\/product_brand?post=35441"},{"taxonomy":"product_cat","embeddable":true,"href":"https:\/\/nordicmart.andreevmaster.com\/fi\/wp-json\/wp\/v2\/product_cat?post=35441"},{"taxonomy":"product_tag","embeddable":true,"href":"https:\/\/nordicmart.andreevmaster.com\/fi\/wp-json\/wp\/v2\/product_tag?post=35441"}],"curies":[{"name":"wp","href":"https:\/\/api.w.org\/{rel}","templated":true}]}}