{"id":35440,"date":"2026-02-27T00:29:57","date_gmt":"2026-02-27T00:29:57","guid":{"rendered":"https:\/\/nordicmart.andreevmaster.com\/product\/songmics-kosmetiikkajateastia-3-litraa-pieni-roskakori-kannella-pehmea-sulkeutuminen\/"},"modified":"2026-02-27T09:48:35","modified_gmt":"2026-02-27T09:48:35","slug":"songmics-kosmetiikkajateastia-3-litraa-pieni-roskakori-kannella-pehmea-sulkeutuminen","status":"publish","type":"product","link":"https:\/\/nordicmart.andreevmaster.com\/fi\/tuote\/songmics-kosmetiikkajateastia-3-litraa-pieni-roskakori-kannella-pehmea-sulkeutuminen\/","title":{"rendered":"SONGMICS kosmetiikkaj\u00e4teastia 3 litraa, pieni roskakori kannella, pehme\u00e4 sulkeutuminen"},"content":{"rendered":"<p>T\u00e4m\u00e4n 3 litran kosmetiikkaj\u00e4teastian kohokohdat yhdell\u00e4 silm\u00e4yksell\u00e4: Pehme\u00e4sti ja hiljaisesti sulkeutuva kansi Kest\u00e4v\u00e4 ja pitk\u00e4ik\u00e4inen jalkapoljin Ter\u00e4spinta, helppo puhdistaa Sis\u00e4astia kahvalla, helppo irrottaa Sis\u00e4astian aukko: pit\u00e4\u00e4 roskapussin kiristettyn\u00e4, jotta se ei n\u00e4y ulkopuolelta. Ulosty\u00f6ntyv\u00e4 kahva takana, helpottaa poljinkorin kuljettamista. Luistamattomat tyynyt, jotta poljinkori ei liu&#8217;u ja lattiaasi ei naarmuunnu. Tuotetiedot:V\u00e4ri: musta Materiaali: ulkokuori ter\u00e4st\u00e4, kansi ABS-muovia, sis\u00e4s\u00e4ili\u00f6 PP-muovia Koko (jalkapolkimella): 23,8 x 18,8 x 25,7 (P x L x K) Koko (ilman jalkapoljinta): 18,8 x 18,8 x 25,7 cm (P x L x K) Kokonaiskorkeus (kansi auki): 41,5 cm Paino: 0,8 kg Toimitus sis\u00e4lt\u00e4\u00e4: 1 x kosmetiikkakori SONGMICS-ohjeet: Pyyhi tuote puhdistaaksesi sen hieman kostutetulla liinalla ja kuivaa se pehme\u00e4ll\u00e4 liinalla. Tarvittaessa voit k\u00e4ytt\u00e4\u00e4 my\u00f6s mietoa puhdistusainetta.<\/p>\n","protected":false},"excerpt":{"rendered":"<p>SONGMICS kosmetiikkakori, 3 litraa, kylpyhuoneen roskakori, pieni roskakori kannella, pehme\u00e4 sulkeutuminen, irrotettava muovinen sis\u00e4kori, kylpyhuoneeseen, toimistoon, ter\u00e4s, musta LTB011B01<\/p>\n","protected":false},"featured_media":44020,"comment_status":"open","ping_status":"closed","template":"","meta":[],"product_brand":[],"product_cat":[32],"product_tag":[],"class_list":{"0":"post-35440","1":"product","2":"type-product","3":"status-publish","4":"has-post-thumbnail","6":"product_cat-uncategorized-fi","8":"first","9":"instock","10":"shipping-taxable","11":"purchasable","12":"product-type-simple"},"_links":{"self":[{"href":"https:\/\/nordicmart.andreevmaster.com\/fi\/wp-json\/wp\/v2\/product\/35440","targetHints":{"allow":["GET"]}}],"collection":[{"href":"https:\/\/nordicmart.andreevmaster.com\/fi\/wp-json\/wp\/v2\/product"}],"about":[{"href":"https:\/\/nordicmart.andreevmaster.com\/fi\/wp-json\/wp\/v2\/types\/product"}],"replies":[{"embeddable":true,"href":"https:\/\/nordicmart.andreevmaster.com\/fi\/wp-json\/wp\/v2\/comments?post=35440"}],"wp:featuredmedia":[{"embeddable":true,"href":"https:\/\/nordicmart.andreevmaster.com\/fi\/wp-json\/wp\/v2\/media\/44020"}],"wp:attachment":[{"href":"https:\/\/nordicmart.andreevmaster.com\/fi\/wp-json\/wp\/v2\/media?parent=35440"}],"wp:term":[{"taxonomy":"product_brand","embeddable":true,"href":"https:\/\/nordicmart.andreevmaster.com\/fi\/wp-json\/wp\/v2\/product_brand?post=35440"},{"taxonomy":"product_cat","embeddable":true,"href":"https:\/\/nordicmart.andreevmaster.com\/fi\/wp-json\/wp\/v2\/product_cat?post=35440"},{"taxonomy":"product_tag","embeddable":true,"href":"https:\/\/nordicmart.andreevmaster.com\/fi\/wp-json\/wp\/v2\/product_tag?post=35440"}],"curies":[{"name":"wp","href":"https:\/\/api.w.org\/{rel}","templated":true}]}}