{"id":35437,"date":"2026-02-27T00:29:57","date_gmt":"2026-02-27T00:29:57","guid":{"rendered":"https:\/\/nordicmart.andreevmaster.com\/product\/songmics-roskakori-kahdella-lokerolla-ja-ulosvedettavalla-jatteiden-lajittelujarjestelmalla\/"},"modified":"2026-02-27T09:48:34","modified_gmt":"2026-02-27T09:48:34","slug":"songmics-roskakori-kahdella-lokerolla-ja-ulosvedettavalla-jatteiden-lajittelujarjestelmalla","status":"publish","type":"product","link":"https:\/\/nordicmart.andreevmaster.com\/fi\/tuote\/songmics-roskakori-kahdella-lokerolla-ja-ulosvedettavalla-jatteiden-lajittelujarjestelmalla\/","title":{"rendered":"SONGMICS roskakori kahdella lokerolla ja ulosvedett\u00e4v\u00e4ll\u00e4 j\u00e4tteiden lajitteluj\u00e4rjestelm\u00e4ll\u00e4"},"content":{"rendered":"<p>SONGMICS Keitti\u00f6n roskakori, roskien lajitteluj\u00e4rjestelm\u00e4 alakaapille, 2 x 15 l, 2-osastoinen roskakori, ulosvedett\u00e4v\u00e4, ter\u00e4srunko, ABS-kansi, musta LTB950B01<br \/>\nV\u00e4ri: musta<br \/>\nMateriaali: roskakori ter\u00e4st\u00e4, kansi ABS-muovia, sis\u00e4kori PP-muovia<br \/>\nKoko: 48,6 x 25,4 x 44 cm (P x L x K)<br \/>\nTilavuus: 2 x 15 l<br \/>\nPaino: 7,2 kg<\/p>\n","protected":false},"excerpt":{"rendered":"<p>SONGMICS Keitti\u00f6n roskakori, roskien lajitteluj\u00e4rjestelm\u00e4 alakaapille, 2 x 15 l, 2-osastoinen roskakori, ulosvedett\u00e4v\u00e4, ter\u00e4srunko, ABS-kansi, musta LTB950B01<\/p>\n","protected":false},"featured_media":44017,"comment_status":"open","ping_status":"closed","template":"","meta":[],"product_brand":[],"product_cat":[32],"product_tag":[],"class_list":{"0":"post-35437","1":"product","2":"type-product","3":"status-publish","4":"has-post-thumbnail","6":"product_cat-uncategorized-fi","8":"first","9":"instock","10":"shipping-taxable","11":"purchasable","12":"product-type-simple"},"_links":{"self":[{"href":"https:\/\/nordicmart.andreevmaster.com\/fi\/wp-json\/wp\/v2\/product\/35437","targetHints":{"allow":["GET"]}}],"collection":[{"href":"https:\/\/nordicmart.andreevmaster.com\/fi\/wp-json\/wp\/v2\/product"}],"about":[{"href":"https:\/\/nordicmart.andreevmaster.com\/fi\/wp-json\/wp\/v2\/types\/product"}],"replies":[{"embeddable":true,"href":"https:\/\/nordicmart.andreevmaster.com\/fi\/wp-json\/wp\/v2\/comments?post=35437"}],"wp:featuredmedia":[{"embeddable":true,"href":"https:\/\/nordicmart.andreevmaster.com\/fi\/wp-json\/wp\/v2\/media\/44017"}],"wp:attachment":[{"href":"https:\/\/nordicmart.andreevmaster.com\/fi\/wp-json\/wp\/v2\/media?parent=35437"}],"wp:term":[{"taxonomy":"product_brand","embeddable":true,"href":"https:\/\/nordicmart.andreevmaster.com\/fi\/wp-json\/wp\/v2\/product_brand?post=35437"},{"taxonomy":"product_cat","embeddable":true,"href":"https:\/\/nordicmart.andreevmaster.com\/fi\/wp-json\/wp\/v2\/product_cat?post=35437"},{"taxonomy":"product_tag","embeddable":true,"href":"https:\/\/nordicmart.andreevmaster.com\/fi\/wp-json\/wp\/v2\/product_tag?post=35437"}],"curies":[{"name":"wp","href":"https:\/\/api.w.org\/{rel}","templated":true}]}}