{"id":35436,"date":"2026-02-27T00:29:56","date_gmt":"2026-02-27T00:29:56","guid":{"rendered":"https:\/\/nordicmart.andreevmaster.com\/product\/songmics-roskakori-sensorilla-70-l\/"},"modified":"2026-02-27T09:48:34","modified_gmt":"2026-02-27T09:48:34","slug":"songmics-roskakori-sensorilla-70-l","status":"publish","type":"product","link":"https:\/\/nordicmart.andreevmaster.com\/fi\/tuote\/songmics-roskakori-sensorilla-70-l\/","title":{"rendered":"SONGMICS roskakori sensorilla 70 L"},"content":{"rendered":"<p>Miksi valita SONGMICS-roskakori? Anturin ansiosta voit h\u00e4vitt\u00e4\u00e4 roskat koskematta roskakoriin, mik\u00e4 parantaa hygieniaa. Kaksi lokeroa, joissa on kiinnitysrenkaat, auttavat erottelemaan erilaiset j\u00e4tteet; kunkin lokeron tilavuus on 35 litraa. Suuren kapasiteetin ansiosta sinun ei tarvitse vaihtaa roskapussia usein. Yksinkertaista kuin 1&#215;1: heit\u00e4 bioj\u00e4tteet toiseen lokeroon ja muu j\u00e4te toiseen \u2013 sinun ei tarvitse edes koskettaa t\u00e4t\u00e4 roskakoria k\u00e4sin! Sinun tarvitsee vain pit\u00e4\u00e4 k\u00e4tesi kannen anturin p\u00e4\u00e4ll\u00e4, ja se avautuu kuin taikaiskusta. Lis\u00e4ksi kansi ei sulkeudu, ennen kuin otat k\u00e4tesi pois. Jos haluat, ett\u00e4 kansi pysyy auki, paina vain OPEN-painiketta. N\u00e4in voit helposti h\u00e4vitt\u00e4\u00e4 esimerkiksi lautasten siivoamisen tai j\u00e4\u00e4kaapin puhdistamisen yhteydess\u00e4 syntyneet j\u00e4tteet. Paina &#8221;CLOSE&#8221;-painiketta, kun olet valmis, jotta kansi sulkeutuu uudelleen. Kaunis ruostumattomasta ter\u00e4ksest\u00e4 valmistettu roskakori: T\u00e4m\u00e4 ruostumattomasta ter\u00e4ksest\u00e4 valmistettu roskakori sopii t\u00e4ydellisesti jokaiseen moderniin keitti\u00f6\u00f6n ja harmonisoi t\u00e4ydellisesti muiden ruostumattomasta ter\u00e4ksest\u00e4 valmistettujen keitti\u00f6koneiden kanssa. T\u00e4m\u00e4 keitti\u00f6apulainen ei vain n\u00e4yt\u00e4 tyylikk\u00e4\u00e4lt\u00e4, vaan on my\u00f6s helppo puhdistaa ja kest\u00e4\u00e4 sormenj\u00e4lki\u00e4. Hanki t\u00e4m\u00e4 roskakori (2 x 35 litraa), niin sinun ei tarvitse vied\u00e4 roskia ulos joka p\u00e4iv\u00e4 \u2013 se on t\u00e4ydellinen ratkaisu sateisiin iltap\u00e4iviin, jolloin haluat vain pysy\u00e4 sis\u00e4ll\u00e4.Tuotetiedot: V\u00e4ri: hopea Materiaali: 430 ruostumaton ter\u00e4s Mitat: 54,2 x 33 x 67,1 cm (P x L x K) Kokonaiskorkeus (kansi auki): 93 cm Et\u00e4isyys sein\u00e4st\u00e4: 5,5 cm Kiinnitysrenkaan mitat: 21 x 23 cm Paino: 5,2 kg Toimitus sis\u00e4lt\u00e4\u00e4: 1 x roskakori 1 x ohjeet (DE, EN, FR, ES, IT) SONGMICS-ohjeet: Aseta tuote tasaiselle, kuivalle alustalle, suojaa sit\u00e4 korkeilta l\u00e4mp\u00f6tiloilta ja pid\u00e4 se poissa tulen l\u00e4hteist\u00e4.Puhdista tuote p\u00e4ivitt\u00e4in kostealla liinalla. K\u00e4yt\u00e4 tarvittaessa mietoa puhdistusainetta.<\/p>\n","protected":false},"excerpt":{"rendered":"<p>SONGMICS 70 litran roskakori sensorilla, automaattinen roskakori, 2 x 35 litran j\u00e4tteiden lajitteluj\u00e4rjestelm\u00e4, 2-osastoinen roskakori, kosketukseton, keitti\u00f6\u00f6n, hopea LTB93NL<\/p>\n","protected":false},"featured_media":44016,"comment_status":"open","ping_status":"closed","template":"","meta":[],"product_brand":[],"product_cat":[32],"product_tag":[],"class_list":{"0":"post-35436","1":"product","2":"type-product","3":"status-publish","4":"has-post-thumbnail","6":"product_cat-uncategorized-fi","8":"first","9":"instock","10":"shipping-taxable","11":"purchasable","12":"product-type-simple"},"_links":{"self":[{"href":"https:\/\/nordicmart.andreevmaster.com\/fi\/wp-json\/wp\/v2\/product\/35436","targetHints":{"allow":["GET"]}}],"collection":[{"href":"https:\/\/nordicmart.andreevmaster.com\/fi\/wp-json\/wp\/v2\/product"}],"about":[{"href":"https:\/\/nordicmart.andreevmaster.com\/fi\/wp-json\/wp\/v2\/types\/product"}],"replies":[{"embeddable":true,"href":"https:\/\/nordicmart.andreevmaster.com\/fi\/wp-json\/wp\/v2\/comments?post=35436"}],"wp:featuredmedia":[{"embeddable":true,"href":"https:\/\/nordicmart.andreevmaster.com\/fi\/wp-json\/wp\/v2\/media\/44016"}],"wp:attachment":[{"href":"https:\/\/nordicmart.andreevmaster.com\/fi\/wp-json\/wp\/v2\/media?parent=35436"}],"wp:term":[{"taxonomy":"product_brand","embeddable":true,"href":"https:\/\/nordicmart.andreevmaster.com\/fi\/wp-json\/wp\/v2\/product_brand?post=35436"},{"taxonomy":"product_cat","embeddable":true,"href":"https:\/\/nordicmart.andreevmaster.com\/fi\/wp-json\/wp\/v2\/product_cat?post=35436"},{"taxonomy":"product_tag","embeddable":true,"href":"https:\/\/nordicmart.andreevmaster.com\/fi\/wp-json\/wp\/v2\/product_tag?post=35436"}],"curies":[{"name":"wp","href":"https:\/\/api.w.org\/{rel}","templated":true}]}}