{"id":35435,"date":"2026-02-27T00:29:56","date_gmt":"2026-02-27T00:29:56","guid":{"rendered":"https:\/\/nordicmart.andreevmaster.com\/product\/songmics-roskakori-kasisensorilla-50-l\/"},"modified":"2026-02-27T09:48:34","modified_gmt":"2026-02-27T09:48:34","slug":"songmics-roskakori-kasisensorilla-50-l","status":"publish","type":"product","link":"https:\/\/nordicmart.andreevmaster.com\/fi\/tuote\/songmics-roskakori-kasisensorilla-50-l\/","title":{"rendered":"SONGMICS roskakori k\u00e4sisensorilla 50 L"},"content":{"rendered":"<p>Kun k\u00e4det tai muut esineet l\u00e4hestyv\u00e4t anturin ikkunaa, kansi avautuu automaattisesti. Kun k\u00e4det tai esineet poistuvat anturin ulottuvilta, kansi sulkeutuu 5 sekunnin kuluttua, joten voit h\u00e4vitt\u00e4\u00e4 roskat koskematta roskakoriin. Pitk\u00e4aikaisessa k\u00e4yt\u00f6ss\u00e4 paina suoraan &#8221;OPEN&#8221;-painiketta, jolloin kansi pysyy auki. K\u00e4yt\u00f6n j\u00e4lkeen paina &#8221;CLOSE&#8221;-painiketta sulkeaksesi kannen. Hidas ja hiljainen sulkeutuminen luo rauhallisen ymp\u00e4rist\u00f6n. Kansi: ABS-muovia, ilman paristoja voit avata kannen k\u00e4sin.Kiinnitysrengas: Kiinnitt\u00e4\u00e4 roskapussit roskakoriin, jotta ne eiv\u00e4t luiskahda alas. Ulkopakkaus: Valmistettu 430 ruostumattomasta ter\u00e4ksest\u00e4, sormenj\u00e4lki\u00e4 ja likaa hylkiv\u00e4, tahrat voidaan pyyhki\u00e4 helposti pois. T\u00e4ydellisen tiivisteen ansiosta ik\u00e4v\u00e4 roskien haju estet\u00e4\u00e4n tehokkaasti. Tuotetiedot: Materiaali: ruostumaton ter\u00e4s (kotelo) + ABS-muovi (kansi) Ulkomitat: 29,3 \u00d7 72,2 \u00d7 42 cm (L x K x S)Mitat kansi t\u00e4ysin auki: 29,3 \u00d7 93 \u00d7 42 cm (L x K x S) V\u00e4ri: hopea (kotelo), musta (kansi) Nettopaino: 3,54 kg Bruttopaino: 5,7 kg Toimitus sis\u00e4lt\u00e4\u00e4: 1 x roskakori 1 x ohjeet (DE, EN, IT, FR, ES)<\/p>\n","protected":false},"excerpt":{"rendered":"<p>SONGMICS Sensor-roskakori 50 l, automaattinen roskakori, roskas\u00e4ili\u00f6 keitti\u00f6\u00f6n, ruostumaton ter\u00e4s LTB92NG<\/p>\n","protected":false},"featured_media":44015,"comment_status":"open","ping_status":"closed","template":"","meta":[],"product_brand":[],"product_cat":[32],"product_tag":[],"class_list":{"0":"post-35435","1":"product","2":"type-product","3":"status-publish","4":"has-post-thumbnail","6":"product_cat-uncategorized-fi","8":"first","9":"instock","10":"shipping-taxable","11":"purchasable","12":"product-type-simple"},"_links":{"self":[{"href":"https:\/\/nordicmart.andreevmaster.com\/fi\/wp-json\/wp\/v2\/product\/35435","targetHints":{"allow":["GET"]}}],"collection":[{"href":"https:\/\/nordicmart.andreevmaster.com\/fi\/wp-json\/wp\/v2\/product"}],"about":[{"href":"https:\/\/nordicmart.andreevmaster.com\/fi\/wp-json\/wp\/v2\/types\/product"}],"replies":[{"embeddable":true,"href":"https:\/\/nordicmart.andreevmaster.com\/fi\/wp-json\/wp\/v2\/comments?post=35435"}],"wp:featuredmedia":[{"embeddable":true,"href":"https:\/\/nordicmart.andreevmaster.com\/fi\/wp-json\/wp\/v2\/media\/44015"}],"wp:attachment":[{"href":"https:\/\/nordicmart.andreevmaster.com\/fi\/wp-json\/wp\/v2\/media?parent=35435"}],"wp:term":[{"taxonomy":"product_brand","embeddable":true,"href":"https:\/\/nordicmart.andreevmaster.com\/fi\/wp-json\/wp\/v2\/product_brand?post=35435"},{"taxonomy":"product_cat","embeddable":true,"href":"https:\/\/nordicmart.andreevmaster.com\/fi\/wp-json\/wp\/v2\/product_cat?post=35435"},{"taxonomy":"product_tag","embeddable":true,"href":"https:\/\/nordicmart.andreevmaster.com\/fi\/wp-json\/wp\/v2\/product_tag?post=35435"}],"curies":[{"name":"wp","href":"https:\/\/api.w.org\/{rel}","templated":true}]}}