{"id":35434,"date":"2026-02-27T00:29:56","date_gmt":"2026-02-27T00:29:56","guid":{"rendered":"https:\/\/nordicmart.andreevmaster.com\/product\/songmics-roskakori-jalkasensorilla-50-l\/"},"modified":"2026-02-27T09:48:34","modified_gmt":"2026-02-27T09:48:34","slug":"songmics-roskakori-jalkasensorilla-50-l","status":"publish","type":"product","link":"https:\/\/nordicmart.andreevmaster.com\/fi\/tuote\/songmics-roskakori-jalkasensorilla-50-l\/","title":{"rendered":"SONGMICS roskakori jalkasensorilla 50 l"},"content":{"rendered":"<p>Avautuu kevyell\u00e4 jalkapainalluksella ilman k\u00e4sien k\u00e4ytt\u00f6\u00e4: Kannen avaamiseksi sinun tarvitsee vain painaa kevyesti alaosaa, ja noin 5 sekunnin kuluttua kansi sulkeutuu hitaasti ja \u00e4\u00e4nett\u00f6m\u00e4sti, luoden sinulle rauhallisen ymp\u00e4rist\u00f6n. Jos paristot ovat tyhj\u00e4t, voit avata kannen my\u00f6s k\u00e4sin. Kun olet kiireinen keitti\u00f6ss\u00e4, roskakori voi j\u00e4\u00e4d\u00e4 auki, mik\u00e4 on k\u00e4tev\u00e4 apu sinulle: kosketa kevyesti alaosaa, pid\u00e4 painettuna 5 sekuntia ja vapauta sitten, jolloin kansi pysyy auki. Sulje kansi k\u00e4yt\u00f6n j\u00e4lkeen koskettamalla j\u00e4lleen alaosaa.Kotelon materiaali: Kotelo on valmistettu 430-ruostumattomasta ter\u00e4ksest\u00e4, se on sormenj\u00e4lkien ja lian hylkiv\u00e4, ja sen pinnalla olevat tahrat voidaan pyyhki\u00e4 helposti pois. T\u00e4ydellinen tiiviste: Hajuton kansi est\u00e4\u00e4 tehokkaasti kiusallisen roskien hajun. Muovinen jalusta suojaa ulkosiili\u00e4 lattialla olevalta vedelt\u00e4, mik\u00e4 est\u00e4\u00e4 tehokkaasti ruostumisen. Tuotetiedot:Materiaali: Mattater\u00e4s (kotelo) + ABS-muovi (kansi) Ulkomitat: 35,5 x 64,4 x 38,1 cm (L x K x S) Mitat kansi t\u00e4ysin auki: 35,5 x 95 x 38,1 cm (L x K x S) V\u00e4ri: hopea (kotelo), musta (kansi)Nettopaino: 3,18 kgBruttopaino: 5,26 kgToimitus sis\u00e4lt\u00e4\u00e4:1 x roskakori1 x k\u00e4ytt\u00f6ohje (DE, EN, IT, FR, ES)<\/p>\n","protected":false},"excerpt":{"rendered":"<p>SONGMICS roskakori, anturi, sormenj\u00e4lkiton, jalkak\u00e4ytt\u00f6inen, 50 l, painorengas, hajuton, keitti\u00f6n roskakori, ruostumaton ter\u00e4s, hopea LTB91NB<\/p>\n","protected":false},"featured_media":44014,"comment_status":"open","ping_status":"closed","template":"","meta":[],"product_brand":[],"product_cat":[32],"product_tag":[],"class_list":{"0":"post-35434","1":"product","2":"type-product","3":"status-publish","4":"has-post-thumbnail","6":"product_cat-uncategorized-fi","8":"first","9":"instock","10":"shipping-taxable","11":"purchasable","12":"product-type-simple"},"_links":{"self":[{"href":"https:\/\/nordicmart.andreevmaster.com\/fi\/wp-json\/wp\/v2\/product\/35434","targetHints":{"allow":["GET"]}}],"collection":[{"href":"https:\/\/nordicmart.andreevmaster.com\/fi\/wp-json\/wp\/v2\/product"}],"about":[{"href":"https:\/\/nordicmart.andreevmaster.com\/fi\/wp-json\/wp\/v2\/types\/product"}],"replies":[{"embeddable":true,"href":"https:\/\/nordicmart.andreevmaster.com\/fi\/wp-json\/wp\/v2\/comments?post=35434"}],"wp:featuredmedia":[{"embeddable":true,"href":"https:\/\/nordicmart.andreevmaster.com\/fi\/wp-json\/wp\/v2\/media\/44014"}],"wp:attachment":[{"href":"https:\/\/nordicmart.andreevmaster.com\/fi\/wp-json\/wp\/v2\/media?parent=35434"}],"wp:term":[{"taxonomy":"product_brand","embeddable":true,"href":"https:\/\/nordicmart.andreevmaster.com\/fi\/wp-json\/wp\/v2\/product_brand?post=35434"},{"taxonomy":"product_cat","embeddable":true,"href":"https:\/\/nordicmart.andreevmaster.com\/fi\/wp-json\/wp\/v2\/product_cat?post=35434"},{"taxonomy":"product_tag","embeddable":true,"href":"https:\/\/nordicmart.andreevmaster.com\/fi\/wp-json\/wp\/v2\/product_tag?post=35434"}],"curies":[{"name":"wp","href":"https:\/\/api.w.org\/{rel}","templated":true}]}}