{"id":35433,"date":"2026-02-27T00:29:56","date_gmt":"2026-02-27T00:29:56","guid":{"rendered":"https:\/\/nordicmart.andreevmaster.com\/product\/songmics-kompostisailio-9-l-valkoinen\/"},"modified":"2026-02-27T09:48:34","modified_gmt":"2026-02-27T09:48:34","slug":"songmics-kompostisailio-9-l-valkoinen","status":"publish","type":"product","link":"https:\/\/nordicmart.andreevmaster.com\/fi\/tuote\/songmics-kompostisailio-9-l-valkoinen\/","title":{"rendered":"SONGMICS kompostis\u00e4ili\u00f6 9 l, valkoinen"},"content":{"rendered":"<p>SONGMICS kompostis\u00e4ili\u00f6 9 l<br \/>\nV\u00e4ri: valkoinen<br \/>\nMateriaali: PP-muovi<br \/>\nTuotteen koko: 26 x 15 x 28 cm (P x L x K)<br \/>\nKorkeus avattuna<br \/>\nkansi: 40 cm<br \/>\nTilavuus: 9 l<br \/>\nTuotteen paino: 0,7 kg<\/p>\n","protected":false},"excerpt":{"rendered":"<p>SONGMICS kompostis\u00e4ili\u00f6 9 l<\/p>\n","protected":false},"featured_media":44013,"comment_status":"open","ping_status":"closed","template":"","meta":[],"product_brand":[],"product_cat":[32],"product_tag":[],"class_list":{"0":"post-35433","1":"product","2":"type-product","3":"status-publish","4":"has-post-thumbnail","6":"product_cat-uncategorized-fi","8":"first","9":"instock","10":"shipping-taxable","11":"purchasable","12":"product-type-simple"},"_links":{"self":[{"href":"https:\/\/nordicmart.andreevmaster.com\/fi\/wp-json\/wp\/v2\/product\/35433","targetHints":{"allow":["GET"]}}],"collection":[{"href":"https:\/\/nordicmart.andreevmaster.com\/fi\/wp-json\/wp\/v2\/product"}],"about":[{"href":"https:\/\/nordicmart.andreevmaster.com\/fi\/wp-json\/wp\/v2\/types\/product"}],"replies":[{"embeddable":true,"href":"https:\/\/nordicmart.andreevmaster.com\/fi\/wp-json\/wp\/v2\/comments?post=35433"}],"wp:featuredmedia":[{"embeddable":true,"href":"https:\/\/nordicmart.andreevmaster.com\/fi\/wp-json\/wp\/v2\/media\/44013"}],"wp:attachment":[{"href":"https:\/\/nordicmart.andreevmaster.com\/fi\/wp-json\/wp\/v2\/media?parent=35433"}],"wp:term":[{"taxonomy":"product_brand","embeddable":true,"href":"https:\/\/nordicmart.andreevmaster.com\/fi\/wp-json\/wp\/v2\/product_brand?post=35433"},{"taxonomy":"product_cat","embeddable":true,"href":"https:\/\/nordicmart.andreevmaster.com\/fi\/wp-json\/wp\/v2\/product_cat?post=35433"},{"taxonomy":"product_tag","embeddable":true,"href":"https:\/\/nordicmart.andreevmaster.com\/fi\/wp-json\/wp\/v2\/product_tag?post=35433"}],"curies":[{"name":"wp","href":"https:\/\/api.w.org\/{rel}","templated":true}]}}