{"id":35431,"date":"2026-02-27T00:29:55","date_gmt":"2026-02-27T00:29:55","guid":{"rendered":"https:\/\/nordicmart.andreevmaster.com\/product\/songmics-roskakori-kannella-biojatteelle-metallia\/"},"modified":"2026-02-27T09:48:33","modified_gmt":"2026-02-27T09:48:33","slug":"songmics-roskakori-kannella-biojatteelle-metallia","status":"publish","type":"product","link":"https:\/\/nordicmart.andreevmaster.com\/fi\/tuote\/songmics-roskakori-kannella-biojatteelle-metallia\/","title":{"rendered":"SONGMICS roskakori kannella bioj\u00e4tteelle, metallia"},"content":{"rendered":"<p>SONGMICS roskakori, 8 litran kompostiroskakori keitti\u00f6\u00f6n, ter\u00e4ksinen roskakori kannella bioj\u00e4tteelle, koukulla, kaapin oveen tai sein\u00e4lle, kylpyhuoneen alakaappiin<br \/>\nV\u00e4ri: metallinhohtoinen hopea<br \/>\nMateriaali: Ulkopuoli ter\u00e4st\u00e4, sis\u00e4kori PP-muovia, pohja ABS-muovia<br \/>\nKoko: 25,8 x 15,2 x 32 cm (P x L x K)<br \/>\nKokonaiskorkeus (kansi auki): 46 cm<br \/>\nSis\u00e4astian koko: 21,9 x 13,3 x 30,5 cm (P x L x K)<br \/>\nTilavuus: 8 litraa<br \/>\nPaino: 1,2 kg<\/p>\n","protected":false},"excerpt":{"rendered":"<p>SONGMICS roskakori, 8 litran kompostiroskakori keitti\u00f6\u00f6n, ter\u00e4ksinen roskakori kannella bioj\u00e4tteelle, koukulla, kaapin oveen tai sein\u00e4lle, kylpyhuoneen alakaappiin<\/p>\n","protected":false},"featured_media":44011,"comment_status":"open","ping_status":"closed","template":"","meta":[],"product_brand":[],"product_cat":[32],"product_tag":[],"class_list":{"0":"post-35431","1":"product","2":"type-product","3":"status-publish","4":"has-post-thumbnail","6":"product_cat-uncategorized-fi","8":"first","9":"instock","10":"shipping-taxable","11":"purchasable","12":"product-type-simple"},"_links":{"self":[{"href":"https:\/\/nordicmart.andreevmaster.com\/fi\/wp-json\/wp\/v2\/product\/35431","targetHints":{"allow":["GET"]}}],"collection":[{"href":"https:\/\/nordicmart.andreevmaster.com\/fi\/wp-json\/wp\/v2\/product"}],"about":[{"href":"https:\/\/nordicmart.andreevmaster.com\/fi\/wp-json\/wp\/v2\/types\/product"}],"replies":[{"embeddable":true,"href":"https:\/\/nordicmart.andreevmaster.com\/fi\/wp-json\/wp\/v2\/comments?post=35431"}],"wp:featuredmedia":[{"embeddable":true,"href":"https:\/\/nordicmart.andreevmaster.com\/fi\/wp-json\/wp\/v2\/media\/44011"}],"wp:attachment":[{"href":"https:\/\/nordicmart.andreevmaster.com\/fi\/wp-json\/wp\/v2\/media?parent=35431"}],"wp:term":[{"taxonomy":"product_brand","embeddable":true,"href":"https:\/\/nordicmart.andreevmaster.com\/fi\/wp-json\/wp\/v2\/product_brand?post=35431"},{"taxonomy":"product_cat","embeddable":true,"href":"https:\/\/nordicmart.andreevmaster.com\/fi\/wp-json\/wp\/v2\/product_cat?post=35431"},{"taxonomy":"product_tag","embeddable":true,"href":"https:\/\/nordicmart.andreevmaster.com\/fi\/wp-json\/wp\/v2\/product_tag?post=35431"}],"curies":[{"name":"wp","href":"https:\/\/api.w.org\/{rel}","templated":true}]}}