{"id":35429,"date":"2026-02-27T00:29:55","date_gmt":"2026-02-27T00:29:55","guid":{"rendered":"https:\/\/nordicmart.andreevmaster.com\/product\/songmics-roskakori-4-kpl-kukin-20-litraa-tarroilla\/"},"modified":"2026-02-27T09:48:33","modified_gmt":"2026-02-27T09:48:33","slug":"songmics-roskakori-4-kpl-kukin-20-litraa-tarroilla","status":"publish","type":"product","link":"https:\/\/nordicmart.andreevmaster.com\/fi\/tuote\/songmics-roskakori-4-kpl-kukin-20-litraa-tarroilla\/","title":{"rendered":"SONGMICS roskakori 4 kpl, kukin 20 litraa, tarroilla"},"content":{"rendered":"<p>SONGMICS Keitti\u00f6n roskakori, 4 kpl:n roskakorien sarja, pinottavat roskakorit, kukin 20 l, j\u00e4tteiden lajitteluj\u00e4rjestelm\u00e4, kansi, tarroilla, s\u00e4ilytyslaatikko, keltainen, sininen, beige ja vihre\u00e4 LTB760Q01<br \/>\nV\u00e4ri: keltainen, sininen, beige, vihre\u00e4<br \/>\nMateriaali: PP-muovi (polypropeeni)<br \/>\nKoko: 37,5 x 23,5 x 32 cm (P x L x K)<br \/>\nKokonaiskorkeus (kansi auki): 46,5 cm<br \/>\nPaino: 4,2 kg<br \/>\nSuurin staattinen kantavuus per s\u00e4ili\u00f6: 20 kg<\/p>\n","protected":false},"excerpt":{"rendered":"<p>SONGMICS Keitti\u00f6n roskakori, 4 kpl:n roskakorien sarja, pinottavat roskakorit, kukin 20 l, j\u00e4tteiden lajitteluj\u00e4rjestelm\u00e4, kansi, tarroilla, s\u00e4ilytyslaatikko, keltainen, sininen, beige ja vihre\u00e4 LTB760Q01<\/p>\n","protected":false},"featured_media":44009,"comment_status":"open","ping_status":"closed","template":"","meta":[],"product_brand":[],"product_cat":[32],"product_tag":[],"class_list":{"0":"post-35429","1":"product","2":"type-product","3":"status-publish","4":"has-post-thumbnail","6":"product_cat-uncategorized-fi","8":"first","9":"instock","10":"shipping-taxable","11":"purchasable","12":"product-type-simple"},"_links":{"self":[{"href":"https:\/\/nordicmart.andreevmaster.com\/fi\/wp-json\/wp\/v2\/product\/35429","targetHints":{"allow":["GET"]}}],"collection":[{"href":"https:\/\/nordicmart.andreevmaster.com\/fi\/wp-json\/wp\/v2\/product"}],"about":[{"href":"https:\/\/nordicmart.andreevmaster.com\/fi\/wp-json\/wp\/v2\/types\/product"}],"replies":[{"embeddable":true,"href":"https:\/\/nordicmart.andreevmaster.com\/fi\/wp-json\/wp\/v2\/comments?post=35429"}],"wp:featuredmedia":[{"embeddable":true,"href":"https:\/\/nordicmart.andreevmaster.com\/fi\/wp-json\/wp\/v2\/media\/44009"}],"wp:attachment":[{"href":"https:\/\/nordicmart.andreevmaster.com\/fi\/wp-json\/wp\/v2\/media?parent=35429"}],"wp:term":[{"taxonomy":"product_brand","embeddable":true,"href":"https:\/\/nordicmart.andreevmaster.com\/fi\/wp-json\/wp\/v2\/product_brand?post=35429"},{"taxonomy":"product_cat","embeddable":true,"href":"https:\/\/nordicmart.andreevmaster.com\/fi\/wp-json\/wp\/v2\/product_cat?post=35429"},{"taxonomy":"product_tag","embeddable":true,"href":"https:\/\/nordicmart.andreevmaster.com\/fi\/wp-json\/wp\/v2\/product_tag?post=35429"}],"curies":[{"name":"wp","href":"https:\/\/api.w.org\/{rel}","templated":true}]}}