{"id":35426,"date":"2026-02-27T00:29:54","date_gmt":"2026-02-27T00:29:54","guid":{"rendered":"https:\/\/nordicmart.andreevmaster.com\/product\/songmics-keittioroskakori-kahdella-lokerolla-ja-pehmeasti-sulkeutuvalla-teraskannella\/"},"modified":"2026-02-27T09:48:32","modified_gmt":"2026-02-27T09:48:32","slug":"songmics-keittioroskakori-kahdella-lokerolla-ja-pehmeasti-sulkeutuvalla-teraskannella","status":"publish","type":"product","link":"https:\/\/nordicmart.andreevmaster.com\/fi\/tuote\/songmics-keittioroskakori-kahdella-lokerolla-ja-pehmeasti-sulkeutuvalla-teraskannella\/","title":{"rendered":"SONGMICS keitti\u00f6roskakori kahdella lokerolla ja pehme\u00e4sti sulkeutuvalla ter\u00e4skannella"},"content":{"rendered":"<p>SONGMICS Keitti\u00f6n roskakori, 2 x 30 litraa, 2 lokeroa, roskakori, poljettava roskakori, keitti\u00f6n roskakori pehme\u00e4sti sulkeutuvalla kannella ja sis\u00e4korilla, ter\u00e4s, sis\u00e4lt\u00e4\u00e4 15 roskapussia, musta LTB741B02<br \/>\nV\u00e4ri: musta<br \/>\nMateriaali: ter\u00e4s, PP-muovi<br \/>\nKoko (jalkapolkimella): 47,6 x 37,7 x 66,9 cm (P x L x K)<br \/>\nKokonaiskorkeus (kansi auki): 99,1 cm<br \/>\nSis\u00e4astian koko: 27,8 x 21,6 x 62,5 cm (P x L x K)<br \/>\nJalkapolkimen koko: 11,5 x 4,8 cm (P x L)<br \/>\nTilavuus: 2 x 30 litraa<br \/>\nPaino: 7,4 kg<\/p>\n","protected":false},"excerpt":{"rendered":"<p>SONGMICS Keitti\u00f6n roskakori, 2 x 30 litraa, 2 lokeroa, roskakori, poljettava roskakori, keitti\u00f6n roskakori pehme\u00e4sti sulkeutuvalla kannella ja sis\u00e4korilla, ter\u00e4s, sis\u00e4lt\u00e4\u00e4 15 roskapussia, musta LTB741B02<\/p>\n","protected":false},"featured_media":44006,"comment_status":"open","ping_status":"closed","template":"","meta":[],"product_brand":[],"product_cat":[32],"product_tag":[],"class_list":{"0":"post-35426","1":"product","2":"type-product","3":"status-publish","4":"has-post-thumbnail","6":"product_cat-uncategorized-fi","8":"first","9":"instock","10":"shipping-taxable","11":"purchasable","12":"product-type-simple"},"_links":{"self":[{"href":"https:\/\/nordicmart.andreevmaster.com\/fi\/wp-json\/wp\/v2\/product\/35426","targetHints":{"allow":["GET"]}}],"collection":[{"href":"https:\/\/nordicmart.andreevmaster.com\/fi\/wp-json\/wp\/v2\/product"}],"about":[{"href":"https:\/\/nordicmart.andreevmaster.com\/fi\/wp-json\/wp\/v2\/types\/product"}],"replies":[{"embeddable":true,"href":"https:\/\/nordicmart.andreevmaster.com\/fi\/wp-json\/wp\/v2\/comments?post=35426"}],"wp:featuredmedia":[{"embeddable":true,"href":"https:\/\/nordicmart.andreevmaster.com\/fi\/wp-json\/wp\/v2\/media\/44006"}],"wp:attachment":[{"href":"https:\/\/nordicmart.andreevmaster.com\/fi\/wp-json\/wp\/v2\/media?parent=35426"}],"wp:term":[{"taxonomy":"product_brand","embeddable":true,"href":"https:\/\/nordicmart.andreevmaster.com\/fi\/wp-json\/wp\/v2\/product_brand?post=35426"},{"taxonomy":"product_cat","embeddable":true,"href":"https:\/\/nordicmart.andreevmaster.com\/fi\/wp-json\/wp\/v2\/product_cat?post=35426"},{"taxonomy":"product_tag","embeddable":true,"href":"https:\/\/nordicmart.andreevmaster.com\/fi\/wp-json\/wp\/v2\/product_tag?post=35426"}],"curies":[{"name":"wp","href":"https:\/\/api.w.org\/{rel}","templated":true}]}}