{"id":35421,"date":"2026-02-27T00:29:53","date_gmt":"2026-02-27T00:29:53","guid":{"rendered":"https:\/\/nordicmart.andreevmaster.com\/product\/songmics-automaattinen-roskakori-sensorilla-ja-pehmeasti-sulkeutuvalla-teraskannella\/"},"modified":"2026-02-27T09:48:31","modified_gmt":"2026-02-27T09:48:31","slug":"songmics-automaattinen-roskakori-sensorilla-ja-pehmeasti-sulkeutuvalla-teraskannella","status":"publish","type":"product","link":"https:\/\/nordicmart.andreevmaster.com\/fi\/tuote\/songmics-automaattinen-roskakori-sensorilla-ja-pehmeasti-sulkeutuvalla-teraskannella\/","title":{"rendered":"SONGMICS Automaattinen roskakori sensorilla ja pehme\u00e4sti sulkeutuvalla ter\u00e4skannella"},"content":{"rendered":"<p>SONGMICS roskakori sensorilla, automaattinen roskakori 50 l, avautuu k\u00e4den liikkeell\u00e4 tai kosketuksella, pehme\u00e4sti sulkeutuva kansi, ter\u00e4s, sis\u00e4lt\u00e4\u00e4 15 roskapussia, musta LTB640B02<br \/>\nV\u00e4ri: musta<br \/>\nMateriaali: ter\u00e4s, PP-muovi<br \/>\nKoko: 42,5 x 27,1 x 58,7 cm (P x L x K)<br \/>\nKokonaiskorkeus (kansi auki): 85 cm<br \/>\nTilavuus: 50 l<br \/>\nPaino: 3,7 kg<\/p>\n","protected":false},"excerpt":{"rendered":"<p>SONGMICS roskakori sensorilla, automaattinen roskakori 50 l, avautuu k\u00e4den liikkeell\u00e4 tai kosketuksella, pehme\u00e4sti sulkeutuva kansi, ter\u00e4s, sis\u00e4lt\u00e4\u00e4 15 roskapussia, musta LTB640B02<\/p>\n","protected":false},"featured_media":44001,"comment_status":"open","ping_status":"closed","template":"","meta":[],"product_brand":[],"product_cat":[32],"product_tag":[],"class_list":{"0":"post-35421","1":"product","2":"type-product","3":"status-publish","4":"has-post-thumbnail","6":"product_cat-uncategorized-fi","8":"first","9":"instock","10":"shipping-taxable","11":"purchasable","12":"product-type-simple"},"_links":{"self":[{"href":"https:\/\/nordicmart.andreevmaster.com\/fi\/wp-json\/wp\/v2\/product\/35421","targetHints":{"allow":["GET"]}}],"collection":[{"href":"https:\/\/nordicmart.andreevmaster.com\/fi\/wp-json\/wp\/v2\/product"}],"about":[{"href":"https:\/\/nordicmart.andreevmaster.com\/fi\/wp-json\/wp\/v2\/types\/product"}],"replies":[{"embeddable":true,"href":"https:\/\/nordicmart.andreevmaster.com\/fi\/wp-json\/wp\/v2\/comments?post=35421"}],"wp:featuredmedia":[{"embeddable":true,"href":"https:\/\/nordicmart.andreevmaster.com\/fi\/wp-json\/wp\/v2\/media\/44001"}],"wp:attachment":[{"href":"https:\/\/nordicmart.andreevmaster.com\/fi\/wp-json\/wp\/v2\/media?parent=35421"}],"wp:term":[{"taxonomy":"product_brand","embeddable":true,"href":"https:\/\/nordicmart.andreevmaster.com\/fi\/wp-json\/wp\/v2\/product_brand?post=35421"},{"taxonomy":"product_cat","embeddable":true,"href":"https:\/\/nordicmart.andreevmaster.com\/fi\/wp-json\/wp\/v2\/product_cat?post=35421"},{"taxonomy":"product_tag","embeddable":true,"href":"https:\/\/nordicmart.andreevmaster.com\/fi\/wp-json\/wp\/v2\/product_tag?post=35421"}],"curies":[{"name":"wp","href":"https:\/\/api.w.org\/{rel}","templated":true}]}}