{"id":35418,"date":"2026-02-27T00:29:52","date_gmt":"2026-02-27T00:29:52","guid":{"rendered":"https:\/\/nordicmart.andreevmaster.com\/product\/songmics-liiketunnistimella-varustettu-roskakori-teras-musta\/"},"modified":"2026-02-27T09:48:31","modified_gmt":"2026-02-27T09:48:31","slug":"songmics-liiketunnistimella-varustettu-roskakori-teras-musta","status":"publish","type":"product","link":"https:\/\/nordicmart.andreevmaster.com\/fi\/tuote\/songmics-liiketunnistimella-varustettu-roskakori-teras-musta\/","title":{"rendered":"SONGMICS liiketunnistimella varustettu roskakori, ter\u00e4s, musta"},"content":{"rendered":"<p>SONGMICS liiketunnistimella varustettu roskakori, keitti\u00f6n roskakori 68 l, automaattinen, pehme\u00e4sti sulkeutuva kansi, auki-pit\u00e4v\u00e4 toiminto, ter\u00e4s, 15 roskapussia mukana<br \/>\nV\u00e4ri: musta<br \/>\nMateriaali: ter\u00e4s, PP-muovi<br \/>\nKoko: 41 x 29,5 x 67 cm (P x L x K)<br \/>\nKokonaiskorkeus (kansi auki): 90 cm<br \/>\nTilavuus: 68 litraa<br \/>\nPaino: 5 kg<\/p>\n","protected":false},"excerpt":{"rendered":"<p>SONGMICS liiketunnistimella varustettu roskakori, keitti\u00f6n roskakori 68 l, automaattinen, pehme\u00e4sti sulkeutuva kansi, auki-pit\u00e4v\u00e4 toiminto, ter\u00e4s, 15 roskapussia mukana<\/p>\n","protected":false},"featured_media":43998,"comment_status":"open","ping_status":"closed","template":"","meta":[],"product_brand":[],"product_cat":[32],"product_tag":[],"class_list":{"0":"post-35418","1":"product","2":"type-product","3":"status-publish","4":"has-post-thumbnail","6":"product_cat-uncategorized-fi","8":"first","9":"instock","10":"shipping-taxable","11":"purchasable","12":"product-type-simple"},"_links":{"self":[{"href":"https:\/\/nordicmart.andreevmaster.com\/fi\/wp-json\/wp\/v2\/product\/35418","targetHints":{"allow":["GET"]}}],"collection":[{"href":"https:\/\/nordicmart.andreevmaster.com\/fi\/wp-json\/wp\/v2\/product"}],"about":[{"href":"https:\/\/nordicmart.andreevmaster.com\/fi\/wp-json\/wp\/v2\/types\/product"}],"replies":[{"embeddable":true,"href":"https:\/\/nordicmart.andreevmaster.com\/fi\/wp-json\/wp\/v2\/comments?post=35418"}],"wp:featuredmedia":[{"embeddable":true,"href":"https:\/\/nordicmart.andreevmaster.com\/fi\/wp-json\/wp\/v2\/media\/43998"}],"wp:attachment":[{"href":"https:\/\/nordicmart.andreevmaster.com\/fi\/wp-json\/wp\/v2\/media?parent=35418"}],"wp:term":[{"taxonomy":"product_brand","embeddable":true,"href":"https:\/\/nordicmart.andreevmaster.com\/fi\/wp-json\/wp\/v2\/product_brand?post=35418"},{"taxonomy":"product_cat","embeddable":true,"href":"https:\/\/nordicmart.andreevmaster.com\/fi\/wp-json\/wp\/v2\/product_cat?post=35418"},{"taxonomy":"product_tag","embeddable":true,"href":"https:\/\/nordicmart.andreevmaster.com\/fi\/wp-json\/wp\/v2\/product_tag?post=35418"}],"curies":[{"name":"wp","href":"https:\/\/api.w.org\/{rel}","templated":true}]}}