{"id":35416,"date":"2026-02-27T00:29:51","date_gmt":"2026-02-27T00:29:51","guid":{"rendered":"https:\/\/nordicmart.andreevmaster.com\/product\/songmics-liiketunnistimella-varustettu-roskakori-keittioon-50-l-hopea\/"},"modified":"2026-02-27T09:48:30","modified_gmt":"2026-02-27T09:48:30","slug":"songmics-liiketunnistimella-varustettu-roskakori-keittioon-50-l-hopea","status":"publish","type":"product","link":"https:\/\/nordicmart.andreevmaster.com\/fi\/tuote\/songmics-liiketunnistimella-varustettu-roskakori-keittioon-50-l-hopea\/","title":{"rendered":"SONGMICS liiketunnistimella varustettu roskakori keitti\u00f6\u00f6n 50 l hopea"},"content":{"rendered":"<p>SONGMICS liiketunnistimella varustettu roskakori, automaattinen 50 litran keitti\u00f6roskakori, moniv\u00e4rinen merkkivalo, hajunpoisto otsonilla, kansi, jossa on auki-pit\u00e4v\u00e4 toiminto<br \/>\nV\u00e4ri: hopea<br \/>\nMateriaali: Ulkokuori ter\u00e4st\u00e4, kansi ABS-muovia<br \/>\nKoko: 30 x 30 x 74,6 cm (P x L x K)<br \/>\nKokonaiskorkeus (kansi auki): 98 cm<br \/>\nTilavuus: 50 litraa<br \/>\nPaino: 3,5 kg<\/p>\n","protected":false},"excerpt":{"rendered":"<p>SONGMICS liiketunnistimella varustettu roskakori, automaattinen 50 litran keitti\u00f6roskakori, moniv\u00e4rinen merkkivalo, hajunpoisto otsonilla, kansi, jossa on auki-pit\u00e4v\u00e4 toiminto<\/p>\n","protected":false},"featured_media":43996,"comment_status":"open","ping_status":"closed","template":"","meta":[],"product_brand":[],"product_cat":[32],"product_tag":[],"class_list":{"0":"post-35416","1":"product","2":"type-product","3":"status-publish","4":"has-post-thumbnail","6":"product_cat-uncategorized-fi","8":"first","9":"instock","10":"shipping-taxable","11":"purchasable","12":"product-type-simple"},"_links":{"self":[{"href":"https:\/\/nordicmart.andreevmaster.com\/fi\/wp-json\/wp\/v2\/product\/35416","targetHints":{"allow":["GET"]}}],"collection":[{"href":"https:\/\/nordicmart.andreevmaster.com\/fi\/wp-json\/wp\/v2\/product"}],"about":[{"href":"https:\/\/nordicmart.andreevmaster.com\/fi\/wp-json\/wp\/v2\/types\/product"}],"replies":[{"embeddable":true,"href":"https:\/\/nordicmart.andreevmaster.com\/fi\/wp-json\/wp\/v2\/comments?post=35416"}],"wp:featuredmedia":[{"embeddable":true,"href":"https:\/\/nordicmart.andreevmaster.com\/fi\/wp-json\/wp\/v2\/media\/43996"}],"wp:attachment":[{"href":"https:\/\/nordicmart.andreevmaster.com\/fi\/wp-json\/wp\/v2\/media?parent=35416"}],"wp:term":[{"taxonomy":"product_brand","embeddable":true,"href":"https:\/\/nordicmart.andreevmaster.com\/fi\/wp-json\/wp\/v2\/product_brand?post=35416"},{"taxonomy":"product_cat","embeddable":true,"href":"https:\/\/nordicmart.andreevmaster.com\/fi\/wp-json\/wp\/v2\/product_cat?post=35416"},{"taxonomy":"product_tag","embeddable":true,"href":"https:\/\/nordicmart.andreevmaster.com\/fi\/wp-json\/wp\/v2\/product_tag?post=35416"}],"curies":[{"name":"wp","href":"https:\/\/api.w.org\/{rel}","templated":true}]}}