{"id":35414,"date":"2026-02-27T00:29:51","date_gmt":"2026-02-27T00:29:51","guid":{"rendered":"https:\/\/nordicmart.andreevmaster.com\/product\/songmics-roskakori-50-litraa-sensori-ruostumaton-teras-hopea\/"},"modified":"2026-02-27T09:48:30","modified_gmt":"2026-02-27T09:48:30","slug":"songmics-roskakori-50-litraa-sensori-ruostumaton-teras-hopea","status":"publish","type":"product","link":"https:\/\/nordicmart.andreevmaster.com\/fi\/tuote\/songmics-roskakori-50-litraa-sensori-ruostumaton-teras-hopea\/","title":{"rendered":"SONGMICS roskakori 50 litraa, sensori, ruostumaton ter\u00e4s, hopea"},"content":{"rendered":"<p>SONGMICS roskakori keitti\u00f6\u00f6n 50 litraa, roskakori sensorilla, automaattinen, kosketukseton, pehme\u00e4sti sulkeutuvalla kannella, kiinnitysrengas roskas\u00e4keille, ruostumatonta ter\u00e4st\u00e4, 15 roskas\u00e4kki\u00e4 mukana, hopea LTB610E50<\/p>\n","protected":false},"excerpt":{"rendered":"<p>SONGMICS roskakori keitti\u00f6\u00f6n 50 litraa, roskakori sensorilla, automaattinen, kosketukseton, pehme\u00e4sti sulkeutuvalla kannella, kiinnitysrengas roskas\u00e4keille, ruostumatonta ter\u00e4st\u00e4, 15 roskas\u00e4kki\u00e4 mukana, hopea LTB610E50<\/p>\n","protected":false},"featured_media":43994,"comment_status":"open","ping_status":"closed","template":"","meta":[],"product_brand":[],"product_cat":[32],"product_tag":[],"class_list":{"0":"post-35414","1":"product","2":"type-product","3":"status-publish","4":"has-post-thumbnail","6":"product_cat-uncategorized-fi","8":"first","9":"instock","10":"shipping-taxable","11":"purchasable","12":"product-type-simple"},"_links":{"self":[{"href":"https:\/\/nordicmart.andreevmaster.com\/fi\/wp-json\/wp\/v2\/product\/35414","targetHints":{"allow":["GET"]}}],"collection":[{"href":"https:\/\/nordicmart.andreevmaster.com\/fi\/wp-json\/wp\/v2\/product"}],"about":[{"href":"https:\/\/nordicmart.andreevmaster.com\/fi\/wp-json\/wp\/v2\/types\/product"}],"replies":[{"embeddable":true,"href":"https:\/\/nordicmart.andreevmaster.com\/fi\/wp-json\/wp\/v2\/comments?post=35414"}],"wp:featuredmedia":[{"embeddable":true,"href":"https:\/\/nordicmart.andreevmaster.com\/fi\/wp-json\/wp\/v2\/media\/43994"}],"wp:attachment":[{"href":"https:\/\/nordicmart.andreevmaster.com\/fi\/wp-json\/wp\/v2\/media?parent=35414"}],"wp:term":[{"taxonomy":"product_brand","embeddable":true,"href":"https:\/\/nordicmart.andreevmaster.com\/fi\/wp-json\/wp\/v2\/product_brand?post=35414"},{"taxonomy":"product_cat","embeddable":true,"href":"https:\/\/nordicmart.andreevmaster.com\/fi\/wp-json\/wp\/v2\/product_cat?post=35414"},{"taxonomy":"product_tag","embeddable":true,"href":"https:\/\/nordicmart.andreevmaster.com\/fi\/wp-json\/wp\/v2\/product_tag?post=35414"}],"curies":[{"name":"wp","href":"https:\/\/api.w.org\/{rel}","templated":true}]}}