{"id":35412,"date":"2026-02-27T00:29:50","date_gmt":"2026-02-27T00:29:50","guid":{"rendered":"https:\/\/nordicmart.andreevmaster.com\/product\/songmics-jateastia-60-litraa-2-x-30-l\/"},"modified":"2026-02-27T09:48:29","modified_gmt":"2026-02-27T09:48:29","slug":"songmics-jateastia-60-litraa-2-x-30-l","status":"publish","type":"product","link":"https:\/\/nordicmart.andreevmaster.com\/fi\/tuote\/songmics-jateastia-60-litraa-2-x-30-l\/","title":{"rendered":"SONGMICS J\u00e4teastia 60 litraa (2 x 30 l)"},"content":{"rendered":"<p>Lajittele kotitalousj\u00e4tteesi SONGMICS-roskakori, jossa on 2 erillist\u00e4 lokeroa, on t\u00e4ydellinen ratkaisu p\u00e4ivitt\u00e4in syntyv\u00e4n j\u00e4tteen lajitteluun, kuten esimerkiksi j\u00e4\u00e4nn\u00f6sj\u00e4tteeseen, bioj\u00e4tteeseen jne. Mukava k\u00e4ytt\u00e4\u00e4 ja sulkeutuu hiljaisesti Paina vain jalkapoljinta ja avaa kansi, vaikka sinulla olisi molemmat k\u00e4det t\u00e4ynn\u00e4. Heit\u00e4 sitten roskat vastaavaan sis\u00e4astiaan. Kun vapautat jalkapoljinta, kansi sulkeutuu hitaasti ja hiljaisesti. N\u00e4in kotisi rauhallinen ilmapiiri ei h\u00e4iriinny. Sopii yhteen muiden huonekalujen kanssa Ulkopuolinen s\u00e4ili\u00f6 on valmistettu ruostumattomasta ter\u00e4ksest\u00e4. Laadukkaan materiaalin pinta ei j\u00e4t\u00e4 sormenj\u00e4lki\u00e4. Yksinkertaisen ulkon\u00e4k\u00f6ns\u00e4 ansiosta roskakori sopii mihin tahansa kotiin ja varmistaa samalla hygienian. Roskakorien ei tarvitse aina n\u00e4ytt\u00e4\u00e4 tylsilt\u00e4. Ne voivat my\u00f6s olla todella tyylikk\u00e4it\u00e4. Elegantti hopeanv\u00e4rinen, mattapintainen ja kapea muoto tekev\u00e4t SONGMICS-roskakorista kodin katseenvangitsijan! Tuotetiedot: V\u00e4ri: hopeanmusta Materiaali: ter\u00e4s, PP-muovi (sis\u00e4astia), ABS-muovi (kansi) Koko: 58,6 x 32 x 65 cm (P x L x K) Sis\u00e4astian koko: 27 x 27 x 58,5 cm (P x L x K) Kokonaiskorkeus (kansi auki): 94 cm Paino: 10,5 kg Toimitus sis\u00e4lt\u00e4\u00e4: 1 x roskakori 15 x roskapussi SONGMICS-ohjeet: Puhdista tuote pyyhkim\u00e4ll\u00e4 se pehme\u00e4ll\u00e4, kostealla liinalla ja k\u00e4yt\u00e4 tarvittaessa mietoa puhdistusainetta.<\/p>\n","protected":false},"excerpt":{"rendered":"<p>SONGMICS roskakori, j\u00e4tteiden lajitteluj\u00e4rjestelm\u00e4, 2 muovista sis\u00e4astiaa, 2 x 30 l poljettava roskakori, roskakori jalkapolkimella, kahvoilla, hopea LTB60NL<\/p>\n","protected":false},"featured_media":43992,"comment_status":"open","ping_status":"closed","template":"","meta":[],"product_brand":[],"product_cat":[32],"product_tag":[],"class_list":{"0":"post-35412","1":"product","2":"type-product","3":"status-publish","4":"has-post-thumbnail","6":"product_cat-uncategorized-fi","8":"first","9":"instock","10":"shipping-taxable","11":"purchasable","12":"product-type-simple"},"_links":{"self":[{"href":"https:\/\/nordicmart.andreevmaster.com\/fi\/wp-json\/wp\/v2\/product\/35412","targetHints":{"allow":["GET"]}}],"collection":[{"href":"https:\/\/nordicmart.andreevmaster.com\/fi\/wp-json\/wp\/v2\/product"}],"about":[{"href":"https:\/\/nordicmart.andreevmaster.com\/fi\/wp-json\/wp\/v2\/types\/product"}],"replies":[{"embeddable":true,"href":"https:\/\/nordicmart.andreevmaster.com\/fi\/wp-json\/wp\/v2\/comments?post=35412"}],"wp:featuredmedia":[{"embeddable":true,"href":"https:\/\/nordicmart.andreevmaster.com\/fi\/wp-json\/wp\/v2\/media\/43992"}],"wp:attachment":[{"href":"https:\/\/nordicmart.andreevmaster.com\/fi\/wp-json\/wp\/v2\/media?parent=35412"}],"wp:term":[{"taxonomy":"product_brand","embeddable":true,"href":"https:\/\/nordicmart.andreevmaster.com\/fi\/wp-json\/wp\/v2\/product_brand?post=35412"},{"taxonomy":"product_cat","embeddable":true,"href":"https:\/\/nordicmart.andreevmaster.com\/fi\/wp-json\/wp\/v2\/product_cat?post=35412"},{"taxonomy":"product_tag","embeddable":true,"href":"https:\/\/nordicmart.andreevmaster.com\/fi\/wp-json\/wp\/v2\/product_tag?post=35412"}],"curies":[{"name":"wp","href":"https:\/\/api.w.org\/{rel}","templated":true}]}}