{"id":35411,"date":"2026-02-27T00:29:50","date_gmt":"2026-02-27T00:29:50","guid":{"rendered":"https:\/\/nordicmart.andreevmaster.com\/product\/songmics-roskakori-60-litraa-2-x-30-l-harmaa\/"},"modified":"2026-02-27T09:48:29","modified_gmt":"2026-02-27T09:48:29","slug":"songmics-roskakori-60-litraa-2-x-30-l-harmaa","status":"publish","type":"product","link":"https:\/\/nordicmart.andreevmaster.com\/fi\/tuote\/songmics-roskakori-60-litraa-2-x-30-l-harmaa\/","title":{"rendered":"SONGMICS roskakori 60 litraa (2 x 30 l) harmaa"},"content":{"rendered":"<p>Kierr\u00e4tt\u00e4minen voi olla helppoa T\u00e4m\u00e4n 2 erillisen osaston poljinkorin avulla voit lajitella j\u00e4tteesi, esim. sekaj\u00e4tteet ja bioj\u00e4tteet, helposti. Sinun tarvitsee vain painaa poljinta ja heitt\u00e4\u00e4 j\u00e4tteet sis\u00e4korin sis\u00e4\u00e4n. Sinun ei tarvitse edes koskettaa roskakoria k\u00e4sin, mik\u00e4 takaa hygienian. &#8221;Koiranpentu- ja lapsiturvallinen&#8221; roskakori Kaiveleeko koirasi usein roskakoria? Kurottavatko lapsesi usein avoimeen roskakoriin? Jos n\u00e4in on, haluat varmasti lopettaa t\u00e4m\u00e4n. T\u00e4ss\u00e4 tulee poljettava roskakori! Kansi avautuu vasta, kun painat poljinta. Tuotetiedot: &#8211; V\u00e4ri: savuharmaa &#8211; Materiaali: jauhemaalattu ter\u00e4s, PP-muovi (sis\u00e4astia), ABS-muovi (kansi) &#8211; Koko: 58,6 x 32 x 65 cm (P x L x K) &#8211; Sis\u00e4astian koko: 27 x 27 x 58,5 cm (P x L x K) &#8211; Kokonaiskorkeus (kansi auki): 94 cm &#8211; Paino: 9,1 kg Toimitus sis\u00e4lt\u00e4\u00e4: &#8211; 1 x roskakori SONGMICS-ohjeet: &#8211; Pyyhi tuote puhtaaksi pehme\u00e4ll\u00e4, kostealla liinalla ja k\u00e4yt\u00e4 tarvittaessa mietoa puhdistusainetta.<\/p>\n","protected":false},"excerpt":{"rendered":"<p>SONGMICS roskakori, j\u00e4tteiden lajitteluj\u00e4rjestelm\u00e4, 2 muovista sis\u00e4astiaa, 2 x 30 l poljettava roskakori, roskakori jalkapolkimella, kahvoilla, hopea LTB60NL<\/p>\n","protected":false},"featured_media":46664,"comment_status":"open","ping_status":"closed","template":"","meta":[],"product_brand":[],"product_cat":[32],"product_tag":[],"class_list":{"0":"post-35411","1":"product","2":"type-product","3":"status-publish","4":"has-post-thumbnail","6":"product_cat-uncategorized-fi","8":"first","9":"instock","10":"shipping-taxable","11":"purchasable","12":"product-type-simple"},"_links":{"self":[{"href":"https:\/\/nordicmart.andreevmaster.com\/fi\/wp-json\/wp\/v2\/product\/35411","targetHints":{"allow":["GET"]}}],"collection":[{"href":"https:\/\/nordicmart.andreevmaster.com\/fi\/wp-json\/wp\/v2\/product"}],"about":[{"href":"https:\/\/nordicmart.andreevmaster.com\/fi\/wp-json\/wp\/v2\/types\/product"}],"replies":[{"embeddable":true,"href":"https:\/\/nordicmart.andreevmaster.com\/fi\/wp-json\/wp\/v2\/comments?post=35411"}],"wp:featuredmedia":[{"embeddable":true,"href":"https:\/\/nordicmart.andreevmaster.com\/fi\/wp-json\/wp\/v2\/media\/46664"}],"wp:attachment":[{"href":"https:\/\/nordicmart.andreevmaster.com\/fi\/wp-json\/wp\/v2\/media?parent=35411"}],"wp:term":[{"taxonomy":"product_brand","embeddable":true,"href":"https:\/\/nordicmart.andreevmaster.com\/fi\/wp-json\/wp\/v2\/product_brand?post=35411"},{"taxonomy":"product_cat","embeddable":true,"href":"https:\/\/nordicmart.andreevmaster.com\/fi\/wp-json\/wp\/v2\/product_cat?post=35411"},{"taxonomy":"product_tag","embeddable":true,"href":"https:\/\/nordicmart.andreevmaster.com\/fi\/wp-json\/wp\/v2\/product_tag?post=35411"}],"curies":[{"name":"wp","href":"https:\/\/api.w.org\/{rel}","templated":true}]}}