{"id":35409,"date":"2026-02-27T00:29:50","date_gmt":"2026-02-27T00:29:50","guid":{"rendered":"https:\/\/nordicmart.andreevmaster.com\/product\/songmics-50-litran-roskakori-kannella-ja-kahvoilla-musta\/"},"modified":"2026-02-27T09:48:29","modified_gmt":"2026-02-27T09:48:29","slug":"songmics-50-litran-roskakori-kannella-ja-kahvoilla-musta","status":"publish","type":"product","link":"https:\/\/nordicmart.andreevmaster.com\/fi\/tuote\/songmics-50-litran-roskakori-kannella-ja-kahvoilla-musta\/","title":{"rendered":"SONGMICS 50 litran roskakori kannella ja kahvoilla, musta"},"content":{"rendered":"<p>SONGMICS roskakori 50 l, 15 roskapussia, ter\u00e4s, irrotettava muovinen sis\u00e4kori, kansi, kahvat, pehme\u00e4 sulkeutuminen, musta LTB595B02<br \/>\nV\u00e4ri: musta<br \/>\nMateriaali: roskakori ter\u00e4st\u00e4, sis\u00e4kori PP-muovia, kansi ABS-muovia<br \/>\nKoko (polkimella): 41,6 x 37,2 x 64,7 cm (P x L x K)<br \/>\nKokonaiskorkeus (kansi auki): 93,4 cm<br \/>\nSis\u00e4astian koko: 37,8 x 26,1 x 61 cm (P x L x K)<br \/>\nJalkapolkimen koko: 22 x 4,4 cm (P x L)<br \/>\nTilavuus: 50 l<br \/>\nPaino: 6,4 kg<\/p>\n","protected":false},"excerpt":{"rendered":"<p>SONGMICS roskakori 50 l, 15 roskapussia, ter\u00e4s, irrotettava muovinen sis\u00e4kori, kansi, kahvat, pehme\u00e4 sulkeutuminen, musta LTB595B02<\/p>\n","protected":false},"featured_media":43990,"comment_status":"open","ping_status":"closed","template":"","meta":[],"product_brand":[],"product_cat":[32],"product_tag":[],"class_list":{"0":"post-35409","1":"product","2":"type-product","3":"status-publish","4":"has-post-thumbnail","6":"product_cat-uncategorized-fi","8":"first","9":"instock","10":"shipping-taxable","11":"purchasable","12":"product-type-simple"},"_links":{"self":[{"href":"https:\/\/nordicmart.andreevmaster.com\/fi\/wp-json\/wp\/v2\/product\/35409","targetHints":{"allow":["GET"]}}],"collection":[{"href":"https:\/\/nordicmart.andreevmaster.com\/fi\/wp-json\/wp\/v2\/product"}],"about":[{"href":"https:\/\/nordicmart.andreevmaster.com\/fi\/wp-json\/wp\/v2\/types\/product"}],"replies":[{"embeddable":true,"href":"https:\/\/nordicmart.andreevmaster.com\/fi\/wp-json\/wp\/v2\/comments?post=35409"}],"wp:featuredmedia":[{"embeddable":true,"href":"https:\/\/nordicmart.andreevmaster.com\/fi\/wp-json\/wp\/v2\/media\/43990"}],"wp:attachment":[{"href":"https:\/\/nordicmart.andreevmaster.com\/fi\/wp-json\/wp\/v2\/media?parent=35409"}],"wp:term":[{"taxonomy":"product_brand","embeddable":true,"href":"https:\/\/nordicmart.andreevmaster.com\/fi\/wp-json\/wp\/v2\/product_brand?post=35409"},{"taxonomy":"product_cat","embeddable":true,"href":"https:\/\/nordicmart.andreevmaster.com\/fi\/wp-json\/wp\/v2\/product_cat?post=35409"},{"taxonomy":"product_tag","embeddable":true,"href":"https:\/\/nordicmart.andreevmaster.com\/fi\/wp-json\/wp\/v2\/product_tag?post=35409"}],"curies":[{"name":"wp","href":"https:\/\/api.w.org\/{rel}","templated":true}]}}