{"id":35408,"date":"2026-02-27T00:29:49","date_gmt":"2026-02-27T00:29:49","guid":{"rendered":"https:\/\/nordicmart.andreevmaster.com\/product\/songmics-roskakori-50-l-kansi-ja-kahvat-kermanvarinen\/"},"modified":"2026-02-27T09:48:29","modified_gmt":"2026-02-27T09:48:29","slug":"songmics-roskakori-50-l-kansi-ja-kahvat-kermanvarinen","status":"publish","type":"product","link":"https:\/\/nordicmart.andreevmaster.com\/fi\/tuote\/songmics-roskakori-50-l-kansi-ja-kahvat-kermanvarinen\/","title":{"rendered":"SONGMICS roskakori 50 l, kansi ja kahvat, kermanv\u00e4rinen"},"content":{"rendered":"<p>SONGMICS roskakori 50 l, 15 roskapussia, ter\u00e4s, irrotettava muovinen sis\u00e4kori, kansi, kahvat, pehme\u00e4 sulkeutuminen, musta LTB595B02<br \/>\nV\u00e4ri: kermanv\u00e4rinen<br \/>\nMateriaali: ter\u00e4ksinen roskakori, PP-muovinen sis\u00e4kori, ABS-muovinen kansi<br \/>\nKoko (polkimella): 41,6 x 37,2 x 64,7 cm (P x L x K)<br \/>\nKokonaiskorkeus (kansi auki): 93,4 cm<br \/>\nSis\u00e4astian koko: 37,8 x 26,1 x 61 cm (P x L x K)<br \/>\nJalkapolkimen koko: 22 x 4,4 cm (P x L)<br \/>\nTilavuus: 50 l<br \/>\nPaino: 6,4 kg<\/p>\n","protected":false},"excerpt":{"rendered":"<p>SONGMICS roskakori 50 l, 15 roskapussia, ter\u00e4s, irrotettava muovinen sis\u00e4kori, kansi, kahvat, pehme\u00e4 sulkeutuminen, musta LTB595B02<\/p>\n","protected":false},"featured_media":43989,"comment_status":"open","ping_status":"closed","template":"","meta":[],"product_brand":[],"product_cat":[32],"product_tag":[],"class_list":{"0":"post-35408","1":"product","2":"type-product","3":"status-publish","4":"has-post-thumbnail","6":"product_cat-uncategorized-fi","8":"first","9":"instock","10":"shipping-taxable","11":"purchasable","12":"product-type-simple"},"_links":{"self":[{"href":"https:\/\/nordicmart.andreevmaster.com\/fi\/wp-json\/wp\/v2\/product\/35408","targetHints":{"allow":["GET"]}}],"collection":[{"href":"https:\/\/nordicmart.andreevmaster.com\/fi\/wp-json\/wp\/v2\/product"}],"about":[{"href":"https:\/\/nordicmart.andreevmaster.com\/fi\/wp-json\/wp\/v2\/types\/product"}],"replies":[{"embeddable":true,"href":"https:\/\/nordicmart.andreevmaster.com\/fi\/wp-json\/wp\/v2\/comments?post=35408"}],"wp:featuredmedia":[{"embeddable":true,"href":"https:\/\/nordicmart.andreevmaster.com\/fi\/wp-json\/wp\/v2\/media\/43989"}],"wp:attachment":[{"href":"https:\/\/nordicmart.andreevmaster.com\/fi\/wp-json\/wp\/v2\/media?parent=35408"}],"wp:term":[{"taxonomy":"product_brand","embeddable":true,"href":"https:\/\/nordicmart.andreevmaster.com\/fi\/wp-json\/wp\/v2\/product_brand?post=35408"},{"taxonomy":"product_cat","embeddable":true,"href":"https:\/\/nordicmart.andreevmaster.com\/fi\/wp-json\/wp\/v2\/product_cat?post=35408"},{"taxonomy":"product_tag","embeddable":true,"href":"https:\/\/nordicmart.andreevmaster.com\/fi\/wp-json\/wp\/v2\/product_tag?post=35408"}],"curies":[{"name":"wp","href":"https:\/\/api.w.org\/{rel}","templated":true}]}}