{"id":35399,"date":"2026-02-27T00:29:47","date_gmt":"2026-02-27T00:29:47","guid":{"rendered":"https:\/\/nordicmart.andreevmaster.com\/product\/songmics-20-litran-roskakori-teras-musta\/"},"modified":"2026-02-27T09:48:27","modified_gmt":"2026-02-27T09:48:27","slug":"songmics-20-litran-roskakori-teras-musta","status":"publish","type":"product","link":"https:\/\/nordicmart.andreevmaster.com\/fi\/tuote\/songmics-20-litran-roskakori-teras-musta\/","title":{"rendered":"SONGMICS 20 litran roskakori, ter\u00e4s, musta"},"content":{"rendered":"<p>SONGMICS roskakori keitti\u00f6\u00f6n, 20 litran roskakori, poljettava roskakori, ter\u00e4s, sis\u00e4astia, pehme\u00e4 sulkeutuminen, auki-pit\u00e4v\u00e4 toiminto, hiekanbeige LTB592A02<br \/>\nV\u00e4ri: musta<br \/>\nMateriaali: ter\u00e4s, PP-muovi<br \/>\nKoko: 34 x 28,5 x 40,4 cm (P x L x K)<br \/>\nKokonaiskorkeus (kansi auki): 67,8 cm<br \/>\nSis\u00e4astian koko: 28,5 x 28,3 x 35,5 cm (P x L x K)<br \/>\nTilavuus: 20 litraa<br \/>\nPaino: 2,5 kg<\/p>\n","protected":false},"excerpt":{"rendered":"<p>SONGMICS roskakori keitti\u00f6\u00f6n, 20 litran roskakori, poljettava roskakori, ter\u00e4s, sis\u00e4astia, pehme\u00e4 sulkeutuminen, auki-pit\u00e4v\u00e4 toiminto, hiekanbeige LTB592A02<\/p>\n","protected":false},"featured_media":43980,"comment_status":"open","ping_status":"closed","template":"","meta":[],"product_brand":[],"product_cat":[32],"product_tag":[],"class_list":{"0":"post-35399","1":"product","2":"type-product","3":"status-publish","4":"has-post-thumbnail","6":"product_cat-uncategorized-fi","8":"first","9":"instock","10":"shipping-taxable","11":"purchasable","12":"product-type-simple"},"_links":{"self":[{"href":"https:\/\/nordicmart.andreevmaster.com\/fi\/wp-json\/wp\/v2\/product\/35399","targetHints":{"allow":["GET"]}}],"collection":[{"href":"https:\/\/nordicmart.andreevmaster.com\/fi\/wp-json\/wp\/v2\/product"}],"about":[{"href":"https:\/\/nordicmart.andreevmaster.com\/fi\/wp-json\/wp\/v2\/types\/product"}],"replies":[{"embeddable":true,"href":"https:\/\/nordicmart.andreevmaster.com\/fi\/wp-json\/wp\/v2\/comments?post=35399"}],"wp:featuredmedia":[{"embeddable":true,"href":"https:\/\/nordicmart.andreevmaster.com\/fi\/wp-json\/wp\/v2\/media\/43980"}],"wp:attachment":[{"href":"https:\/\/nordicmart.andreevmaster.com\/fi\/wp-json\/wp\/v2\/media?parent=35399"}],"wp:term":[{"taxonomy":"product_brand","embeddable":true,"href":"https:\/\/nordicmart.andreevmaster.com\/fi\/wp-json\/wp\/v2\/product_brand?post=35399"},{"taxonomy":"product_cat","embeddable":true,"href":"https:\/\/nordicmart.andreevmaster.com\/fi\/wp-json\/wp\/v2\/product_cat?post=35399"},{"taxonomy":"product_tag","embeddable":true,"href":"https:\/\/nordicmart.andreevmaster.com\/fi\/wp-json\/wp\/v2\/product_tag?post=35399"}],"curies":[{"name":"wp","href":"https:\/\/api.w.org\/{rel}","templated":true}]}}