{"id":35391,"date":"2026-02-27T00:29:45","date_gmt":"2026-02-27T00:29:45","guid":{"rendered":"https:\/\/nordicmart.andreevmaster.com\/product\/songmics-kosmetiikkasailio-6-litraa-poljinnopea-teras-mintunvihrea\/"},"modified":"2026-02-27T09:48:25","modified_gmt":"2026-02-27T09:48:25","slug":"songmics-kosmetiikkasailio-6-litraa-poljinnopea-teras-mintunvihrea","status":"publish","type":"product","link":"https:\/\/nordicmart.andreevmaster.com\/fi\/tuote\/songmics-kosmetiikkasailio-6-litraa-poljinnopea-teras-mintunvihrea\/","title":{"rendered":"SONGMICS kosmetiikkas\u00e4ili\u00f6 6 litraa, poljinnopea, ter\u00e4s, mintunvihre\u00e4"},"content":{"rendered":"<p>SONGMICS kosmetiikkakori, 6 litraa, kylpyhuoneen roskakori, pieni roskakori, poljettava roskakori, polkimella, pieniin tiloihin, kannella, pehme\u00e4 sulkeutuminen, ter\u00e4s<br \/>\nV\u00e4ri: mintunvihre\u00e4<br \/>\nMateriaali: Ulkopakkaus ter\u00e4st\u00e4, sis\u00e4astia PP-muovia, pohja ABS-muovia<br \/>\nKoko: 23,9 x 19,3 x 25,5 cm (P x L x K)<br \/>\nKokonaiskorkeus (kansi auki): 44,5 cm<br \/>\nSis\u00e4astian koko: 19,3 x 19,1 x 21,3 cm (P x L x K)<br \/>\nTilavuus: 6 litraa<br \/>\nPaino: 0,8 kg<\/p>\n","protected":false},"excerpt":{"rendered":"<p>SONGMICS kosmetiikkakori, 6 litraa, kylpyhuoneen roskakori, pieni roskakori, poljettava roskakori, polkimella, pieniin tiloihin, kannella, pehme\u00e4 sulkeutuminen, ter\u00e4s<\/p>\n","protected":false},"featured_media":43972,"comment_status":"open","ping_status":"closed","template":"","meta":[],"product_brand":[],"product_cat":[32],"product_tag":[],"class_list":{"0":"post-35391","1":"product","2":"type-product","3":"status-publish","4":"has-post-thumbnail","6":"product_cat-uncategorized-fi","8":"first","9":"instock","10":"shipping-taxable","11":"purchasable","12":"product-type-simple"},"_links":{"self":[{"href":"https:\/\/nordicmart.andreevmaster.com\/fi\/wp-json\/wp\/v2\/product\/35391","targetHints":{"allow":["GET"]}}],"collection":[{"href":"https:\/\/nordicmart.andreevmaster.com\/fi\/wp-json\/wp\/v2\/product"}],"about":[{"href":"https:\/\/nordicmart.andreevmaster.com\/fi\/wp-json\/wp\/v2\/types\/product"}],"replies":[{"embeddable":true,"href":"https:\/\/nordicmart.andreevmaster.com\/fi\/wp-json\/wp\/v2\/comments?post=35391"}],"wp:featuredmedia":[{"embeddable":true,"href":"https:\/\/nordicmart.andreevmaster.com\/fi\/wp-json\/wp\/v2\/media\/43972"}],"wp:attachment":[{"href":"https:\/\/nordicmart.andreevmaster.com\/fi\/wp-json\/wp\/v2\/media?parent=35391"}],"wp:term":[{"taxonomy":"product_brand","embeddable":true,"href":"https:\/\/nordicmart.andreevmaster.com\/fi\/wp-json\/wp\/v2\/product_brand?post=35391"},{"taxonomy":"product_cat","embeddable":true,"href":"https:\/\/nordicmart.andreevmaster.com\/fi\/wp-json\/wp\/v2\/product_cat?post=35391"},{"taxonomy":"product_tag","embeddable":true,"href":"https:\/\/nordicmart.andreevmaster.com\/fi\/wp-json\/wp\/v2\/product_tag?post=35391"}],"curies":[{"name":"wp","href":"https:\/\/api.w.org\/{rel}","templated":true}]}}