{"id":35387,"date":"2026-02-27T00:29:44","date_gmt":"2026-02-27T00:29:44","guid":{"rendered":"https:\/\/nordicmart.andreevmaster.com\/product\/songmics-jateerottelujarjestelma-2-lokerolla-metallinen-hopea\/"},"modified":"2026-02-27T09:48:24","modified_gmt":"2026-02-27T09:48:24","slug":"songmics-jateerottelujarjestelma-2-lokerolla-metallinen-hopea","status":"publish","type":"product","link":"https:\/\/nordicmart.andreevmaster.com\/fi\/tuote\/songmics-jateerottelujarjestelma-2-lokerolla-metallinen-hopea\/","title":{"rendered":"SONGMICS J\u00e4teerotteluj\u00e4rjestelm\u00e4 2 lokerolla, metallinen hopea"},"content":{"rendered":"<p>SONGMICS Keitti\u00f6n roskakori, 2-osioinen j\u00e4tteiden lajitteluj\u00e4rjestelm\u00e4, 30 l ja 20 l, kapea roskakori, poljettava roskakori keltaiselle j\u00e4tteelle ja muulle j\u00e4tteelle, 2-osainen kansi, metallinen<br \/>\nV\u00e4ri: metallinen hopea<br \/>\nMateriaali: ter\u00e4s, sis\u00e4s\u00e4ili\u00f6 PP-muovia<br \/>\nKoko (jalkapolkimella): 49 x 29 x 64 cm (P x L x K)<br \/>\nKokonaiskorkeus (kansi auki): 77 cm<br \/>\n20 litran sis\u00e4astian koko: 25,6 x 17,8 x 60,5 cm (P x L x K)<br \/>\n30 litran sis\u00e4astian koko: 25,6 x 25 x 60,5 cm (P x L x K)<br \/>\nPaino: 7,3 kg<\/p>\n","protected":false},"excerpt":{"rendered":"<p>SONGMICS Keitti\u00f6n roskakori, 2-osioinen j\u00e4tteiden lajitteluj\u00e4rjestelm\u00e4, 30 l ja 20 l, kapea roskakori, poljettava roskakori keltaiselle j\u00e4tteelle ja muulle j\u00e4tteelle, 2-osainen kansi, metallinen<\/p>\n","protected":false},"featured_media":43968,"comment_status":"open","ping_status":"closed","template":"","meta":[],"product_brand":[],"product_cat":[32],"product_tag":[],"class_list":{"0":"post-35387","1":"product","2":"type-product","3":"status-publish","4":"has-post-thumbnail","6":"product_cat-uncategorized-fi","8":"first","9":"instock","10":"shipping-taxable","11":"purchasable","12":"product-type-simple"},"_links":{"self":[{"href":"https:\/\/nordicmart.andreevmaster.com\/fi\/wp-json\/wp\/v2\/product\/35387","targetHints":{"allow":["GET"]}}],"collection":[{"href":"https:\/\/nordicmart.andreevmaster.com\/fi\/wp-json\/wp\/v2\/product"}],"about":[{"href":"https:\/\/nordicmart.andreevmaster.com\/fi\/wp-json\/wp\/v2\/types\/product"}],"replies":[{"embeddable":true,"href":"https:\/\/nordicmart.andreevmaster.com\/fi\/wp-json\/wp\/v2\/comments?post=35387"}],"wp:featuredmedia":[{"embeddable":true,"href":"https:\/\/nordicmart.andreevmaster.com\/fi\/wp-json\/wp\/v2\/media\/43968"}],"wp:attachment":[{"href":"https:\/\/nordicmart.andreevmaster.com\/fi\/wp-json\/wp\/v2\/media?parent=35387"}],"wp:term":[{"taxonomy":"product_brand","embeddable":true,"href":"https:\/\/nordicmart.andreevmaster.com\/fi\/wp-json\/wp\/v2\/product_brand?post=35387"},{"taxonomy":"product_cat","embeddable":true,"href":"https:\/\/nordicmart.andreevmaster.com\/fi\/wp-json\/wp\/v2\/product_cat?post=35387"},{"taxonomy":"product_tag","embeddable":true,"href":"https:\/\/nordicmart.andreevmaster.com\/fi\/wp-json\/wp\/v2\/product_tag?post=35387"}],"curies":[{"name":"wp","href":"https:\/\/api.w.org\/{rel}","templated":true}]}}