{"id":35385,"date":"2026-02-27T00:29:43","date_gmt":"2026-02-27T00:29:43","guid":{"rendered":"https:\/\/nordicmart.andreevmaster.com\/product\/songmics-kosmetiikkakori-10-litraa-kansi-pilvinen-valkoinen\/"},"modified":"2026-02-27T09:48:24","modified_gmt":"2026-02-27T09:48:24","slug":"songmics-kosmetiikkakori-10-litraa-kansi-pilvinen-valkoinen","status":"publish","type":"product","link":"https:\/\/nordicmart.andreevmaster.com\/fi\/tuote\/songmics-kosmetiikkakori-10-litraa-kansi-pilvinen-valkoinen\/","title":{"rendered":"SONGMICS kosmetiikkakori 10 litraa, kansi, pilvinen valkoinen"},"content":{"rendered":"<p>SONGMICS kosmetiikkakori, 10 litraa, kylpyhuoneen roskakori, kannella, poljettava roskakori, pieni roskakori, kapea pieniin tiloihin, ter\u00e4s, pehme\u00e4 sulkeutuminen, musta LTB562B01<br \/>\nV\u00e4ri: pilvinen valkoinen<br \/>\nMateriaali: Ulkopakkaus ter\u00e4st\u00e4, sis\u00e4astia PP-muovia<br \/>\nKoko: 33,5 x 16,8 x 34,5 cm (P x L x K)<br \/>\nKokonaiskorkeus (kansi auki): 61 cm<br \/>\nSis\u00e4astian koko: 25,8 x 16 x 27,7 cm (P x L x K)<br \/>\nTilavuus: 10 litraa<br \/>\nPaino: 2,1 kg<\/p>\n","protected":false},"excerpt":{"rendered":"<p>SONGMICS kosmetiikkakori, 10 litraa, kylpyhuoneen roskakori, kannella, poljettava roskakori, pieni roskakori, kapea pieniin tiloihin, ter\u00e4s, pehme\u00e4 sulkeutuminen, musta LTB562B01<\/p>\n","protected":false},"featured_media":43966,"comment_status":"open","ping_status":"closed","template":"","meta":[],"product_brand":[],"product_cat":[32],"product_tag":[],"class_list":{"0":"post-35385","1":"product","2":"type-product","3":"status-publish","4":"has-post-thumbnail","6":"product_cat-uncategorized-fi","8":"first","9":"instock","10":"shipping-taxable","11":"purchasable","12":"product-type-simple"},"_links":{"self":[{"href":"https:\/\/nordicmart.andreevmaster.com\/fi\/wp-json\/wp\/v2\/product\/35385","targetHints":{"allow":["GET"]}}],"collection":[{"href":"https:\/\/nordicmart.andreevmaster.com\/fi\/wp-json\/wp\/v2\/product"}],"about":[{"href":"https:\/\/nordicmart.andreevmaster.com\/fi\/wp-json\/wp\/v2\/types\/product"}],"replies":[{"embeddable":true,"href":"https:\/\/nordicmart.andreevmaster.com\/fi\/wp-json\/wp\/v2\/comments?post=35385"}],"wp:featuredmedia":[{"embeddable":true,"href":"https:\/\/nordicmart.andreevmaster.com\/fi\/wp-json\/wp\/v2\/media\/43966"}],"wp:attachment":[{"href":"https:\/\/nordicmart.andreevmaster.com\/fi\/wp-json\/wp\/v2\/media?parent=35385"}],"wp:term":[{"taxonomy":"product_brand","embeddable":true,"href":"https:\/\/nordicmart.andreevmaster.com\/fi\/wp-json\/wp\/v2\/product_brand?post=35385"},{"taxonomy":"product_cat","embeddable":true,"href":"https:\/\/nordicmart.andreevmaster.com\/fi\/wp-json\/wp\/v2\/product_cat?post=35385"},{"taxonomy":"product_tag","embeddable":true,"href":"https:\/\/nordicmart.andreevmaster.com\/fi\/wp-json\/wp\/v2\/product_tag?post=35385"}],"curies":[{"name":"wp","href":"https:\/\/api.w.org\/{rel}","templated":true}]}}