{"id":35381,"date":"2026-02-27T00:29:43","date_gmt":"2026-02-27T00:29:43","guid":{"rendered":"https:\/\/nordicmart.andreevmaster.com\/product\/songmics-kosmetiikkakori-10-litraa-kansi-musta\/"},"modified":"2026-02-27T09:48:23","modified_gmt":"2026-02-27T09:48:23","slug":"songmics-kosmetiikkakori-10-litraa-kansi-musta","status":"publish","type":"product","link":"https:\/\/nordicmart.andreevmaster.com\/fi\/tuote\/songmics-kosmetiikkakori-10-litraa-kansi-musta\/","title":{"rendered":"SONGMICS kosmetiikkakori 10 litraa, kansi, musta"},"content":{"rendered":"<p>SONGMICS kosmetiikkas\u00e4ili\u00f6 ja wc-harjasetti, kylpyhuoneen roskakori, kannella, poljettava roskakori, pieni roskakori, kapea pieniin tiloihin, ter\u00e4s, pehme\u00e4 sulkeutuminen<br \/>\nV\u00e4ri: musta<br \/>\nMateriaali: Ulkopakkaus ter\u00e4st\u00e4, sis\u00e4s\u00e4ili\u00f6 PP-muovia, pohja ABS-muovia<br \/>\nKoko: 38,4 x 17 x 35 cm (P x L x K)<br \/>\nKokonaiskorkeus (kansi auki): 63 cm<br \/>\nSis\u00e4astian koko: 29,2 x 16 x 30,4 cm (P x L x K)<br \/>\nTilavuus: 10 l<br \/>\nPaino: 1,9 kg<\/p>\n","protected":false},"excerpt":{"rendered":"<p>SONGMICS kosmetiikkas\u00e4ili\u00f6 ja wc-harjasetti, kylpyhuoneen roskakori, kannella, poljettava roskakori, pieni roskakori, kapea pieniin tiloihin, ter\u00e4s, pehme\u00e4 sulkeutuminen<\/p>\n","protected":false},"featured_media":43962,"comment_status":"open","ping_status":"closed","template":"","meta":[],"product_brand":[],"product_cat":[32],"product_tag":[],"class_list":{"0":"post-35381","1":"product","2":"type-product","3":"status-publish","4":"has-post-thumbnail","6":"product_cat-uncategorized-fi","8":"first","9":"instock","10":"shipping-taxable","11":"purchasable","12":"product-type-simple"},"_links":{"self":[{"href":"https:\/\/nordicmart.andreevmaster.com\/fi\/wp-json\/wp\/v2\/product\/35381","targetHints":{"allow":["GET"]}}],"collection":[{"href":"https:\/\/nordicmart.andreevmaster.com\/fi\/wp-json\/wp\/v2\/product"}],"about":[{"href":"https:\/\/nordicmart.andreevmaster.com\/fi\/wp-json\/wp\/v2\/types\/product"}],"replies":[{"embeddable":true,"href":"https:\/\/nordicmart.andreevmaster.com\/fi\/wp-json\/wp\/v2\/comments?post=35381"}],"wp:featuredmedia":[{"embeddable":true,"href":"https:\/\/nordicmart.andreevmaster.com\/fi\/wp-json\/wp\/v2\/media\/43962"}],"wp:attachment":[{"href":"https:\/\/nordicmart.andreevmaster.com\/fi\/wp-json\/wp\/v2\/media?parent=35381"}],"wp:term":[{"taxonomy":"product_brand","embeddable":true,"href":"https:\/\/nordicmart.andreevmaster.com\/fi\/wp-json\/wp\/v2\/product_brand?post=35381"},{"taxonomy":"product_cat","embeddable":true,"href":"https:\/\/nordicmart.andreevmaster.com\/fi\/wp-json\/wp\/v2\/product_cat?post=35381"},{"taxonomy":"product_tag","embeddable":true,"href":"https:\/\/nordicmart.andreevmaster.com\/fi\/wp-json\/wp\/v2\/product_tag?post=35381"}],"curies":[{"name":"wp","href":"https:\/\/api.w.org\/{rel}","templated":true}]}}