{"id":35378,"date":"2026-02-27T00:29:42","date_gmt":"2026-02-27T00:29:42","guid":{"rendered":"https:\/\/nordicmart.andreevmaster.com\/product\/songmics-kosmetiikkajateastia-5-litraa-kapea-kansi\/"},"modified":"2026-02-27T09:48:22","modified_gmt":"2026-02-27T09:48:22","slug":"songmics-kosmetiikkajateastia-5-litraa-kapea-kansi","status":"publish","type":"product","link":"https:\/\/nordicmart.andreevmaster.com\/fi\/tuote\/songmics-kosmetiikkajateastia-5-litraa-kapea-kansi\/","title":{"rendered":"SONGMICS kosmetiikkaj\u00e4teastia 5 litraa, kapea kansi"},"content":{"rendered":"<p>SONGMICS kosmetiikkas\u00e4ili\u00f6 ja wc-harjasetti, kylpyhuoneen roskakori, kannella, poljettava roskakori, pieni roskakori, kapea pieniin tiloihin, ter\u00e4s, pehme\u00e4 sulkeutuminen<br \/>\nV\u00e4ri: musta<br \/>\nMateriaali: Ulkopakkaus ter\u00e4st\u00e4, sis\u00e4astia PP-muovia, pohja ABS-muovia<br \/>\nKoko: 29,9 x 14,4 x 29 cm (P x L x K)<br \/>\nKokonaiskorkeus (kansi auki): 51,5 cm<br \/>\nSis\u00e4astian koko: 22,5 x 13,8 x 25,1 cm (P x L x K)<br \/>\nTilavuus: 5 litraa<br \/>\nPaino: 1 kg<\/p>\n","protected":false},"excerpt":{"rendered":"<p>SONGMICS kosmetiikkas\u00e4ili\u00f6 ja wc-harjasetti, kylpyhuoneen roskakori, kannella, poljettava roskakori, pieni roskakori, kapea pieniin tiloihin, ter\u00e4s, pehme\u00e4 sulkeutuminen<\/p>\n","protected":false},"featured_media":43959,"comment_status":"open","ping_status":"closed","template":"","meta":[],"product_brand":[],"product_cat":[32],"product_tag":[],"class_list":{"0":"post-35378","1":"product","2":"type-product","3":"status-publish","4":"has-post-thumbnail","6":"product_cat-uncategorized-fi","8":"first","9":"instock","10":"shipping-taxable","11":"purchasable","12":"product-type-simple"},"_links":{"self":[{"href":"https:\/\/nordicmart.andreevmaster.com\/fi\/wp-json\/wp\/v2\/product\/35378","targetHints":{"allow":["GET"]}}],"collection":[{"href":"https:\/\/nordicmart.andreevmaster.com\/fi\/wp-json\/wp\/v2\/product"}],"about":[{"href":"https:\/\/nordicmart.andreevmaster.com\/fi\/wp-json\/wp\/v2\/types\/product"}],"replies":[{"embeddable":true,"href":"https:\/\/nordicmart.andreevmaster.com\/fi\/wp-json\/wp\/v2\/comments?post=35378"}],"wp:featuredmedia":[{"embeddable":true,"href":"https:\/\/nordicmart.andreevmaster.com\/fi\/wp-json\/wp\/v2\/media\/43959"}],"wp:attachment":[{"href":"https:\/\/nordicmart.andreevmaster.com\/fi\/wp-json\/wp\/v2\/media?parent=35378"}],"wp:term":[{"taxonomy":"product_brand","embeddable":true,"href":"https:\/\/nordicmart.andreevmaster.com\/fi\/wp-json\/wp\/v2\/product_brand?post=35378"},{"taxonomy":"product_cat","embeddable":true,"href":"https:\/\/nordicmart.andreevmaster.com\/fi\/wp-json\/wp\/v2\/product_cat?post=35378"},{"taxonomy":"product_tag","embeddable":true,"href":"https:\/\/nordicmart.andreevmaster.com\/fi\/wp-json\/wp\/v2\/product_tag?post=35378"}],"curies":[{"name":"wp","href":"https:\/\/api.w.org\/{rel}","templated":true}]}}