{"id":35377,"date":"2026-02-27T00:29:42","date_gmt":"2026-02-27T00:29:42","guid":{"rendered":"https:\/\/nordicmart.andreevmaster.com\/product\/songmics-keittion-roskakori-polkimella-ja-3-lokerolla\/"},"modified":"2026-02-27T09:48:22","modified_gmt":"2026-02-27T09:48:22","slug":"songmics-keittion-roskakori-polkimella-ja-3-lokerolla","status":"publish","type":"product","link":"https:\/\/nordicmart.andreevmaster.com\/fi\/tuote\/songmics-keittion-roskakori-polkimella-ja-3-lokerolla\/","title":{"rendered":"SONGMICS Keitti\u00f6n roskakori polkimella ja 3 lokerolla"},"content":{"rendered":"<p>SONGMICS keitti\u00f6kori, 2 x 17 l ja 26 l, roskakori j\u00e4tteiden lajitteluun, 3 lokeroa ruokaj\u00e4tteille ja j\u00e4tteiden lajitteluun, hiilisuodatin, leve\u00e4 poljin, hopea LTB550E60<br \/>\nV\u00e4ri: hopeanv\u00e4rinen. Materiaali: ruostumaton ter\u00e4s, PP-muovi Tuotteen mitat (ilman poljinta): 45,7 x 30 x 76 cm (P x L x K). Korkeus kannen ollessa auki: 101,5 cm. Yl\u00e4s\u00e4ili\u00f6n mitat: 21,5 x 27,9 x 34,6 cm (P x L x K). Alemman roskakorin mitat: 26,9 x 35,3 x 26,8 cm (P x L x K) Polkimen koko: 36,9 x 5,5 cm (P x L) Kokonaistilavuus: 60 l (2 x 17 l + 26 l). Paino: 10,4 kg<\/p>\n","protected":false},"excerpt":{"rendered":"<p>SONGMICS keitti\u00f6kori, 2 x 17 l ja 26 l, roskakori j\u00e4tteiden lajitteluun, 3 lokeroa ruokaj\u00e4tteille ja j\u00e4tteiden lajitteluun, hiilisuodatin, leve\u00e4 poljin, hopea LTB550E60<\/p>\n","protected":false},"featured_media":43958,"comment_status":"open","ping_status":"closed","template":"","meta":[],"product_brand":[],"product_cat":[32],"product_tag":[],"class_list":{"0":"post-35377","1":"product","2":"type-product","3":"status-publish","4":"has-post-thumbnail","6":"product_cat-uncategorized-fi","8":"first","9":"instock","10":"shipping-taxable","11":"purchasable","12":"product-type-simple"},"_links":{"self":[{"href":"https:\/\/nordicmart.andreevmaster.com\/fi\/wp-json\/wp\/v2\/product\/35377","targetHints":{"allow":["GET"]}}],"collection":[{"href":"https:\/\/nordicmart.andreevmaster.com\/fi\/wp-json\/wp\/v2\/product"}],"about":[{"href":"https:\/\/nordicmart.andreevmaster.com\/fi\/wp-json\/wp\/v2\/types\/product"}],"replies":[{"embeddable":true,"href":"https:\/\/nordicmart.andreevmaster.com\/fi\/wp-json\/wp\/v2\/comments?post=35377"}],"wp:featuredmedia":[{"embeddable":true,"href":"https:\/\/nordicmart.andreevmaster.com\/fi\/wp-json\/wp\/v2\/media\/43958"}],"wp:attachment":[{"href":"https:\/\/nordicmart.andreevmaster.com\/fi\/wp-json\/wp\/v2\/media?parent=35377"}],"wp:term":[{"taxonomy":"product_brand","embeddable":true,"href":"https:\/\/nordicmart.andreevmaster.com\/fi\/wp-json\/wp\/v2\/product_brand?post=35377"},{"taxonomy":"product_cat","embeddable":true,"href":"https:\/\/nordicmart.andreevmaster.com\/fi\/wp-json\/wp\/v2\/product_cat?post=35377"},{"taxonomy":"product_tag","embeddable":true,"href":"https:\/\/nordicmart.andreevmaster.com\/fi\/wp-json\/wp\/v2\/product_tag?post=35377"}],"curies":[{"name":"wp","href":"https:\/\/api.w.org\/{rel}","templated":true}]}}