{"id":35371,"date":"2026-02-27T00:29:40","date_gmt":"2026-02-27T00:29:40","guid":{"rendered":"https:\/\/nordicmart.andreevmaster.com\/product\/songmics-54-litran-roskakori-keittioon\/"},"modified":"2026-02-27T09:48:21","modified_gmt":"2026-02-27T09:48:21","slug":"songmics-54-litran-roskakori-keittioon","status":"publish","type":"product","link":"https:\/\/nordicmart.andreevmaster.com\/fi\/tuote\/songmics-54-litran-roskakori-keittioon\/","title":{"rendered":"SONGMICS 54 litran roskakori keitti\u00f6\u00f6n"},"content":{"rendered":"<p>Tuotetiedot: V\u00e4ri: harmaa-musta Materiaali: ter\u00e4s, ABS-muovi Kokonaismitat: 60,4 x 30 x 56,3 cm (P x L x K) Sis\u00e4astian mitat: 18 x 26,4 x 49 cm (P x L x K) Kokonaiskorkeus (kansi auki): 82 cm Paino: 7,5 kg Toimitus sis\u00e4lt\u00e4\u00e4: 1 x roskakori Kierr\u00e4tt\u00e4minen voi olla helppoa: t\u00e4m\u00e4n 3 erillisen lokeron poljettavan roskakorin avulla voit lajitella roskasi, kuten j\u00e4tteet ja bioj\u00e4tteet, helposti. Sinun tarvitsee vain painaa poljinta ja heitt\u00e4\u00e4 roskat sis\u00e4astiaan. Sinun ei tarvitse edes koskettaa roskakoria k\u00e4sin, mik\u00e4 takaa hygienian. &#8221;Koiranpentu- ja lapsiturvallinen&#8221; roskakori: Kaiveleeko koirasi usein roskakoria? Kurottavatko lapsesi usein avoimeen roskakoriin? Jos n\u00e4in on, haluat varmasti lopettaa t\u00e4m\u00e4n. T\u00e4ss\u00e4 tulee poljettava roskakori! Kansi avautuu vasta, kun painat poljinta.<\/p>\n","protected":false},"excerpt":{"rendered":"<p>SONGMICS roskakori, j\u00e4teastia, suuri ja hajuton, 54 litran j\u00e4teastia, j\u00e4tteiden lajitteluj\u00e4rjestelm\u00e4 sis\u00e4astioilla, jalkaohjattava roskakori ruostumattomasta ter\u00e4ksest\u00e4, hopea LTB54L<\/p>\n","protected":false},"featured_media":43952,"comment_status":"open","ping_status":"closed","template":"","meta":[],"product_brand":[],"product_cat":[32],"product_tag":[],"class_list":{"0":"post-35371","1":"product","2":"type-product","3":"status-publish","4":"has-post-thumbnail","6":"product_cat-uncategorized-fi","8":"first","9":"instock","10":"shipping-taxable","11":"purchasable","12":"product-type-simple"},"_links":{"self":[{"href":"https:\/\/nordicmart.andreevmaster.com\/fi\/wp-json\/wp\/v2\/product\/35371","targetHints":{"allow":["GET"]}}],"collection":[{"href":"https:\/\/nordicmart.andreevmaster.com\/fi\/wp-json\/wp\/v2\/product"}],"about":[{"href":"https:\/\/nordicmart.andreevmaster.com\/fi\/wp-json\/wp\/v2\/types\/product"}],"replies":[{"embeddable":true,"href":"https:\/\/nordicmart.andreevmaster.com\/fi\/wp-json\/wp\/v2\/comments?post=35371"}],"wp:featuredmedia":[{"embeddable":true,"href":"https:\/\/nordicmart.andreevmaster.com\/fi\/wp-json\/wp\/v2\/media\/43952"}],"wp:attachment":[{"href":"https:\/\/nordicmart.andreevmaster.com\/fi\/wp-json\/wp\/v2\/media?parent=35371"}],"wp:term":[{"taxonomy":"product_brand","embeddable":true,"href":"https:\/\/nordicmart.andreevmaster.com\/fi\/wp-json\/wp\/v2\/product_brand?post=35371"},{"taxonomy":"product_cat","embeddable":true,"href":"https:\/\/nordicmart.andreevmaster.com\/fi\/wp-json\/wp\/v2\/product_cat?post=35371"},{"taxonomy":"product_tag","embeddable":true,"href":"https:\/\/nordicmart.andreevmaster.com\/fi\/wp-json\/wp\/v2\/product_tag?post=35371"}],"curies":[{"name":"wp","href":"https:\/\/api.w.org\/{rel}","templated":true}]}}