{"id":35365,"date":"2026-02-27T00:29:39","date_gmt":"2026-02-27T00:29:39","guid":{"rendered":"https:\/\/nordicmart.andreevmaster.com\/product\/songmics-2-lokeroa-kierratykseen-ja-jatteisiin-hiekanbeige\/"},"modified":"2026-02-27T09:48:19","modified_gmt":"2026-02-27T09:48:19","slug":"songmics-2-lokeroa-kierratykseen-ja-jatteisiin-hiekanbeige","status":"publish","type":"product","link":"https:\/\/nordicmart.andreevmaster.com\/fi\/tuote\/songmics-2-lokeroa-kierratykseen-ja-jatteisiin-hiekanbeige\/","title":{"rendered":"SONGMICS 2 lokeroa kierr\u00e4tykseen ja j\u00e4tteisiin, hiekanbeige"},"content":{"rendered":"<p>SONGMICS Keitti\u00f6n roskakori, j\u00e4tteiden lajitteluj\u00e4rjestelm\u00e4 2 x 15 l, 2 lokeroa kierr\u00e4tykseen ja muuhun j\u00e4tteeseen, roskakori, sis\u00e4kori, ter\u00e4s, pehme\u00e4sti sulkeutuva kansi, leve\u00e4 ja kest\u00e4v\u00e4 poljin, pilvinen valkoinen LTB544W02<br \/>\nV\u00e4ri: hiekanbeige<br \/>\nMateriaali: ter\u00e4s, sis\u00e4s\u00e4ili\u00f6 PP-muovia<br \/>\nKoko: 41,7 x 33,2 x 49,4 cm (P x L x K)<br \/>\nKokonaiskorkeus (kansi auki): 74 cm<br \/>\nSis\u00e4astian koko: 22,5 x 18,2 x 44,8 cm (P x L x K)<br \/>\nPolkimen koko: 18,5 x 5,3 cm (P x L)<br \/>\nTilavuus: 2 x 15 l<br \/>\nPaino: 4,9 kg<\/p>\n","protected":false},"excerpt":{"rendered":"<p>SONGMICS Keitti\u00f6n roskakori, j\u00e4tteiden lajitteluj\u00e4rjestelm\u00e4 2 x 15 l, 2 lokeroa kierr\u00e4tykseen ja muuhun j\u00e4tteeseen, roskakori, sis\u00e4kori, ter\u00e4s, pehme\u00e4sti sulkeutuva kansi, leve\u00e4 ja kest\u00e4v\u00e4 poljin, pilvinen valkoinen LTB544W02<\/p>\n","protected":false},"featured_media":43946,"comment_status":"open","ping_status":"closed","template":"","meta":[],"product_brand":[],"product_cat":[32],"product_tag":[],"class_list":{"0":"post-35365","1":"product","2":"type-product","3":"status-publish","4":"has-post-thumbnail","6":"product_cat-uncategorized-fi","8":"first","9":"instock","10":"shipping-taxable","11":"purchasable","12":"product-type-simple"},"_links":{"self":[{"href":"https:\/\/nordicmart.andreevmaster.com\/fi\/wp-json\/wp\/v2\/product\/35365","targetHints":{"allow":["GET"]}}],"collection":[{"href":"https:\/\/nordicmart.andreevmaster.com\/fi\/wp-json\/wp\/v2\/product"}],"about":[{"href":"https:\/\/nordicmart.andreevmaster.com\/fi\/wp-json\/wp\/v2\/types\/product"}],"replies":[{"embeddable":true,"href":"https:\/\/nordicmart.andreevmaster.com\/fi\/wp-json\/wp\/v2\/comments?post=35365"}],"wp:featuredmedia":[{"embeddable":true,"href":"https:\/\/nordicmart.andreevmaster.com\/fi\/wp-json\/wp\/v2\/media\/43946"}],"wp:attachment":[{"href":"https:\/\/nordicmart.andreevmaster.com\/fi\/wp-json\/wp\/v2\/media?parent=35365"}],"wp:term":[{"taxonomy":"product_brand","embeddable":true,"href":"https:\/\/nordicmart.andreevmaster.com\/fi\/wp-json\/wp\/v2\/product_brand?post=35365"},{"taxonomy":"product_cat","embeddable":true,"href":"https:\/\/nordicmart.andreevmaster.com\/fi\/wp-json\/wp\/v2\/product_cat?post=35365"},{"taxonomy":"product_tag","embeddable":true,"href":"https:\/\/nordicmart.andreevmaster.com\/fi\/wp-json\/wp\/v2\/product_tag?post=35365"}],"curies":[{"name":"wp","href":"https:\/\/api.w.org\/{rel}","templated":true}]}}