{"id":35364,"date":"2026-02-27T00:29:39","date_gmt":"2026-02-27T00:29:39","guid":{"rendered":"https:\/\/nordicmart.andreevmaster.com\/product\/songmics-20-litran-roskakori-kannella-pilvinen-valkoinen\/"},"modified":"2026-02-27T09:48:19","modified_gmt":"2026-02-27T09:48:19","slug":"songmics-20-litran-roskakori-kannella-pilvinen-valkoinen","status":"publish","type":"product","link":"https:\/\/nordicmart.andreevmaster.com\/fi\/tuote\/songmics-20-litran-roskakori-kannella-pilvinen-valkoinen\/","title":{"rendered":"SONGMICS 20 litran roskakori kannella, pilvinen valkoinen"},"content":{"rendered":"<p>SONGMICS keitti\u00f6n roskakori, 20 litran roskakori kannella, poljettava roskakori, ter\u00e4s, pehme\u00e4 sulkeutuminen, auki-pys\u00e4ytys, sis\u00e4kori, leve\u00e4 luistamaton poljin<br \/>\nV\u00e4ri: pilvinen valkoinen<br \/>\nMateriaali: ter\u00e4s, PP-muovi<br \/>\nKoko: 36,6 x 30 x 42,5 cm (P x L x K)<br \/>\nKokonaiskorkeus (kansi auki): 64 cm<br \/>\nSis\u00e4astian koko: 33,1 x 21,2 x 39 cm (P x L x K)<br \/>\nTilavuus: 20 litraa<br \/>\nPaino: 3,8 kg<\/p>\n","protected":false},"excerpt":{"rendered":"<p>SONGMICS keitti\u00f6n roskakori, 20 litran roskakori kannella, poljettava roskakori, ter\u00e4s, pehme\u00e4 sulkeutuminen, auki-pys\u00e4ytys, sis\u00e4kori, leve\u00e4 luistamaton poljin<\/p>\n","protected":false},"featured_media":43945,"comment_status":"open","ping_status":"closed","template":"","meta":[],"product_brand":[],"product_cat":[32],"product_tag":[],"class_list":{"0":"post-35364","1":"product","2":"type-product","3":"status-publish","4":"has-post-thumbnail","6":"product_cat-uncategorized-fi","8":"first","9":"instock","10":"shipping-taxable","11":"purchasable","12":"product-type-simple"},"_links":{"self":[{"href":"https:\/\/nordicmart.andreevmaster.com\/fi\/wp-json\/wp\/v2\/product\/35364","targetHints":{"allow":["GET"]}}],"collection":[{"href":"https:\/\/nordicmart.andreevmaster.com\/fi\/wp-json\/wp\/v2\/product"}],"about":[{"href":"https:\/\/nordicmart.andreevmaster.com\/fi\/wp-json\/wp\/v2\/types\/product"}],"replies":[{"embeddable":true,"href":"https:\/\/nordicmart.andreevmaster.com\/fi\/wp-json\/wp\/v2\/comments?post=35364"}],"wp:featuredmedia":[{"embeddable":true,"href":"https:\/\/nordicmart.andreevmaster.com\/fi\/wp-json\/wp\/v2\/media\/43945"}],"wp:attachment":[{"href":"https:\/\/nordicmart.andreevmaster.com\/fi\/wp-json\/wp\/v2\/media?parent=35364"}],"wp:term":[{"taxonomy":"product_brand","embeddable":true,"href":"https:\/\/nordicmart.andreevmaster.com\/fi\/wp-json\/wp\/v2\/product_brand?post=35364"},{"taxonomy":"product_cat","embeddable":true,"href":"https:\/\/nordicmart.andreevmaster.com\/fi\/wp-json\/wp\/v2\/product_cat?post=35364"},{"taxonomy":"product_tag","embeddable":true,"href":"https:\/\/nordicmart.andreevmaster.com\/fi\/wp-json\/wp\/v2\/product_tag?post=35364"}],"curies":[{"name":"wp","href":"https:\/\/api.w.org\/{rel}","templated":true}]}}