{"id":35360,"date":"2026-02-27T00:29:38","date_gmt":"2026-02-27T00:29:38","guid":{"rendered":"https:\/\/nordicmart.andreevmaster.com\/product\/songmics-roskakori-keittioon-kansi-40-litraa-antrasiitinharmaa\/"},"modified":"2026-02-27T09:48:18","modified_gmt":"2026-02-27T09:48:18","slug":"songmics-roskakori-keittioon-kansi-40-litraa-antrasiitinharmaa","status":"publish","type":"product","link":"https:\/\/nordicmart.andreevmaster.com\/fi\/tuote\/songmics-roskakori-keittioon-kansi-40-litraa-antrasiitinharmaa\/","title":{"rendered":"SONGMICS roskakori keitti\u00f6\u00f6n, kansi, 40 litraa, antrasiitinharmaa"},"content":{"rendered":"<p>SONGMICS keitti\u00f6n roskakori, 40 litran roskakori, suuri poljettava roskakori, kannella, ter\u00e4st\u00e4, pehme\u00e4 sulkeutuminen, sis\u00e4lt\u00e4\u00e4 15 roskapussia<br \/>\nV\u00e4ri: antrasiitinharmaa<br \/>\nMateriaali: ter\u00e4s<br \/>\nKoko: 34,8 x 32,1 x 55,7 cm (P x L x K)<br \/>\nKokonaiskorkeus (kansi auki): 83,3 cm<br \/>\nTilavuus: 40 litraa<br \/>\nPaino: 3,3 kg<\/p>\n","protected":false},"excerpt":{"rendered":"<p>SONGMICS keitti\u00f6n roskakori, 40 litran roskakori, suuri poljettava roskakori, kannella, ter\u00e4st\u00e4, pehme\u00e4 sulkeutuminen, sis\u00e4lt\u00e4\u00e4 15 roskapussia<\/p>\n","protected":false},"featured_media":43941,"comment_status":"open","ping_status":"closed","template":"","meta":[],"product_brand":[],"product_cat":[32],"product_tag":[],"class_list":{"0":"post-35360","1":"product","2":"type-product","3":"status-publish","4":"has-post-thumbnail","6":"product_cat-uncategorized-fi","8":"first","9":"instock","10":"shipping-taxable","11":"purchasable","12":"product-type-simple"},"_links":{"self":[{"href":"https:\/\/nordicmart.andreevmaster.com\/fi\/wp-json\/wp\/v2\/product\/35360","targetHints":{"allow":["GET"]}}],"collection":[{"href":"https:\/\/nordicmart.andreevmaster.com\/fi\/wp-json\/wp\/v2\/product"}],"about":[{"href":"https:\/\/nordicmart.andreevmaster.com\/fi\/wp-json\/wp\/v2\/types\/product"}],"replies":[{"embeddable":true,"href":"https:\/\/nordicmart.andreevmaster.com\/fi\/wp-json\/wp\/v2\/comments?post=35360"}],"wp:featuredmedia":[{"embeddable":true,"href":"https:\/\/nordicmart.andreevmaster.com\/fi\/wp-json\/wp\/v2\/media\/43941"}],"wp:attachment":[{"href":"https:\/\/nordicmart.andreevmaster.com\/fi\/wp-json\/wp\/v2\/media?parent=35360"}],"wp:term":[{"taxonomy":"product_brand","embeddable":true,"href":"https:\/\/nordicmart.andreevmaster.com\/fi\/wp-json\/wp\/v2\/product_brand?post=35360"},{"taxonomy":"product_cat","embeddable":true,"href":"https:\/\/nordicmart.andreevmaster.com\/fi\/wp-json\/wp\/v2\/product_cat?post=35360"},{"taxonomy":"product_tag","embeddable":true,"href":"https:\/\/nordicmart.andreevmaster.com\/fi\/wp-json\/wp\/v2\/product_tag?post=35360"}],"curies":[{"name":"wp","href":"https:\/\/api.w.org\/{rel}","templated":true}]}}