{"id":35345,"date":"2026-02-27T00:29:34","date_gmt":"2026-02-27T00:29:34","guid":{"rendered":"https:\/\/nordicmart.andreevmaster.com\/product\/songmics-roskakori-48-litraa-2-x-24-l\/"},"modified":"2026-02-27T09:48:15","modified_gmt":"2026-02-27T09:48:15","slug":"songmics-roskakori-48-litraa-2-x-24-l","status":"publish","type":"product","link":"https:\/\/nordicmart.andreevmaster.com\/fi\/tuote\/songmics-roskakori-48-litraa-2-x-24-l\/","title":{"rendered":"SONGMICS roskakori 48 litraa (2 x 24 l)"},"content":{"rendered":"<p>Songmics-roskakorissa on tyylik\u00e4s klassinen erotteluj\u00e4rjestelm\u00e4. Suojele ymp\u00e4rist\u00f6\u00e4 ja erottele j\u00e4tteet optimaalisesti t\u00e4ll\u00e4 roskakorilla. Yksinkertainen, k\u00e4yt\u00e4nn\u00f6llinen ja optimaalinen! Kaksi irrotettavaa sis\u00e4astiaa on helppo tyhjent\u00e4\u00e4 kahvojen ansiosta. \u00c4lyk\u00e4s erotteluj\u00e4rjestelm\u00e4, jossa on suuri tilavuus (24 l kumpikin) ja kompaktit mitat. Poljintoiminto mahdollistaa roskakorin hygieenisen k\u00e4yt\u00f6n.  T\u00e4m\u00e4 Songmics-ruostumattomasta ter\u00e4ksest\u00e4 valmistettu poljintyyppinen roskakori t\u00e4ytt\u00e4\u00e4 tarkoituksensa t\u00e4ysin. Sen kaunis ja moderni muotoilu sopii ihanteellisesti kaikkiin kodin tiloihin, hissiin, puutarhaan jne. Ei saisi puuttua yhdest\u00e4k\u00e4\u00e4n kotitaloudesta!  Tuotetiedot:  &#8211; Materiaali: ruostumaton ter\u00e4s (kotelo); muovi (sis\u00e4astia) &#8211; Ulkomitat: 57,5 x 59 x 33 cm (L x K x S)  &#8211; Sis\u00e4astian mitat: 25 x 48 x 25 cm (L x K x S)  &#8211; V\u00e4ri: hopea &#8211; Nettopaino: 6,7 kg &#8211; Bruttopaino: 9,15 kg Toimitus sis\u00e4lt\u00e4\u00e4:  &#8211; 1 x roskas\u00e4ili\u00f6<\/p>\n","protected":false},"excerpt":{"rendered":"<p>SONGMICS roskakori, j\u00e4tteiden lajitteluj\u00e4rjestelm\u00e4, 2 muovista sis\u00e4astiaa, 2 x 30 l poljettava roskakori, roskakori jalkapolkimella, kahvoilla, hopea LTB60NL<\/p>\n","protected":false},"featured_media":43926,"comment_status":"open","ping_status":"closed","template":"","meta":[],"product_brand":[],"product_cat":[32],"product_tag":[],"class_list":{"0":"post-35345","1":"product","2":"type-product","3":"status-publish","4":"has-post-thumbnail","6":"product_cat-uncategorized-fi","8":"first","9":"instock","10":"shipping-taxable","11":"purchasable","12":"product-type-simple"},"_links":{"self":[{"href":"https:\/\/nordicmart.andreevmaster.com\/fi\/wp-json\/wp\/v2\/product\/35345","targetHints":{"allow":["GET"]}}],"collection":[{"href":"https:\/\/nordicmart.andreevmaster.com\/fi\/wp-json\/wp\/v2\/product"}],"about":[{"href":"https:\/\/nordicmart.andreevmaster.com\/fi\/wp-json\/wp\/v2\/types\/product"}],"replies":[{"embeddable":true,"href":"https:\/\/nordicmart.andreevmaster.com\/fi\/wp-json\/wp\/v2\/comments?post=35345"}],"wp:featuredmedia":[{"embeddable":true,"href":"https:\/\/nordicmart.andreevmaster.com\/fi\/wp-json\/wp\/v2\/media\/43926"}],"wp:attachment":[{"href":"https:\/\/nordicmart.andreevmaster.com\/fi\/wp-json\/wp\/v2\/media?parent=35345"}],"wp:term":[{"taxonomy":"product_brand","embeddable":true,"href":"https:\/\/nordicmart.andreevmaster.com\/fi\/wp-json\/wp\/v2\/product_brand?post=35345"},{"taxonomy":"product_cat","embeddable":true,"href":"https:\/\/nordicmart.andreevmaster.com\/fi\/wp-json\/wp\/v2\/product_cat?post=35345"},{"taxonomy":"product_tag","embeddable":true,"href":"https:\/\/nordicmart.andreevmaster.com\/fi\/wp-json\/wp\/v2\/product_tag?post=35345"}],"curies":[{"name":"wp","href":"https:\/\/api.w.org\/{rel}","templated":true}]}}