{"id":35343,"date":"2026-02-27T00:29:33","date_gmt":"2026-02-27T00:29:33","guid":{"rendered":"https:\/\/nordicmart.andreevmaster.com\/product\/songmics-jatteiden-lajittelujarjestelma-2-lokeroa\/"},"modified":"2026-02-27T09:48:14","modified_gmt":"2026-02-27T09:48:14","slug":"songmics-jatteiden-lajittelujarjestelma-2-lokeroa","status":"publish","type":"product","link":"https:\/\/nordicmart.andreevmaster.com\/fi\/tuote\/songmics-jatteiden-lajittelujarjestelma-2-lokeroa\/","title":{"rendered":"SONGMICS-j\u00e4tteiden lajitteluj\u00e4rjestelm\u00e4, 2 lokeroa"},"content":{"rendered":"<p>Miksi valita t\u00e4m\u00e4 SONGMICS-roskakori? Moderni ja tyylik\u00e4s Kest\u00e4v\u00e4, valmistettu ensiluokkaisesta materiaalista Hyvin suunniteltu, k\u00e4yt\u00e4nn\u00f6llinen muotoilu Kierr\u00e4tt\u00e4minen voi olla helppoa: t\u00e4m\u00e4n 2 erillisen lokeron poljettavan roskakorin avulla voit helposti lajitella j\u00e4tteesi, esim. yhdyskuntaj\u00e4tteet ja bioj\u00e4tteet. Sinun tarvitsee vain painaa poljinta ja heitt\u00e4\u00e4 j\u00e4tteet sis\u00e4astiaan. Sinun ei tarvitse edes koskettaa roskakoria k\u00e4sin, mik\u00e4 takaa hygienian. &#8221;Koiranpentu- ja lapsiturvallinen&#8221; roskakori: Kaiveleeko koirasi usein roskakoria? Kurottavatko lapsesi usein avoimeen astiaan? Jos n\u00e4in on, haluat varmasti lopettaa t\u00e4m\u00e4n. T\u00e4ss\u00e4 tulee poljettava roskakori! Kansi avautuu vasta, kun painat poljinta. Tuotetiedot: V\u00e4ri: musta Materiaali: ter\u00e4s, PP-muovi (sis\u00e4astia), ABS-muovi (kansi) Kokonaiskoko: 58,5 x 32 x 54,5 cm (P x L x K) Sis\u00e4astian koko: 27,5 x 26,5 x 48 cm (P x L x K) Kokonaiskorkeus (kansi auki): 83 cm Paino: 7,5 kg Toimitus sis\u00e4lt\u00e4\u00e4: 1 x roskakori 1 x ohjeet (DE, EN, FR, ES, IT) SONGMICS-ohjeet:Puhdista tuote kostealla liinalla ja kuivaa se sen j\u00e4lkeen.<\/p>\n","protected":false},"excerpt":{"rendered":"<p>SONGMICS roskakori, j\u00e4tteiden lajitteluj\u00e4rjestelm\u00e4, 2 muovista sis\u00e4astiaa, 2 x 30 l poljettava roskakori, roskakori jalkapolkimella, kahvoilla, hopea LTB60NL<\/p>\n","protected":false},"featured_media":43924,"comment_status":"open","ping_status":"closed","template":"","meta":[],"product_brand":[],"product_cat":[32],"product_tag":[],"class_list":{"0":"post-35343","1":"product","2":"type-product","3":"status-publish","4":"has-post-thumbnail","6":"product_cat-uncategorized-fi","8":"first","9":"instock","10":"shipping-taxable","11":"purchasable","12":"product-type-simple"},"_links":{"self":[{"href":"https:\/\/nordicmart.andreevmaster.com\/fi\/wp-json\/wp\/v2\/product\/35343","targetHints":{"allow":["GET"]}}],"collection":[{"href":"https:\/\/nordicmart.andreevmaster.com\/fi\/wp-json\/wp\/v2\/product"}],"about":[{"href":"https:\/\/nordicmart.andreevmaster.com\/fi\/wp-json\/wp\/v2\/types\/product"}],"replies":[{"embeddable":true,"href":"https:\/\/nordicmart.andreevmaster.com\/fi\/wp-json\/wp\/v2\/comments?post=35343"}],"wp:featuredmedia":[{"embeddable":true,"href":"https:\/\/nordicmart.andreevmaster.com\/fi\/wp-json\/wp\/v2\/media\/43924"}],"wp:attachment":[{"href":"https:\/\/nordicmart.andreevmaster.com\/fi\/wp-json\/wp\/v2\/media?parent=35343"}],"wp:term":[{"taxonomy":"product_brand","embeddable":true,"href":"https:\/\/nordicmart.andreevmaster.com\/fi\/wp-json\/wp\/v2\/product_brand?post=35343"},{"taxonomy":"product_cat","embeddable":true,"href":"https:\/\/nordicmart.andreevmaster.com\/fi\/wp-json\/wp\/v2\/product_cat?post=35343"},{"taxonomy":"product_tag","embeddable":true,"href":"https:\/\/nordicmart.andreevmaster.com\/fi\/wp-json\/wp\/v2\/product_tag?post=35343"}],"curies":[{"name":"wp","href":"https:\/\/api.w.org\/{rel}","templated":true}]}}