{"id":35341,"date":"2026-02-27T00:29:33","date_gmt":"2026-02-27T00:29:33","guid":{"rendered":"https:\/\/nordicmart.andreevmaster.com\/product\/songmics-suuri-jateastia-45-litraa-3-x-15-l\/"},"modified":"2026-02-27T09:48:14","modified_gmt":"2026-02-27T09:48:14","slug":"songmics-suuri-jateastia-45-litraa-3-x-15-l","status":"publish","type":"product","link":"https:\/\/nordicmart.andreevmaster.com\/fi\/tuote\/songmics-suuri-jateastia-45-litraa-3-x-15-l\/","title":{"rendered":"SONGMICS Suuri j\u00e4teastia 45 litraa (3 x 15 l)"},"content":{"rendered":"<p>J\u00e4teastia J\u00e4tteiden siistiin lajitteluun; vapauta keitti\u00f6si sotkuisista j\u00e4tteist\u00e4 ja omaksu ymp\u00e4rist\u00f6yst\u00e4v\u00e4llinen el\u00e4m\u00e4ntapa! Tuotetiedot: &#8211; Materiaali: ruostumaton ter\u00e4s (kotelo); muovi (sis\u00e4astia) &#8211; Ulkomitat: 60 x 48 x 33 cm (L x K x S) &#8211; Sis\u00e4astian mitat: 25 x 40 x 17 cm (L x K x S) &#8211; V\u00e4ri: hopea &#8211; Nettopaino: 6,28 kg &#8211; Bruttopaino: 8,63 kg Toimitus sis\u00e4lt\u00e4\u00e4: &#8211; 1 x j\u00e4tehuoltolaatikko<\/p>\n","protected":false},"excerpt":{"rendered":"<p>SONGMICS roskakori j\u00e4teastia roskakori sis\u00e4astioilla j\u00e4tteiden lajitteluj\u00e4rjestelm\u00e4t poljettava roskakori ruostumaton ter\u00e4s 45 litraa 3 x 15 l, v\u00e4rillinen<\/p>\n","protected":false},"featured_media":43922,"comment_status":"open","ping_status":"closed","template":"","meta":[],"product_brand":[],"product_cat":[32],"product_tag":[],"class_list":{"0":"post-35341","1":"product","2":"type-product","3":"status-publish","4":"has-post-thumbnail","6":"product_cat-uncategorized-fi","8":"first","9":"instock","10":"shipping-taxable","11":"purchasable","12":"product-type-simple"},"_links":{"self":[{"href":"https:\/\/nordicmart.andreevmaster.com\/fi\/wp-json\/wp\/v2\/product\/35341","targetHints":{"allow":["GET"]}}],"collection":[{"href":"https:\/\/nordicmart.andreevmaster.com\/fi\/wp-json\/wp\/v2\/product"}],"about":[{"href":"https:\/\/nordicmart.andreevmaster.com\/fi\/wp-json\/wp\/v2\/types\/product"}],"replies":[{"embeddable":true,"href":"https:\/\/nordicmart.andreevmaster.com\/fi\/wp-json\/wp\/v2\/comments?post=35341"}],"wp:featuredmedia":[{"embeddable":true,"href":"https:\/\/nordicmart.andreevmaster.com\/fi\/wp-json\/wp\/v2\/media\/43922"}],"wp:attachment":[{"href":"https:\/\/nordicmart.andreevmaster.com\/fi\/wp-json\/wp\/v2\/media?parent=35341"}],"wp:term":[{"taxonomy":"product_brand","embeddable":true,"href":"https:\/\/nordicmart.andreevmaster.com\/fi\/wp-json\/wp\/v2\/product_brand?post=35341"},{"taxonomy":"product_cat","embeddable":true,"href":"https:\/\/nordicmart.andreevmaster.com\/fi\/wp-json\/wp\/v2\/product_cat?post=35341"},{"taxonomy":"product_tag","embeddable":true,"href":"https:\/\/nordicmart.andreevmaster.com\/fi\/wp-json\/wp\/v2\/product_tag?post=35341"}],"curies":[{"name":"wp","href":"https:\/\/api.w.org\/{rel}","templated":true}]}}