{"id":35340,"date":"2026-02-27T00:29:33","date_gmt":"2026-02-27T00:29:33","guid":{"rendered":"https:\/\/nordicmart.andreevmaster.com\/product\/songmics-roskakori-3-x-15-litraa-kansi-ja-sisasailio-savuharmaa-musta\/"},"modified":"2026-02-27T09:48:14","modified_gmt":"2026-02-27T09:48:14","slug":"songmics-roskakori-3-x-15-litraa-kansi-ja-sisasailio-savuharmaa-musta","status":"publish","type":"product","link":"https:\/\/nordicmart.andreevmaster.com\/fi\/tuote\/songmics-roskakori-3-x-15-litraa-kansi-ja-sisasailio-savuharmaa-musta\/","title":{"rendered":"SONGMICS roskakori 3 x 15 litraa, kansi ja sis\u00e4s\u00e4ili\u00f6, savuharmaa-musta"},"content":{"rendered":"<p>SONGMICS roskakori j\u00e4teastia roskakori sis\u00e4astioilla j\u00e4tteiden lajitteluj\u00e4rjestelm\u00e4t poljettava roskakori ruostumaton ter\u00e4s 45 litraa 3 x 15 l, v\u00e4rillinen<br \/>\nV\u00e4ri: savuharmaa-musta<br \/>\nMateriaali: ruostumaton ter\u00e4s, muovi<br \/>\nKoko (ilman jalkapoljinta): 60,5 x 31,5 x 48,5 cm (P x L x K)<br \/>\nSis\u00e4astian koko: 17,7 x 26,5 x 40,5 cm (P x L x K)<br \/>\nKokonaiskorkeus (kansi auki): 73 cm<br \/>\nPaino: 6,3 kg<\/p>\n","protected":false},"excerpt":{"rendered":"<p>SONGMICS roskakori j\u00e4teastia roskakori sis\u00e4astioilla j\u00e4tteiden lajitteluj\u00e4rjestelm\u00e4t poljettava roskakori ruostumaton ter\u00e4s 45 litraa 3 x 15 l, v\u00e4rillinen<\/p>\n","protected":false},"featured_media":43921,"comment_status":"open","ping_status":"closed","template":"","meta":[],"product_brand":[],"product_cat":[32],"product_tag":[],"class_list":{"0":"post-35340","1":"product","2":"type-product","3":"status-publish","4":"has-post-thumbnail","6":"product_cat-uncategorized-fi","8":"first","9":"instock","10":"shipping-taxable","11":"purchasable","12":"product-type-simple"},"_links":{"self":[{"href":"https:\/\/nordicmart.andreevmaster.com\/fi\/wp-json\/wp\/v2\/product\/35340","targetHints":{"allow":["GET"]}}],"collection":[{"href":"https:\/\/nordicmart.andreevmaster.com\/fi\/wp-json\/wp\/v2\/product"}],"about":[{"href":"https:\/\/nordicmart.andreevmaster.com\/fi\/wp-json\/wp\/v2\/types\/product"}],"replies":[{"embeddable":true,"href":"https:\/\/nordicmart.andreevmaster.com\/fi\/wp-json\/wp\/v2\/comments?post=35340"}],"wp:featuredmedia":[{"embeddable":true,"href":"https:\/\/nordicmart.andreevmaster.com\/fi\/wp-json\/wp\/v2\/media\/43921"}],"wp:attachment":[{"href":"https:\/\/nordicmart.andreevmaster.com\/fi\/wp-json\/wp\/v2\/media?parent=35340"}],"wp:term":[{"taxonomy":"product_brand","embeddable":true,"href":"https:\/\/nordicmart.andreevmaster.com\/fi\/wp-json\/wp\/v2\/product_brand?post=35340"},{"taxonomy":"product_cat","embeddable":true,"href":"https:\/\/nordicmart.andreevmaster.com\/fi\/wp-json\/wp\/v2\/product_cat?post=35340"},{"taxonomy":"product_tag","embeddable":true,"href":"https:\/\/nordicmart.andreevmaster.com\/fi\/wp-json\/wp\/v2\/product_tag?post=35340"}],"curies":[{"name":"wp","href":"https:\/\/api.w.org\/{rel}","templated":true}]}}