{"id":35338,"date":"2026-02-27T00:29:32","date_gmt":"2026-02-27T00:29:32","guid":{"rendered":"https:\/\/nordicmart.andreevmaster.com\/product\/songmics-roskakori-40-litraa-2-x-20-l-valkoinen\/"},"modified":"2026-02-27T09:48:14","modified_gmt":"2026-02-27T09:48:14","slug":"songmics-roskakori-40-litraa-2-x-20-l-valkoinen","status":"publish","type":"product","link":"https:\/\/nordicmart.andreevmaster.com\/fi\/tuote\/songmics-roskakori-40-litraa-2-x-20-l-valkoinen\/","title":{"rendered":"SONGMICS roskakori 40 litraa (2 x 20 l) valkoinen"},"content":{"rendered":"<p>Miksi valita t\u00e4m\u00e4 roskakori? Valkoinen v\u00e4ri tuo keitti\u00f6\u00f6n ripauksen eleganssia. Vahvistettu ter\u00e4ksinen s\u00e4ili\u00f6 on tukeva ja kest\u00e4v\u00e4. Vakiotoiminnot: Kierr\u00e4tt\u00e4minen voi olla helppoa T\u00e4m\u00e4n 2 erillisen lokeron poljettavan roskakorin avulla voit helposti lajitella j\u00e4tteesi, esim. sekaj\u00e4tteet ja bioj\u00e4tteet. Sinun tarvitsee vain painaa poljinta ja heitt\u00e4\u00e4 j\u00e4tteet sis\u00e4astiaan. Sinun ei tarvitse edes koskettaa roskakoria k\u00e4sin, mik\u00e4 takaa hygienian. &#8221;Koiranpentu- ja lapsiturvallinen&#8221; roskakori. Kaiveleeko koirasi usein roskakoria? Kurottavatko lapsesi usein avoimeen astiaan? Jos n\u00e4in on, haluat varmasti lopettaa t\u00e4m\u00e4n. T\u00e4ss\u00e4 tulee apuun poljettava roskakori! Kansi avautuu vasta, kun painat poljinta. Laadukas materiaali ja k\u00e4yt\u00e4nn\u00f6llinen muotoilu tekev\u00e4t t\u00e4st\u00e4 roskakorista \u00e4lykk\u00e4\u00e4n ratkaisun j\u00e4tteiden h\u00e4vitt\u00e4miseen. Hanki t\u00e4m\u00e4 roskakori, ota se k\u00e4ytt\u00f6\u00f6n ja jaa tulokset kanssamme arvosteluissa! Tuotetiedot: V\u00e4ri: valkoinen Materiaali: jauhemaalattu ter\u00e4s, PP-muovi (sis\u00e4astia) Mitat: 44,5 x 36 x 60 cm (P x L x K) Sis\u00e4astian mitat: 28,5 x 19 x 50 cm (P x L x K\uff09Kokonaiskorkeus (kansi auki): 92 cmPaino: 9 kgToimitus sis\u00e4lt\u00e4\u00e4:1 x roskakoriSONGMICS-ohjeet:Puhdista tuote pyyhkim\u00e4ll\u00e4 se pehme\u00e4ll\u00e4, kostealla liinalla ja k\u00e4yt\u00e4 tarvittaessa mietoa puhdistusainetta.<\/p>\n","protected":false},"excerpt":{"rendered":"<p>SONGMICS 40 litran roskakori 2 lokerolla, 2 x 20 litraa, roskakori, metallinen poljettava roskakori, muovinen sis\u00e4kori, kansi ja kahvat, pehme\u00e4sti sulkeutuva, ilmatiivis, valkoinen LTB40WT<\/p>\n","protected":false},"featured_media":43919,"comment_status":"open","ping_status":"closed","template":"","meta":[],"product_brand":[],"product_cat":[32],"product_tag":[],"class_list":{"0":"post-35338","1":"product","2":"type-product","3":"status-publish","4":"has-post-thumbnail","6":"product_cat-uncategorized-fi","8":"first","9":"instock","10":"shipping-taxable","11":"purchasable","12":"product-type-simple"},"_links":{"self":[{"href":"https:\/\/nordicmart.andreevmaster.com\/fi\/wp-json\/wp\/v2\/product\/35338","targetHints":{"allow":["GET"]}}],"collection":[{"href":"https:\/\/nordicmart.andreevmaster.com\/fi\/wp-json\/wp\/v2\/product"}],"about":[{"href":"https:\/\/nordicmart.andreevmaster.com\/fi\/wp-json\/wp\/v2\/types\/product"}],"replies":[{"embeddable":true,"href":"https:\/\/nordicmart.andreevmaster.com\/fi\/wp-json\/wp\/v2\/comments?post=35338"}],"wp:featuredmedia":[{"embeddable":true,"href":"https:\/\/nordicmart.andreevmaster.com\/fi\/wp-json\/wp\/v2\/media\/43919"}],"wp:attachment":[{"href":"https:\/\/nordicmart.andreevmaster.com\/fi\/wp-json\/wp\/v2\/media?parent=35338"}],"wp:term":[{"taxonomy":"product_brand","embeddable":true,"href":"https:\/\/nordicmart.andreevmaster.com\/fi\/wp-json\/wp\/v2\/product_brand?post=35338"},{"taxonomy":"product_cat","embeddable":true,"href":"https:\/\/nordicmart.andreevmaster.com\/fi\/wp-json\/wp\/v2\/product_cat?post=35338"},{"taxonomy":"product_tag","embeddable":true,"href":"https:\/\/nordicmart.andreevmaster.com\/fi\/wp-json\/wp\/v2\/product_tag?post=35338"}],"curies":[{"name":"wp","href":"https:\/\/api.w.org\/{rel}","templated":true}]}}