{"id":35337,"date":"2026-02-27T00:29:32","date_gmt":"2026-02-27T00:29:32","guid":{"rendered":"https:\/\/nordicmart.andreevmaster.com\/product\/songmics-40-litran-roskakori-2-lokeroa-hopea\/"},"modified":"2026-02-27T09:48:13","modified_gmt":"2026-02-27T09:48:13","slug":"songmics-40-litran-roskakori-2-lokeroa-hopea","status":"publish","type":"product","link":"https:\/\/nordicmart.andreevmaster.com\/fi\/tuote\/songmics-40-litran-roskakori-2-lokeroa-hopea\/","title":{"rendered":"SONGMICS 40 litran roskakori, 2 lokeroa, hopea"},"content":{"rendered":"<p>Kierr\u00e4tt\u00e4minen voi olla helppoa: t\u00e4m\u00e4n 2 erillisell\u00e4 lokerolla varustetun poljinkorin avulla voit lajitella j\u00e4tteesi, esim. yhdyskuntaj\u00e4tteet ja bioj\u00e4tteet, helposti. Sinun tarvitsee vain painaa poljinta ja heitt\u00e4\u00e4 j\u00e4tteet sis\u00e4astiaan. Sinun ei tarvitse edes koskettaa roskakoria k\u00e4sin, mik\u00e4 takaa hygienian. &#8221;Koiranpentu- ja lapsiturvallinen&#8221; roskakori: Kaiveleeko koirasi usein roskakoria? K\u00e4yk\u00f6 lapsesi usein kaivamassa avoimessa roskakorissa? Jos n\u00e4in on, haluat varmasti lopettaa t\u00e4m\u00e4n. T\u00e4ss\u00e4 tulee poljettava roskakori! Kansi avautuu vasta, kun painat poljinta. Tuotetiedot: V\u00e4ri: hopea Koko: 44,5 x 36 x 60 cm (P x L x K) Sis\u00e4astian koko: 19 x 28,5 x 50 cm (P x L x K\uff09Kokonaiskorkeus (kansi auki): 92 cmPaino: 7,1 kgToimitus sis\u00e4lt\u00e4\u00e4:1 x roskakoriSONGMICS Huomautukset:Puhdista tuote pyyhkim\u00e4ll\u00e4 se pehme\u00e4ll\u00e4, kostutetulla liinalla ja k\u00e4yt\u00e4 tarvittaessa mietoa puhdistusainetta.<\/p>\n","protected":false},"excerpt":{"rendered":"<p>SONGMICS 40 litran roskakori 2 lokerolla, 2 x 20 litraa, roskakori, metallinen poljettava roskakori, muovinen sis\u00e4kori, kansi ja kahvat, pehme\u00e4sti sulkeutuva, ilmatiivis, valkoinen LTB40WT<\/p>\n","protected":false},"featured_media":43918,"comment_status":"open","ping_status":"closed","template":"","meta":[],"product_brand":[],"product_cat":[32],"product_tag":[],"class_list":{"0":"post-35337","1":"product","2":"type-product","3":"status-publish","4":"has-post-thumbnail","6":"product_cat-uncategorized-fi","8":"first","9":"instock","10":"shipping-taxable","11":"purchasable","12":"product-type-simple"},"_links":{"self":[{"href":"https:\/\/nordicmart.andreevmaster.com\/fi\/wp-json\/wp\/v2\/product\/35337","targetHints":{"allow":["GET"]}}],"collection":[{"href":"https:\/\/nordicmart.andreevmaster.com\/fi\/wp-json\/wp\/v2\/product"}],"about":[{"href":"https:\/\/nordicmart.andreevmaster.com\/fi\/wp-json\/wp\/v2\/types\/product"}],"replies":[{"embeddable":true,"href":"https:\/\/nordicmart.andreevmaster.com\/fi\/wp-json\/wp\/v2\/comments?post=35337"}],"wp:featuredmedia":[{"embeddable":true,"href":"https:\/\/nordicmart.andreevmaster.com\/fi\/wp-json\/wp\/v2\/media\/43918"}],"wp:attachment":[{"href":"https:\/\/nordicmart.andreevmaster.com\/fi\/wp-json\/wp\/v2\/media?parent=35337"}],"wp:term":[{"taxonomy":"product_brand","embeddable":true,"href":"https:\/\/nordicmart.andreevmaster.com\/fi\/wp-json\/wp\/v2\/product_brand?post=35337"},{"taxonomy":"product_cat","embeddable":true,"href":"https:\/\/nordicmart.andreevmaster.com\/fi\/wp-json\/wp\/v2\/product_cat?post=35337"},{"taxonomy":"product_tag","embeddable":true,"href":"https:\/\/nordicmart.andreevmaster.com\/fi\/wp-json\/wp\/v2\/product_tag?post=35337"}],"curies":[{"name":"wp","href":"https:\/\/api.w.org\/{rel}","templated":true}]}}