{"id":35332,"date":"2026-02-27T00:29:31","date_gmt":"2026-02-27T00:29:31","guid":{"rendered":"https:\/\/nordicmart.andreevmaster.com\/product\/songmics-jateastia-30-litraa-2-x-15-l\/"},"modified":"2026-02-27T09:48:12","modified_gmt":"2026-02-27T09:48:12","slug":"songmics-jateastia-30-litraa-2-x-15-l","status":"publish","type":"product","link":"https:\/\/nordicmart.andreevmaster.com\/fi\/tuote\/songmics-jateastia-30-litraa-2-x-15-l\/","title":{"rendered":"SONGMICS J\u00e4teastia 30 litraa (2 x 15 l)"},"content":{"rendered":"<p>Songmics-roskakori on varustettu tyylikk\u00e4\u00e4ll\u00e4 klassisella lajitteluj\u00e4rjestelm\u00e4ll\u00e4. Suojele ymp\u00e4rist\u00f6\u00e4 ja lajittele j\u00e4tteet optimaalisesti t\u00e4ll\u00e4 roskakorilla. Yksinkertainen, k\u00e4yt\u00e4nn\u00f6llinen ja optimaalinen!  Kaksi irrotettavaa sis\u00e4koria on helppo tyhjent\u00e4\u00e4 kahvojen ansiosta. \u00c4lyk\u00e4s lajitteluj\u00e4rjestelm\u00e4, jossa on suuri tilavuus (15 l kumpikin) ja kompaktit mitat. Poljintoiminto mahdollistaa roskakorin hygieenisen k\u00e4yt\u00f6n.  T\u00e4m\u00e4 Songmics-ruostumattomasta ter\u00e4ksest\u00e4 valmistettu poljintyyppinen roskakori t\u00e4ytt\u00e4\u00e4 tarkoituksensa t\u00e4ysin. Sen kaunis ja moderni muotoilu sopii ihanteellisesti kaikkiin kodin tiloihin, hissiin, puutarhaan jne. Ei saisi puuttua mist\u00e4\u00e4n kotitaloudesta!  Tuotetiedot:  &#8211; Materiaali: ruostumaton ter\u00e4s (kotelo); muovi (sis\u00e4astia)  &#8211; Ulkomitat: 39,5 x 48 x 30,5 cm (L x K x S)  &#8211; Sis\u00e4astian mitat: 25 x 40,5 x 17,5 cm (L x K x S)  &#8211; V\u00e4ri: hopea  &#8211; Nettopaino: 4,3 kg  &#8211; Bruttopaino: 6,45 kg  Toimitus sis\u00e4lt\u00e4\u00e4:  &#8211; 1x roskas\u00e4ili\u00f6<\/p>\n","protected":false},"excerpt":{"rendered":"<p>SONGMICS 30 litran roskakori J\u00e4tteiden lajittelu J\u00e4tteiden lajitteluj\u00e4rjestelm\u00e4t, 2 sis\u00e4astiaa Jalkapoljettava roskakori keitti\u00f6\u00f6n Ruostumaton ter\u00e4s 2 x 15 litraa LTB30H<\/p>\n","protected":false},"featured_media":43914,"comment_status":"open","ping_status":"closed","template":"","meta":[],"product_brand":[],"product_cat":[32],"product_tag":[],"class_list":{"0":"post-35332","1":"product","2":"type-product","3":"status-publish","4":"has-post-thumbnail","6":"product_cat-uncategorized-fi","8":"first","9":"instock","10":"shipping-taxable","11":"purchasable","12":"product-type-simple"},"_links":{"self":[{"href":"https:\/\/nordicmart.andreevmaster.com\/fi\/wp-json\/wp\/v2\/product\/35332","targetHints":{"allow":["GET"]}}],"collection":[{"href":"https:\/\/nordicmart.andreevmaster.com\/fi\/wp-json\/wp\/v2\/product"}],"about":[{"href":"https:\/\/nordicmart.andreevmaster.com\/fi\/wp-json\/wp\/v2\/types\/product"}],"replies":[{"embeddable":true,"href":"https:\/\/nordicmart.andreevmaster.com\/fi\/wp-json\/wp\/v2\/comments?post=35332"}],"wp:featuredmedia":[{"embeddable":true,"href":"https:\/\/nordicmart.andreevmaster.com\/fi\/wp-json\/wp\/v2\/media\/43914"}],"wp:attachment":[{"href":"https:\/\/nordicmart.andreevmaster.com\/fi\/wp-json\/wp\/v2\/media?parent=35332"}],"wp:term":[{"taxonomy":"product_brand","embeddable":true,"href":"https:\/\/nordicmart.andreevmaster.com\/fi\/wp-json\/wp\/v2\/product_brand?post=35332"},{"taxonomy":"product_cat","embeddable":true,"href":"https:\/\/nordicmart.andreevmaster.com\/fi\/wp-json\/wp\/v2\/product_cat?post=35332"},{"taxonomy":"product_tag","embeddable":true,"href":"https:\/\/nordicmart.andreevmaster.com\/fi\/wp-json\/wp\/v2\/product_tag?post=35332"}],"curies":[{"name":"wp","href":"https:\/\/api.w.org\/{rel}","templated":true}]}}