{"id":35331,"date":"2026-02-27T00:29:30","date_gmt":"2026-02-27T00:29:30","guid":{"rendered":"https:\/\/nordicmart.andreevmaster.com\/product\/songmics-jateerottelujarjestelma-30-litraa-2-x-15-l\/"},"modified":"2026-02-27T09:48:12","modified_gmt":"2026-02-27T09:48:12","slug":"songmics-jateerottelujarjestelma-30-litraa-2-x-15-l","status":"publish","type":"product","link":"https:\/\/nordicmart.andreevmaster.com\/fi\/tuote\/songmics-jateerottelujarjestelma-30-litraa-2-x-15-l\/","title":{"rendered":"SONGMICS J\u00e4teerotteluj\u00e4rjestelm\u00e4 30 litraa (2 x 15 l)"},"content":{"rendered":"<p>Kest\u00e4v\u00e4 ja pitk\u00e4ik\u00e4inen ruostumattomasta ter\u00e4ksest\u00e4 valmistettu kotelo (paksuus 0,35 mm) lis\u00e4\u00e4 paineenkest\u00e4vyytt\u00e4, ja helposti puhdistettava kotelo on korroosionkest\u00e4v\u00e4. Kahden kahvan ansiosta j\u00e4teastiaa on helppo siirt\u00e4\u00e4. Ymp\u00e4rist\u00f6yst\u00e4v\u00e4llisest\u00e4 muovista valmistettu kansi sulkee j\u00e4teastian tiiviisti, ja ergonomisen kannen muotoilun ansiosta j\u00e4teastia avautuu helposti ja sulkeutuu hiljaisesti. Sis\u00e4astiat ovat irrotettavat, mik\u00e4 on eritt\u00e4in k\u00e4tev\u00e4\u00e4 j\u00e4tteiden siirt\u00e4misess\u00e4 ja astioiden tyhjent\u00e4misess\u00e4. Jalkapolkimet ovat tukevat ja kest\u00e4v\u00e4t. Luistamaton ja vedenpit\u00e4v\u00e4 jalusta suojaa lattiaasi naarmuilta. Tuotetiedot: Materiaali: Mattater\u00e4s (kotelo) + PP-muovi (sis\u00e4astia) + ABS-muovi (kansi) Ulkomitat: 41 x 47 x 36 cm (L x K x S) Sis\u00e4astian mitat: 26,5 x 40,5 x 18 cm (L x K x S) Kannen mitat t\u00e4ysin auki: 41 x 73,5 x 36 cm (L x K x S)Jalkapolkimen mitat: 11,5 x 4 cm; putken halkaisija: 1 cmV\u00e4ri: hopea (kotelo), musta (sis\u00e4astia, kansi)Nettopaino: 5,1 kgBruttopaino: 8,6 kgToimitus sis\u00e4lt\u00e4\u00e4:1 x roskakori<\/p>\n","protected":false},"excerpt":{"rendered":"<p>SONGMICS 30 litran roskakori J\u00e4tteiden lajittelu J\u00e4tteiden lajitteluj\u00e4rjestelm\u00e4t, 2 sis\u00e4astiaa Jalkapoljettava roskakori keitti\u00f6\u00f6n Ruostumaton ter\u00e4s 2 x 15 litraa LTB30H<\/p>\n","protected":false},"featured_media":0,"comment_status":"open","ping_status":"closed","template":"","meta":[],"product_brand":[],"product_cat":[32],"product_tag":[],"class_list":{"0":"post-35331","1":"product","2":"type-product","3":"status-publish","5":"product_cat-uncategorized-fi","7":"first","8":"instock","9":"shipping-taxable","10":"purchasable","11":"product-type-simple"},"_links":{"self":[{"href":"https:\/\/nordicmart.andreevmaster.com\/fi\/wp-json\/wp\/v2\/product\/35331","targetHints":{"allow":["GET"]}}],"collection":[{"href":"https:\/\/nordicmart.andreevmaster.com\/fi\/wp-json\/wp\/v2\/product"}],"about":[{"href":"https:\/\/nordicmart.andreevmaster.com\/fi\/wp-json\/wp\/v2\/types\/product"}],"replies":[{"embeddable":true,"href":"https:\/\/nordicmart.andreevmaster.com\/fi\/wp-json\/wp\/v2\/comments?post=35331"}],"wp:attachment":[{"href":"https:\/\/nordicmart.andreevmaster.com\/fi\/wp-json\/wp\/v2\/media?parent=35331"}],"wp:term":[{"taxonomy":"product_brand","embeddable":true,"href":"https:\/\/nordicmart.andreevmaster.com\/fi\/wp-json\/wp\/v2\/product_brand?post=35331"},{"taxonomy":"product_cat","embeddable":true,"href":"https:\/\/nordicmart.andreevmaster.com\/fi\/wp-json\/wp\/v2\/product_cat?post=35331"},{"taxonomy":"product_tag","embeddable":true,"href":"https:\/\/nordicmart.andreevmaster.com\/fi\/wp-json\/wp\/v2\/product_tag?post=35331"}],"curies":[{"name":"wp","href":"https:\/\/api.w.org\/{rel}","templated":true}]}}