{"id":35329,"date":"2026-02-27T00:29:30","date_gmt":"2026-02-27T00:29:30","guid":{"rendered":"https:\/\/nordicmart.andreevmaster.com\/product\/songmics-roskakori-30-litraa-savuharmaa-musta\/"},"modified":"2026-02-27T09:48:12","modified_gmt":"2026-02-27T09:48:12","slug":"songmics-roskakori-30-litraa-savuharmaa-musta","status":"publish","type":"product","link":"https:\/\/nordicmart.andreevmaster.com\/fi\/tuote\/songmics-roskakori-30-litraa-savuharmaa-musta\/","title":{"rendered":"SONGMICS roskakori 30 litraa savuharmaa-musta"},"content":{"rendered":"<p>Kierr\u00e4tt\u00e4minen voi olla helppoa: t\u00e4m\u00e4n 2 erillisen osaston poljinkorin avulla voit lajitella j\u00e4tteesi, esim. sekaj\u00e4tteet ja bioj\u00e4tteet, helposti. Sinun tarvitsee vain painaa poljinta ja heitt\u00e4\u00e4 j\u00e4tteet sis\u00e4astiaan. Sinun ei tarvitse edes koskettaa roskakoria k\u00e4sin, mik\u00e4 takaa hygienian. &#8221;Koiranpentu- ja lapsiturvallinen&#8221; roskakori: Kaiveleeko koirasi usein roskakoria? K\u00e4yk\u00f6 lapsesi usein kaivamassa avoimessa roskakorissa? Jos n\u00e4in on, haluat varmasti lopettaa t\u00e4m\u00e4n. T\u00e4ss\u00e4 tulee poljettava roskakori! Kansi avautuu vasta, kun painat poljinta. Tuotetiedot: V\u00e4ri: savuharmaa-musta Materiaali: ruostumaton ter\u00e4s, ABS-muovi Kokonaiskoko: 39,9 x 30 x 47 cm (P x L x K) Sis\u00e4astian koko: 18,4 x 26,3 x 40 cm (P x L x K) Kokonaiskorkeus (kansi auki): 72 cm Paino: 4,3 kg Toimitus sis\u00e4lt\u00e4\u00e4: 1 x roskakori<\/p>\n","protected":false},"excerpt":{"rendered":"<p>SONGMICS 30 litran roskakori J\u00e4tteiden lajittelu J\u00e4tteiden lajitteluj\u00e4rjestelm\u00e4t, 2 sis\u00e4astiaa Jalkapoljettava roskakori keitti\u00f6\u00f6n Ruostumaton ter\u00e4s 2 x 15 litraa LTB30H<\/p>\n","protected":false},"featured_media":43913,"comment_status":"open","ping_status":"closed","template":"","meta":[],"product_brand":[],"product_cat":[32],"product_tag":[],"class_list":{"0":"post-35329","1":"product","2":"type-product","3":"status-publish","4":"has-post-thumbnail","6":"product_cat-uncategorized-fi","8":"first","9":"instock","10":"shipping-taxable","11":"purchasable","12":"product-type-simple"},"_links":{"self":[{"href":"https:\/\/nordicmart.andreevmaster.com\/fi\/wp-json\/wp\/v2\/product\/35329","targetHints":{"allow":["GET"]}}],"collection":[{"href":"https:\/\/nordicmart.andreevmaster.com\/fi\/wp-json\/wp\/v2\/product"}],"about":[{"href":"https:\/\/nordicmart.andreevmaster.com\/fi\/wp-json\/wp\/v2\/types\/product"}],"replies":[{"embeddable":true,"href":"https:\/\/nordicmart.andreevmaster.com\/fi\/wp-json\/wp\/v2\/comments?post=35329"}],"wp:featuredmedia":[{"embeddable":true,"href":"https:\/\/nordicmart.andreevmaster.com\/fi\/wp-json\/wp\/v2\/media\/43913"}],"wp:attachment":[{"href":"https:\/\/nordicmart.andreevmaster.com\/fi\/wp-json\/wp\/v2\/media?parent=35329"}],"wp:term":[{"taxonomy":"product_brand","embeddable":true,"href":"https:\/\/nordicmart.andreevmaster.com\/fi\/wp-json\/wp\/v2\/product_brand?post=35329"},{"taxonomy":"product_cat","embeddable":true,"href":"https:\/\/nordicmart.andreevmaster.com\/fi\/wp-json\/wp\/v2\/product_cat?post=35329"},{"taxonomy":"product_tag","embeddable":true,"href":"https:\/\/nordicmart.andreevmaster.com\/fi\/wp-json\/wp\/v2\/product_tag?post=35329"}],"curies":[{"name":"wp","href":"https:\/\/api.w.org\/{rel}","templated":true}]}}