{"id":35328,"date":"2026-02-27T00:29:30","date_gmt":"2026-02-27T00:29:30","guid":{"rendered":"https:\/\/nordicmart.andreevmaster.com\/product\/songmics-roskakori-30-l-musta\/"},"modified":"2026-02-27T09:48:12","modified_gmt":"2026-02-27T09:48:12","slug":"songmics-roskakori-30-l-musta","status":"publish","type":"product","link":"https:\/\/nordicmart.andreevmaster.com\/fi\/tuote\/songmics-roskakori-30-l-musta\/","title":{"rendered":"SONGMICS roskakori 30 l musta"},"content":{"rendered":"<p>Kierr\u00e4tt\u00e4minen voi olla helppoa: t\u00e4m\u00e4n 2 erillisen osaston poljink\u00e4ytt\u00f6isen roskakorin avulla voit lajitella roskasi, esim. j\u00e4tteet ja bioj\u00e4tteet, helposti. Sinun tarvitsee vain painaa poljinta ja heitt\u00e4\u00e4 j\u00e4tteet sis\u00e4astiaan. Sinun ei tarvitse edes koskettaa roskakoria k\u00e4sin, mik\u00e4 takaa hygienian. &#8221;Koiranpentu- ja lapsiturvallinen&#8221; roskakori: Kaiveleeko koirasi usein roskakoria? K\u00e4yk\u00f6 lapsesi usein kaivamassa avoimessa roskakorissa? Jos n\u00e4in on, haluat varmasti lopettaa t\u00e4m\u00e4n. T\u00e4ss\u00e4 tulee poljettava roskakori! Kansi avautuu vasta, kun painat poljinta. Tuotetiedot: V\u00e4ri: musta Materiaali: ter\u00e4s (ulkopuoli), PP-muovi (sis\u00e4osa), ABS-muovi (kansi) Koko: 41 x 36 x (47-73,5) cm (P x L x K) Sis\u00e4astian koko: 26,5 x 18 x 40,5 cm (P x L x K) Polkimen koko: 11,5 x 4 cm (P x L) Halkaisija: 1 cm Paino: 5,1 kg Toimitus sis\u00e4lt\u00e4\u00e4: 1 x roskakori SONGMICS Huomautukset: Puhdista tuote pyyhkim\u00e4ll\u00e4 se pehme\u00e4ll\u00e4, kostealla liinalla ja k\u00e4yt\u00e4 tarvittaessa mietoa puhdistusainetta. Aseta tuote tasaiselle alustalle. \u00c4l\u00e4 sulje roskakorin kantta kokonaan k\u00e4sin, koska se voi sulkeutua automaattisesti.<\/p>\n","protected":false},"excerpt":{"rendered":"<p>SONGMICS 30 litran roskakori J\u00e4tteiden lajittelu J\u00e4tteiden lajitteluj\u00e4rjestelm\u00e4t, 2 sis\u00e4astiaa Jalkapoljettava roskakori keitti\u00f6\u00f6n Ruostumaton ter\u00e4s 2 x 15 litraa LTB30H<\/p>\n","protected":false},"featured_media":0,"comment_status":"open","ping_status":"closed","template":"","meta":[],"product_brand":[],"product_cat":[32],"product_tag":[],"class_list":{"0":"post-35328","1":"product","2":"type-product","3":"status-publish","5":"product_cat-uncategorized-fi","7":"first","8":"instock","9":"shipping-taxable","10":"purchasable","11":"product-type-simple"},"_links":{"self":[{"href":"https:\/\/nordicmart.andreevmaster.com\/fi\/wp-json\/wp\/v2\/product\/35328","targetHints":{"allow":["GET"]}}],"collection":[{"href":"https:\/\/nordicmart.andreevmaster.com\/fi\/wp-json\/wp\/v2\/product"}],"about":[{"href":"https:\/\/nordicmart.andreevmaster.com\/fi\/wp-json\/wp\/v2\/types\/product"}],"replies":[{"embeddable":true,"href":"https:\/\/nordicmart.andreevmaster.com\/fi\/wp-json\/wp\/v2\/comments?post=35328"}],"wp:attachment":[{"href":"https:\/\/nordicmart.andreevmaster.com\/fi\/wp-json\/wp\/v2\/media?parent=35328"}],"wp:term":[{"taxonomy":"product_brand","embeddable":true,"href":"https:\/\/nordicmart.andreevmaster.com\/fi\/wp-json\/wp\/v2\/product_brand?post=35328"},{"taxonomy":"product_cat","embeddable":true,"href":"https:\/\/nordicmart.andreevmaster.com\/fi\/wp-json\/wp\/v2\/product_cat?post=35328"},{"taxonomy":"product_tag","embeddable":true,"href":"https:\/\/nordicmart.andreevmaster.com\/fi\/wp-json\/wp\/v2\/product_tag?post=35328"}],"curies":[{"name":"wp","href":"https:\/\/api.w.org\/{rel}","templated":true}]}}