{"id":35327,"date":"2026-02-27T00:29:29","date_gmt":"2026-02-27T00:29:29","guid":{"rendered":"https:\/\/nordicmart.andreevmaster.com\/product\/songmics-jatehuoltojarjestelma-2-lokeroa-2-x-15-l-kannella-hiekanbeige-mustanmusta\/"},"modified":"2026-02-27T09:48:12","modified_gmt":"2026-02-27T09:48:12","slug":"songmics-jatehuoltojarjestelma-2-lokeroa-2-x-15-l-kannella-hiekanbeige-mustanmusta","status":"publish","type":"product","link":"https:\/\/nordicmart.andreevmaster.com\/fi\/tuote\/songmics-jatehuoltojarjestelma-2-lokeroa-2-x-15-l-kannella-hiekanbeige-mustanmusta\/","title":{"rendered":"SONGMICS J\u00e4tehuoltoj\u00e4rjestelm\u00e4 2 lokeroa 2 x 15 l kannella hiekanbeige-mustanmusta"},"content":{"rendered":"<p>SONGMICS 30 litran roskakori J\u00e4tteiden lajittelu J\u00e4tteiden lajitteluj\u00e4rjestelm\u00e4t, 2 sis\u00e4astiaa Jalkapoljettava roskakori keitti\u00f6\u00f6n Ruostumaton ter\u00e4s 2 x 15 litraa LTB30H<br \/>\nV\u00e4ri: hiekanbeige-mustanmusta<br \/>\nMateriaali: Ulkokuori ter\u00e4st\u00e4, sis\u00e4kori PP-muovia, kansi ABS-muovia<br \/>\nKoko (ilman jalkapoljinta): 41 x 31,5 x 47 cm (P x L x K)<br \/>\nKokonaiskorkeus (kansi auki): 73,5 cm<br \/>\nSis\u00e4astian koko: 18,4 x 26,3 x 40 cm (P x L x K)<br \/>\nJalkapolkimen koko: 11 x 3,5 cm (P x L)<br \/>\nTilavuus: 2 x 15 litraa<br \/>\nPaino: 5,1 kg<\/p>\n","protected":false},"excerpt":{"rendered":"<p>SONGMICS 30 litran roskakori J\u00e4tteiden lajittelu J\u00e4tteiden lajitteluj\u00e4rjestelm\u00e4t, 2 sis\u00e4astiaa Jalkapoljettava roskakori keitti\u00f6\u00f6n Ruostumaton ter\u00e4s 2 x 15 litraa LTB30H<\/p>\n","protected":false},"featured_media":0,"comment_status":"open","ping_status":"closed","template":"","meta":[],"product_brand":[],"product_cat":[32],"product_tag":[],"class_list":{"0":"post-35327","1":"product","2":"type-product","3":"status-publish","5":"product_cat-uncategorized-fi","7":"first","8":"instock","9":"shipping-taxable","10":"purchasable","11":"product-type-simple"},"_links":{"self":[{"href":"https:\/\/nordicmart.andreevmaster.com\/fi\/wp-json\/wp\/v2\/product\/35327","targetHints":{"allow":["GET"]}}],"collection":[{"href":"https:\/\/nordicmart.andreevmaster.com\/fi\/wp-json\/wp\/v2\/product"}],"about":[{"href":"https:\/\/nordicmart.andreevmaster.com\/fi\/wp-json\/wp\/v2\/types\/product"}],"replies":[{"embeddable":true,"href":"https:\/\/nordicmart.andreevmaster.com\/fi\/wp-json\/wp\/v2\/comments?post=35327"}],"wp:attachment":[{"href":"https:\/\/nordicmart.andreevmaster.com\/fi\/wp-json\/wp\/v2\/media?parent=35327"}],"wp:term":[{"taxonomy":"product_brand","embeddable":true,"href":"https:\/\/nordicmart.andreevmaster.com\/fi\/wp-json\/wp\/v2\/product_brand?post=35327"},{"taxonomy":"product_cat","embeddable":true,"href":"https:\/\/nordicmart.andreevmaster.com\/fi\/wp-json\/wp\/v2\/product_cat?post=35327"},{"taxonomy":"product_tag","embeddable":true,"href":"https:\/\/nordicmart.andreevmaster.com\/fi\/wp-json\/wp\/v2\/product_tag?post=35327"}],"curies":[{"name":"wp","href":"https:\/\/api.w.org\/{rel}","templated":true}]}}