{"id":35326,"date":"2026-02-27T00:29:29","date_gmt":"2026-02-27T00:29:29","guid":{"rendered":"https:\/\/nordicmart.andreevmaster.com\/product\/songmics-roskakori-3-lokerolla\/"},"modified":"2026-02-27T09:48:11","modified_gmt":"2026-02-27T09:48:11","slug":"songmics-roskakori-3-lokerolla","status":"publish","type":"product","link":"https:\/\/nordicmart.andreevmaster.com\/fi\/tuote\/songmics-roskakori-3-lokerolla\/","title":{"rendered":"SONGMICS-roskakori 3 lokerolla"},"content":{"rendered":"<p>Kierr\u00e4tys? Ei todellakaan ole monimutkaista! T\u00e4m\u00e4n 3 erillisen osaston poljinkorin avulla voit helposti lajitella j\u00e4tteesi, esim. j\u00e4\u00e4nn\u00f6sj\u00e4tteet ja bioj\u00e4tteet. Sinun tarvitsee vain painaa poljinta ja heitt\u00e4\u00e4 j\u00e4tteet sis\u00e4korin sis\u00e4\u00e4n. Sinun ei tarvitse edes koskettaa roskakoria k\u00e4sin, mik\u00e4 takaa hygienian.T\u00e4m\u00e4n roskakorin parhaat ominaisuudet: &#8211; Ilmatiivis suljin est\u00e4\u00e4 ep\u00e4miellytt\u00e4v\u00e4t hajut. &#8211; Laadukas materiaali takaa pitk\u00e4n k\u00e4ytt\u00f6i\u00e4n. &#8211; Erilliset osastot mahdollistavat j\u00e4tteiden lajittelun materiaalin mukaan. &#8211; K\u00e4tev\u00e4 kahva helpottaa roskakorin siirt\u00e4mist\u00e4. &#8211; 3 irrotettavaa sis\u00e4astiaa metallikahvoilla helpottavat j\u00e4tteiden h\u00e4vitt\u00e4mist\u00e4.- Voidaan sijoittaa sein\u00e4\u00e4 vasten tilan s\u00e4\u00e4st\u00e4miseksi. Tuotetiedot: &#8211; V\u00e4ri: valkoinen-harmaa &#8211; Materiaali: ter\u00e4s (ulkokori), muovi (sis\u00e4kori), ABS-muovi (kansi) &#8211; Koko: 46,5 x 29,5 x (40,5-65) cm (P x L x K) &#8211; Sis\u00e4kori: 14 x 23 x 35 cm (P x L x K) &#8211; Paino: 4,2 kg Toimitus sis\u00e4lt\u00e4\u00e4: &#8211; 1 x roskakori SONGMICS Huomautukset:- Puhdista tuote pyyhkim\u00e4ll\u00e4 se pehme\u00e4ll\u00e4, kostealla liinalla ja k\u00e4yt\u00e4 tarvittaessa mietoa puhdistusainetta. &#8211; Aseta tuote tasaiselle alustalle. &#8211; \u00c4l\u00e4 sulje roskakorin kantta kokonaan k\u00e4sin, koska se voi sulkeutua automaattisesti.<\/p>\n","protected":false},"excerpt":{"rendered":"<p>SONGMICS Keitti\u00f6n roskakori, 3-in-1-roskakori, 24 litraa, j\u00e4tteiden lajittelu, metallinen poljettava roskakori, j\u00e4tteiden lajitteluj\u00e4rjestelm\u00e4, kest\u00e4v\u00e4, helppo puhdistaa, ter\u00e4s, savuharmaa LTB24GS<\/p>\n","protected":false},"featured_media":43912,"comment_status":"open","ping_status":"closed","template":"","meta":[],"product_brand":[],"product_cat":[32],"product_tag":[],"class_list":{"0":"post-35326","1":"product","2":"type-product","3":"status-publish","4":"has-post-thumbnail","6":"product_cat-uncategorized-fi","8":"first","9":"instock","10":"shipping-taxable","11":"purchasable","12":"product-type-simple"},"_links":{"self":[{"href":"https:\/\/nordicmart.andreevmaster.com\/fi\/wp-json\/wp\/v2\/product\/35326","targetHints":{"allow":["GET"]}}],"collection":[{"href":"https:\/\/nordicmart.andreevmaster.com\/fi\/wp-json\/wp\/v2\/product"}],"about":[{"href":"https:\/\/nordicmart.andreevmaster.com\/fi\/wp-json\/wp\/v2\/types\/product"}],"replies":[{"embeddable":true,"href":"https:\/\/nordicmart.andreevmaster.com\/fi\/wp-json\/wp\/v2\/comments?post=35326"}],"wp:featuredmedia":[{"embeddable":true,"href":"https:\/\/nordicmart.andreevmaster.com\/fi\/wp-json\/wp\/v2\/media\/43912"}],"wp:attachment":[{"href":"https:\/\/nordicmart.andreevmaster.com\/fi\/wp-json\/wp\/v2\/media?parent=35326"}],"wp:term":[{"taxonomy":"product_brand","embeddable":true,"href":"https:\/\/nordicmart.andreevmaster.com\/fi\/wp-json\/wp\/v2\/product_brand?post=35326"},{"taxonomy":"product_cat","embeddable":true,"href":"https:\/\/nordicmart.andreevmaster.com\/fi\/wp-json\/wp\/v2\/product_cat?post=35326"},{"taxonomy":"product_tag","embeddable":true,"href":"https:\/\/nordicmart.andreevmaster.com\/fi\/wp-json\/wp\/v2\/product_tag?post=35326"}],"curies":[{"name":"wp","href":"https:\/\/api.w.org\/{rel}","templated":true}]}}