{"id":35325,"date":"2026-02-27T00:29:29","date_gmt":"2026-02-27T00:29:29","guid":{"rendered":"https:\/\/nordicmart.andreevmaster.com\/product\/songmics-jateastia-24-litraa-3-x-8-l\/"},"modified":"2026-02-27T09:48:11","modified_gmt":"2026-02-27T09:48:11","slug":"songmics-jateastia-24-litraa-3-x-8-l","status":"publish","type":"product","link":"https:\/\/nordicmart.andreevmaster.com\/fi\/tuote\/songmics-jateastia-24-litraa-3-x-8-l\/","title":{"rendered":"SONGMICS J\u00e4teastia 24 litraa (3 x 8 l)"},"content":{"rendered":"<p>Songmics-roskakori on varustettu tyylikk\u00e4\u00e4ll\u00e4 klassisella lajitteluj\u00e4rjestelm\u00e4ll\u00e4. Suojele ymp\u00e4rist\u00f6\u00e4 ja lajittele j\u00e4tteet optimaalisesti t\u00e4ll\u00e4 roskakorilla. Yksinkertainen, k\u00e4yt\u00e4nn\u00f6llinen ja optimaalinen! Kolme irrotettavaa sis\u00e4astiaa on varustettu kahvoilla, jotka helpottavat ja nopeuttavat tyhjent\u00e4mist\u00e4. \u00c4lyk\u00e4s erotteluj\u00e4rjestelm\u00e4, jossa on suuri tilavuus (8 l kukin) ja kompaktit mitat. Poljintoiminto mahdollistaa roskakorin hygieenisen k\u00e4yt\u00f6n.  T\u00e4m\u00e4 Songmics-ruostumattomasta ter\u00e4ksest\u00e4 valmistettu poljintyyppinen roskakori t\u00e4ytt\u00e4\u00e4 tarkoituksensa t\u00e4ysin. Sen kaunis ja moderni muotoilu sopii ihanteellisesti kaikkiin kodin tiloihin, hissiin, puutarhaan jne. Ei saisi puuttua mist\u00e4\u00e4n kotitaloudesta! Tuotetiedot:  &#8211; Materiaali: ruostumaton ter\u00e4s (kotelo); muovi (sis\u00e4astia) &#8211; Ulkomitat: 46,5 x 40,5 x 29,5 cm (L x K x S)  &#8211; Sis\u00e4astian mitat: 23 x 35 x 14 cm (L x K x S)  &#8211; V\u00e4ri: hopea &#8211; Nettopaino: 4,2 kg &#8211; Bruttopaino: 6,42 kg Toimitus sis\u00e4lt\u00e4\u00e4:  &#8211; 1x roskas\u00e4ili\u00f6<\/p>\n","protected":false},"excerpt":{"rendered":"<p>SONGMICS Keitti\u00f6n roskakori, 3-in-1-roskakori, 24 litraa, j\u00e4tteiden lajittelu, metallinen poljettava roskakori, j\u00e4tteiden lajitteluj\u00e4rjestelm\u00e4, kest\u00e4v\u00e4, helppo puhdistaa, ter\u00e4s, savuharmaa LTB24GS<\/p>\n","protected":false},"featured_media":43911,"comment_status":"open","ping_status":"closed","template":"","meta":[],"product_brand":[],"product_cat":[32],"product_tag":[],"class_list":{"0":"post-35325","1":"product","2":"type-product","3":"status-publish","4":"has-post-thumbnail","6":"product_cat-uncategorized-fi","8":"first","9":"instock","10":"shipping-taxable","11":"purchasable","12":"product-type-simple"},"_links":{"self":[{"href":"https:\/\/nordicmart.andreevmaster.com\/fi\/wp-json\/wp\/v2\/product\/35325","targetHints":{"allow":["GET"]}}],"collection":[{"href":"https:\/\/nordicmart.andreevmaster.com\/fi\/wp-json\/wp\/v2\/product"}],"about":[{"href":"https:\/\/nordicmart.andreevmaster.com\/fi\/wp-json\/wp\/v2\/types\/product"}],"replies":[{"embeddable":true,"href":"https:\/\/nordicmart.andreevmaster.com\/fi\/wp-json\/wp\/v2\/comments?post=35325"}],"wp:featuredmedia":[{"embeddable":true,"href":"https:\/\/nordicmart.andreevmaster.com\/fi\/wp-json\/wp\/v2\/media\/43911"}],"wp:attachment":[{"href":"https:\/\/nordicmart.andreevmaster.com\/fi\/wp-json\/wp\/v2\/media?parent=35325"}],"wp:term":[{"taxonomy":"product_brand","embeddable":true,"href":"https:\/\/nordicmart.andreevmaster.com\/fi\/wp-json\/wp\/v2\/product_brand?post=35325"},{"taxonomy":"product_cat","embeddable":true,"href":"https:\/\/nordicmart.andreevmaster.com\/fi\/wp-json\/wp\/v2\/product_cat?post=35325"},{"taxonomy":"product_tag","embeddable":true,"href":"https:\/\/nordicmart.andreevmaster.com\/fi\/wp-json\/wp\/v2\/product_tag?post=35325"}],"curies":[{"name":"wp","href":"https:\/\/api.w.org\/{rel}","templated":true}]}}