{"id":35323,"date":"2026-02-27T00:29:28","date_gmt":"2026-02-27T00:29:28","guid":{"rendered":"https:\/\/nordicmart.andreevmaster.com\/product\/songmics-roskakori-24-litraa\/"},"modified":"2026-02-27T09:48:11","modified_gmt":"2026-02-27T09:48:11","slug":"songmics-roskakori-24-litraa","status":"publish","type":"product","link":"https:\/\/nordicmart.andreevmaster.com\/fi\/tuote\/songmics-roskakori-24-litraa\/","title":{"rendered":"SONGMICS roskakori 24 litraa"},"content":{"rendered":"<p>Kierr\u00e4tys? Ei todellakaan ole monimutkaista! T\u00e4m\u00e4n 3 erillisen lokeron poljinkorin avulla voit helposti lajitella j\u00e4tteesi, esimerkiksi sekaj\u00e4tteet ja bioj\u00e4tteet. Sinun tarvitsee vain painaa poljinta ja heitt\u00e4\u00e4 j\u00e4tteet sis\u00e4koriin. Sinun ei tarvitse edes koskettaa roskakoria k\u00e4sin, mik\u00e4 takaa hygienian.T\u00e4m\u00e4n roskakorin parhaat ominaisuudet: Ilmatiivis suljin est\u00e4\u00e4 ep\u00e4miellytt\u00e4v\u00e4t hajut. Laadukas materiaali takaa pitk\u00e4n k\u00e4ytt\u00f6i\u00e4n. Erilliset osastot mahdollistavat j\u00e4tteiden lajittelun materiaalin mukaan. K\u00e4tev\u00e4 kahva helpottaa roskakorin siirt\u00e4mist\u00e4. 3 irrotettavaa sis\u00e4astiaa metallikahvoilla helpottavat j\u00e4tteiden h\u00e4vitt\u00e4mist\u00e4.Voidaan sijoittaa sein\u00e4\u00e4 vasten tilan s\u00e4\u00e4st\u00e4miseksi. Tuotetiedot: V\u00e4ri: musta Materiaali: ter\u00e4s (ulkopuoli), muovi (sis\u00e4astiat), ABS-muovi (kansi) Koko: 46,5 x 29,5 x (40,5-65) cm (P x L x K) Sis\u00e4astioiden koko: 14 x 23 x 35 cm (P x L x K) Paino: 4,2 kg Toimitus sis\u00e4lt\u00e4\u00e4: 1 x roskakori SONGMICS-ohjeet: Pyyhi tuote puhtaaksi pehme\u00e4ll\u00e4, kostealla liinalla ja k\u00e4yt\u00e4 tarvittaessa mietoa puhdistusainetta.Aseta tuote tasaiselle alustalle. \u00c4l\u00e4 sulje roskakorin kantta kokonaan k\u00e4sin, koska se voi sulkeutua automaattisesti.<\/p>\n","protected":false},"excerpt":{"rendered":"<p>SONGMICS Keitti\u00f6n roskakori, 3-in-1-roskakori, 24 litraa, j\u00e4tteiden lajittelu, metallinen poljettava roskakori, j\u00e4tteiden lajitteluj\u00e4rjestelm\u00e4, kest\u00e4v\u00e4, helppo puhdistaa, ter\u00e4s, savuharmaa LTB24GS<\/p>\n","protected":false},"featured_media":43909,"comment_status":"open","ping_status":"closed","template":"","meta":[],"product_brand":[],"product_cat":[32],"product_tag":[],"class_list":{"0":"post-35323","1":"product","2":"type-product","3":"status-publish","4":"has-post-thumbnail","6":"product_cat-uncategorized-fi","8":"first","9":"instock","10":"shipping-taxable","11":"purchasable","12":"product-type-simple"},"_links":{"self":[{"href":"https:\/\/nordicmart.andreevmaster.com\/fi\/wp-json\/wp\/v2\/product\/35323","targetHints":{"allow":["GET"]}}],"collection":[{"href":"https:\/\/nordicmart.andreevmaster.com\/fi\/wp-json\/wp\/v2\/product"}],"about":[{"href":"https:\/\/nordicmart.andreevmaster.com\/fi\/wp-json\/wp\/v2\/types\/product"}],"replies":[{"embeddable":true,"href":"https:\/\/nordicmart.andreevmaster.com\/fi\/wp-json\/wp\/v2\/comments?post=35323"}],"wp:featuredmedia":[{"embeddable":true,"href":"https:\/\/nordicmart.andreevmaster.com\/fi\/wp-json\/wp\/v2\/media\/43909"}],"wp:attachment":[{"href":"https:\/\/nordicmart.andreevmaster.com\/fi\/wp-json\/wp\/v2\/media?parent=35323"}],"wp:term":[{"taxonomy":"product_brand","embeddable":true,"href":"https:\/\/nordicmart.andreevmaster.com\/fi\/wp-json\/wp\/v2\/product_brand?post=35323"},{"taxonomy":"product_cat","embeddable":true,"href":"https:\/\/nordicmart.andreevmaster.com\/fi\/wp-json\/wp\/v2\/product_cat?post=35323"},{"taxonomy":"product_tag","embeddable":true,"href":"https:\/\/nordicmart.andreevmaster.com\/fi\/wp-json\/wp\/v2\/product_tag?post=35323"}],"curies":[{"name":"wp","href":"https:\/\/api.w.org\/{rel}","templated":true}]}}