{"id":35319,"date":"2026-02-27T00:29:27","date_gmt":"2026-02-27T00:29:27","guid":{"rendered":"https:\/\/nordicmart.andreevmaster.com\/product\/songmics-seisova-tuhkakuppi-musta\/"},"modified":"2026-02-27T09:48:10","modified_gmt":"2026-02-27T09:48:10","slug":"songmics-seisova-tuhkakuppi-musta","status":"publish","type":"product","link":"https:\/\/nordicmart.andreevmaster.com\/fi\/tuote\/songmics-seisova-tuhkakuppi-musta\/","title":{"rendered":"SONGMICS seisova tuhkakuppi, musta"},"content":{"rendered":"<p>SONGMICS seisova tuhkakuppi ulkok\u00e4ytt\u00f6\u00f6n Roskakori tuhkakupilla Roskakori sis\u00e4korilla 60,5 x 24,5 cm 30 l Musta LTB17C Tuotetiedot: Materiaali: jauhemaalattu rautakotelo, galvanoidusta ter\u00e4slevyst\u00e4 valmistettu sis\u00e4kori V\u00e4ri: kotelo musta, sis\u00e4kori hopea Kotelon mitat: 24,5 x 60,5 cm (\u00f8 x K); tilavuus: 30 l Sis\u00e4astian mitat: 22 x 32,3 cm (\u00f8 x K); tilavuus: 12,3 l Nettopaino: noin 2,63 kg Bruttopaino: noin 4,2 kg Toimitus sis\u00e4lt\u00e4\u00e4: 1 x seisova tuhkakuppi<\/p>\n","protected":false},"excerpt":{"rendered":"<p>SONGMICS ulkok\u00e4ytt\u00f6\u00f6n tarkoitettu tuhkakuppi, roskakori tuhkakupilla, roskakori sis\u00e4korilla 60,5 x 24,5 cm 30 l musta LTB17C<\/p>\n","protected":false},"featured_media":43905,"comment_status":"open","ping_status":"closed","template":"","meta":[],"product_brand":[],"product_cat":[32],"product_tag":[],"class_list":{"0":"post-35319","1":"product","2":"type-product","3":"status-publish","4":"has-post-thumbnail","6":"product_cat-uncategorized-fi","8":"first","9":"instock","10":"shipping-taxable","11":"purchasable","12":"product-type-simple"},"_links":{"self":[{"href":"https:\/\/nordicmart.andreevmaster.com\/fi\/wp-json\/wp\/v2\/product\/35319","targetHints":{"allow":["GET"]}}],"collection":[{"href":"https:\/\/nordicmart.andreevmaster.com\/fi\/wp-json\/wp\/v2\/product"}],"about":[{"href":"https:\/\/nordicmart.andreevmaster.com\/fi\/wp-json\/wp\/v2\/types\/product"}],"replies":[{"embeddable":true,"href":"https:\/\/nordicmart.andreevmaster.com\/fi\/wp-json\/wp\/v2\/comments?post=35319"}],"wp:featuredmedia":[{"embeddable":true,"href":"https:\/\/nordicmart.andreevmaster.com\/fi\/wp-json\/wp\/v2\/media\/43905"}],"wp:attachment":[{"href":"https:\/\/nordicmart.andreevmaster.com\/fi\/wp-json\/wp\/v2\/media?parent=35319"}],"wp:term":[{"taxonomy":"product_brand","embeddable":true,"href":"https:\/\/nordicmart.andreevmaster.com\/fi\/wp-json\/wp\/v2\/product_brand?post=35319"},{"taxonomy":"product_cat","embeddable":true,"href":"https:\/\/nordicmart.andreevmaster.com\/fi\/wp-json\/wp\/v2\/product_cat?post=35319"},{"taxonomy":"product_tag","embeddable":true,"href":"https:\/\/nordicmart.andreevmaster.com\/fi\/wp-json\/wp\/v2\/product_tag?post=35319"}],"curies":[{"name":"wp","href":"https:\/\/api.w.org\/{rel}","templated":true}]}}