{"id":35318,"date":"2026-02-27T00:29:27","date_gmt":"2026-02-27T00:29:27","guid":{"rendered":"https:\/\/nordicmart.andreevmaster.com\/product\/songmics-5-litran-kosmetiikkajateastia-kannella\/"},"modified":"2026-02-27T09:48:10","modified_gmt":"2026-02-27T09:48:10","slug":"songmics-5-litran-kosmetiikkajateastia-kannella","status":"publish","type":"product","link":"https:\/\/nordicmart.andreevmaster.com\/fi\/tuote\/songmics-5-litran-kosmetiikkajateastia-kannella\/","title":{"rendered":"SONGMICS 5 litran kosmetiikkaj\u00e4teastia kannella"},"content":{"rendered":"<p>Kierr\u00e4tt\u00e4minen voi olla helppoa Sinun tarvitsee vain painaa poljinta ja heitt\u00e4\u00e4 roskat sis\u00e4astiaan. Sinun ei tarvitse edes koskettaa roskakoria k\u00e4sin, mik\u00e4 takaa hygienian. Lis\u00e4ksi sinun ei tarvitse huolehtia siit\u00e4, ett\u00e4 koirasi kaataa roskakorin ja koko kylpyhuoneen roskat p\u00e4\u00e4tyv\u00e4t lattialle. Kansi avautuu vain, kun painat poljinta. \u00c4lyk\u00e4s ratkaisu j\u00e4tteiden h\u00e4vitt\u00e4miseen T\u00e4m\u00e4 5 litran roskakori on kest\u00e4v\u00e4 ja kompakti, ja se vakuuttaa harkitulla muotoilullaan. Sis\u00e4astia on helppo irrottaa ja puhdistaa; sis\u00e4astian takana oleva aukko est\u00e4\u00e4 roskapussin liukumisen. Ulkopuolisen astian kahva auttaa sinua my\u00f6s siirt\u00e4m\u00e4\u00e4n roskakorin paikasta toiseen ilman, ett\u00e4 sinun tarvitsee koskettaa sen pintaa k\u00e4sill\u00e4si. Tuotetiedot: &#8211; V\u00e4ri: hopea &#8211; Materiaali: ulkoastia ruostumatonta ter\u00e4st\u00e4, kansi ABS-muovia, sis\u00e4kori muovia &#8211; Koko: 20 x 20 x 30,5 cm (P x L x K) &#8211; Sis\u00e4kori: 18 x 18 x 29 cm (P x L x K) &#8211; Kokonaiskorkeus (kansi auki): 48 cm &#8211; Paino: 1,2 kg &#8211; Tilavuus: 5 litraa Toimitus sis\u00e4lt\u00e4\u00e4: &#8211; 1 x roskakori SONGMICS Huomautukset:- Aseta tuote tasaiselle alustalle. &#8211; \u00c4l\u00e4 sulje roskakorin kantta kokonaan k\u00e4sin, koska se voi sulkeutua automaattisesti. &#8211; Puhdista tuote pehme\u00e4ll\u00e4, kostealla liinalla ja k\u00e4yt\u00e4 tarvittaessa mietoa puhdistusainetta.<\/p>\n","protected":false},"excerpt":{"rendered":"<p>SONGMICS roskakori, 5 litran kosmetiikkaroskakori, ter\u00e4ksinen poljettava roskakori, sis\u00e4kori, kansi ja kahva, pehme\u00e4 sulkeutuminen, ilmatiivis, kylpyhuoneeseen, wc:hen, harmaa LTB14GS<\/p>\n","protected":false},"featured_media":43904,"comment_status":"open","ping_status":"closed","template":"","meta":[],"product_brand":[],"product_cat":[32],"product_tag":[],"class_list":{"0":"post-35318","1":"product","2":"type-product","3":"status-publish","4":"has-post-thumbnail","6":"product_cat-uncategorized-fi","8":"first","9":"instock","10":"shipping-taxable","11":"purchasable","12":"product-type-simple"},"_links":{"self":[{"href":"https:\/\/nordicmart.andreevmaster.com\/fi\/wp-json\/wp\/v2\/product\/35318","targetHints":{"allow":["GET"]}}],"collection":[{"href":"https:\/\/nordicmart.andreevmaster.com\/fi\/wp-json\/wp\/v2\/product"}],"about":[{"href":"https:\/\/nordicmart.andreevmaster.com\/fi\/wp-json\/wp\/v2\/types\/product"}],"replies":[{"embeddable":true,"href":"https:\/\/nordicmart.andreevmaster.com\/fi\/wp-json\/wp\/v2\/comments?post=35318"}],"wp:featuredmedia":[{"embeddable":true,"href":"https:\/\/nordicmart.andreevmaster.com\/fi\/wp-json\/wp\/v2\/media\/43904"}],"wp:attachment":[{"href":"https:\/\/nordicmart.andreevmaster.com\/fi\/wp-json\/wp\/v2\/media?parent=35318"}],"wp:term":[{"taxonomy":"product_brand","embeddable":true,"href":"https:\/\/nordicmart.andreevmaster.com\/fi\/wp-json\/wp\/v2\/product_brand?post=35318"},{"taxonomy":"product_cat","embeddable":true,"href":"https:\/\/nordicmart.andreevmaster.com\/fi\/wp-json\/wp\/v2\/product_cat?post=35318"},{"taxonomy":"product_tag","embeddable":true,"href":"https:\/\/nordicmart.andreevmaster.com\/fi\/wp-json\/wp\/v2\/product_tag?post=35318"}],"curies":[{"name":"wp","href":"https:\/\/api.w.org\/{rel}","templated":true}]}}