{"id":35317,"date":"2026-02-27T00:29:27","date_gmt":"2026-02-27T00:29:27","guid":{"rendered":"https:\/\/nordicmart.andreevmaster.com\/product\/songmics-roskakori-5-litraa\/"},"modified":"2026-02-27T09:48:10","modified_gmt":"2026-02-27T09:48:10","slug":"songmics-roskakori-5-litraa","status":"publish","type":"product","link":"https:\/\/nordicmart.andreevmaster.com\/fi\/tuote\/songmics-roskakori-5-litraa\/","title":{"rendered":"SONGMICS roskakori 5 litraa"},"content":{"rendered":"<p>Kierr\u00e4tt\u00e4minen voi olla helppoa Sinun tarvitsee vain painaa poljinta avataksesi kannen, ja nyt sinulla on k\u00e4det vapaana kierr\u00e4tysj\u00e4tteiden lajitteluun. Lis\u00e4ksi sinun ei tarvitse huolehtia siit\u00e4, ett\u00e4 huskyt tai ilkikuriset lemmikit kaatavat vahingossa roskakorin, sill\u00e4 se pysyy tiiviisti suljettuna. \u00c4lyk\u00e4s j\u00e4tehuoltoratkaisu Kest\u00e4v\u00e4 ja kompakti 5 litran roskakori on varustettu \u00e4lykk\u00e4\u00e4ll\u00e4 rakenteella. Ainutlaatuisen muotoinen sis\u00e4kori helpottaa roskien poistamista ja takana oleva reik\u00e4 est\u00e4\u00e4 roskapussia liukumasta. Kahva auttaa siirt\u00e4m\u00e4\u00e4n roskakoria paikasta toiseen koskematta siihen. Tekniset tiedot: &#8211; V\u00e4ri: harmaa &#8211; Materiaali: ruostumaton ter\u00e4s, ABS-kansi, muovinen sis\u00e4kori &#8211; Tuotteen koko: 20 x 20 x 30,5 cm (pituus x leveys x korkeus\uff09- Sis\u00e4astian koko: 18 x 18 x 29 cm (pituus x leveys x korkeus\uff09- Kokonaiskorkeus kannen ollessa auki: 48 cm- Tuotteen paino: 1,2 kg- Tilavuus: 5 lPaketin sis\u00e4lt\u00f6:&nbsp;&#8211; 1 x roskakori SONGMICS:n huomautukset:&nbsp;&#8211; Tuotetta suositellaan k\u00e4ytett\u00e4v\u00e4ksi sileill\u00e4 lattioilla.- \u00c4l\u00e4 sulje kantta kokonaan k\u00e4sin, koska se voi sulkeutua automaattisesti.- Puhdista pehme\u00e4ll\u00e4, kostealla liinalla ja k\u00e4yt\u00e4 tarvittaessa mietoa pesuainetta.<\/p>\n","protected":false},"excerpt":{"rendered":"<p>SONGMICS roskakori, 5 litran kosmetiikkaroskakori, ter\u00e4ksinen poljettava roskakori, sis\u00e4kori, kansi ja kahva, pehme\u00e4 sulkeutuminen, ilmatiivis, kylpyhuoneeseen, wc:hen, harmaa LTB14GS<\/p>\n","protected":false},"featured_media":43903,"comment_status":"open","ping_status":"closed","template":"","meta":[],"product_brand":[],"product_cat":[32],"product_tag":[],"class_list":{"0":"post-35317","1":"product","2":"type-product","3":"status-publish","4":"has-post-thumbnail","6":"product_cat-uncategorized-fi","8":"first","9":"instock","10":"shipping-taxable","11":"purchasable","12":"product-type-simple"},"_links":{"self":[{"href":"https:\/\/nordicmart.andreevmaster.com\/fi\/wp-json\/wp\/v2\/product\/35317","targetHints":{"allow":["GET"]}}],"collection":[{"href":"https:\/\/nordicmart.andreevmaster.com\/fi\/wp-json\/wp\/v2\/product"}],"about":[{"href":"https:\/\/nordicmart.andreevmaster.com\/fi\/wp-json\/wp\/v2\/types\/product"}],"replies":[{"embeddable":true,"href":"https:\/\/nordicmart.andreevmaster.com\/fi\/wp-json\/wp\/v2\/comments?post=35317"}],"wp:featuredmedia":[{"embeddable":true,"href":"https:\/\/nordicmart.andreevmaster.com\/fi\/wp-json\/wp\/v2\/media\/43903"}],"wp:attachment":[{"href":"https:\/\/nordicmart.andreevmaster.com\/fi\/wp-json\/wp\/v2\/media?parent=35317"}],"wp:term":[{"taxonomy":"product_brand","embeddable":true,"href":"https:\/\/nordicmart.andreevmaster.com\/fi\/wp-json\/wp\/v2\/product_brand?post=35317"},{"taxonomy":"product_cat","embeddable":true,"href":"https:\/\/nordicmart.andreevmaster.com\/fi\/wp-json\/wp\/v2\/product_cat?post=35317"},{"taxonomy":"product_tag","embeddable":true,"href":"https:\/\/nordicmart.andreevmaster.com\/fi\/wp-json\/wp\/v2\/product_tag?post=35317"}],"curies":[{"name":"wp","href":"https:\/\/api.w.org\/{rel}","templated":true}]}}