{"id":35316,"date":"2026-02-27T00:29:27","date_gmt":"2026-02-27T00:29:27","guid":{"rendered":"https:\/\/nordicmart.andreevmaster.com\/product\/songmics-pieni-roskakori-kylpyhuoneeseen-6-l\/"},"modified":"2026-02-27T09:48:09","modified_gmt":"2026-02-27T09:48:09","slug":"songmics-pieni-roskakori-kylpyhuoneeseen-6-l","status":"publish","type":"product","link":"https:\/\/nordicmart.andreevmaster.com\/fi\/tuote\/songmics-pieni-roskakori-kylpyhuoneeseen-6-l\/","title":{"rendered":"SONGMICS Pieni roskakori kylpyhuoneeseen 6 l"},"content":{"rendered":"<p>Miksi valita SONGMICS-roskakori? Tyylik\u00e4s ja yksinkertainen ulkon\u00e4k\u00f6 Laadukas, kest\u00e4v\u00e4 ja pitk\u00e4ik\u00e4inen Huolellisesti suunniteltu, t\u00e4ytt\u00e4\u00e4 vaatimuksesi Yst\u00e4v\u00e4llinen asiakaspalvelu Tuotetiedot:- V\u00e4ri: valkoinen &#8211; Materiaali: jauhemaalattu ter\u00e4s, ABS, PP &#8211; Mitat: 29,3 x 30,1 x 21,8 cm (L x K x S) &#8211; Tilavuus: 6 l &#8211; Paino: 1,2 kg Toimitus sis\u00e4lt\u00e4\u00e4: &#8211; 1 x roskakori SONGMICS Huomautus:- Pyyhi tuote s\u00e4\u00e4nn\u00f6llisesti miedolla puhdistusaineella kostutetulla liinalla ja kuivaa kuivalla liinalla. \u00c4l\u00e4 ep\u00e4r\u00f6i, vaan osta heti! K\u00e4tev\u00e4 pieni apulainen kotiin!<\/p>\n","protected":false},"excerpt":{"rendered":"<p>SONGMICS Kosmetiikkaj\u00e4teastia ter\u00e4ksest\u00e4 6 l, kylpyhuoneen roskakori pehme\u00e4ll\u00e4 sulkeutumisella, kylpyhuoneen roskakori ABS-kannella ja sis\u00e4astia LTB12WT<\/p>\n","protected":false},"featured_media":43902,"comment_status":"open","ping_status":"closed","template":"","meta":[],"product_brand":[],"product_cat":[32],"product_tag":[],"class_list":{"0":"post-35316","1":"product","2":"type-product","3":"status-publish","4":"has-post-thumbnail","6":"product_cat-uncategorized-fi","8":"first","9":"instock","10":"shipping-taxable","11":"purchasable","12":"product-type-simple"},"_links":{"self":[{"href":"https:\/\/nordicmart.andreevmaster.com\/fi\/wp-json\/wp\/v2\/product\/35316","targetHints":{"allow":["GET"]}}],"collection":[{"href":"https:\/\/nordicmart.andreevmaster.com\/fi\/wp-json\/wp\/v2\/product"}],"about":[{"href":"https:\/\/nordicmart.andreevmaster.com\/fi\/wp-json\/wp\/v2\/types\/product"}],"replies":[{"embeddable":true,"href":"https:\/\/nordicmart.andreevmaster.com\/fi\/wp-json\/wp\/v2\/comments?post=35316"}],"wp:featuredmedia":[{"embeddable":true,"href":"https:\/\/nordicmart.andreevmaster.com\/fi\/wp-json\/wp\/v2\/media\/43902"}],"wp:attachment":[{"href":"https:\/\/nordicmart.andreevmaster.com\/fi\/wp-json\/wp\/v2\/media?parent=35316"}],"wp:term":[{"taxonomy":"product_brand","embeddable":true,"href":"https:\/\/nordicmart.andreevmaster.com\/fi\/wp-json\/wp\/v2\/product_brand?post=35316"},{"taxonomy":"product_cat","embeddable":true,"href":"https:\/\/nordicmart.andreevmaster.com\/fi\/wp-json\/wp\/v2\/product_cat?post=35316"},{"taxonomy":"product_tag","embeddable":true,"href":"https:\/\/nordicmart.andreevmaster.com\/fi\/wp-json\/wp\/v2\/product_tag?post=35316"}],"curies":[{"name":"wp","href":"https:\/\/api.w.org\/{rel}","templated":true}]}}