{"id":35313,"date":"2026-02-27T00:29:26","date_gmt":"2026-02-27T00:29:26","guid":{"rendered":"https:\/\/nordicmart.andreevmaster.com\/product\/songmics-kapea-roskakori-jalkapolkimella\/"},"modified":"2026-02-27T09:48:09","modified_gmt":"2026-02-27T09:48:09","slug":"songmics-kapea-roskakori-jalkapolkimella","status":"publish","type":"product","link":"https:\/\/nordicmart.andreevmaster.com\/fi\/tuote\/songmics-kapea-roskakori-jalkapolkimella\/","title":{"rendered":"SONGMICS Kapea roskakori jalkapolkimella"},"content":{"rendered":"<p>Sopii pieniin tiloihin: Haluatko hy\u00f6dynt\u00e4\u00e4 asuntosi kapeat tilat t\u00e4ysim\u00e4\u00e4r\u00e4isesti? T\u00e4ll\u00f6in t\u00e4m\u00e4 kapea roskakori on fiksu ratkaisu! Se on t\u00e4ydellinen valinta huoneistoihin! Mukava avaaminen ja hiljainen sulkeutuminen: Jos haluat avata roskakorin kannen, mutta sinulla ei ole k\u00e4si\u00e4 vapaana, paina vain jalkapoljinta; kansi sulkeutuu hitaasti ja hiljaisesti, jotta kodin rauhallinen ilmapiiri ei h\u00e4iriinny. Helppo kuljettaa ja tyhjent\u00e4\u00e4: Roskakori on varustettu kahvalla takana, joten se on helppo kuljettaa mihin tahansa. My\u00f6s PP-muovista valmistetussa sis\u00e4s\u00e4ili\u00f6ss\u00e4 on kahvat, joten voit helposti nostaa sen roskakorista ja tyhjent\u00e4\u00e4 sen. Roskakori ei tarvitse n\u00e4ytt\u00e4\u00e4 roskalta; tyylikk\u00e4\u00e4n hopeanv\u00e4risen ja yksinkertaisen ulkon\u00e4k\u00f6ns\u00e4 ansiosta t\u00e4m\u00e4 10 litran roskakori on katseenvangitsija kylpyhuoneessasi! Tuotetiedot:V\u00e4ri: hopea Materiaali: ter\u00e4s, PP-muovi Koko: 18,7 x 27,3 x 40,1 cm (P x L x K) Sis\u00e4astian koko: 16,6 x 24,5 x 34,5 cm (P x L x K) Kokonaiskorkeus (kansi auki): 57 cm Paino: 1,7 kg Toimitus sis\u00e4lt\u00e4\u00e4: 1 x roskakori SONGMICS-ohjeet: Puhdista tuote pyyhkim\u00e4ll\u00e4 se pehme\u00e4ll\u00e4, neutraalilla puhdistusaineella kostutetulla liinalla ja kuivaa se sitten kuivalla liinalla.Kansi voidaan avata k\u00e4sin jopa 90\u00b0; jalkapoljinta painamalla se avautuu 70\u00b0-75\u00b0. Aseta roskakori aina 5 cm:n p\u00e4\u00e4h\u00e4n sein\u00e4st\u00e4, jotta kansi ei osu siihen avattaessa.<\/p>\n","protected":false},"excerpt":{"rendered":"<p>SONGMICS roskakori, kosmetiikkaroskakori ter\u00e4ksest\u00e4, 10 litraa, kapea poljettava roskakori sis\u00e4korilla, kylpyhuoneeseen, pehme\u00e4 sulkeutuminen, roskakori kapeaan tilaan, valkoinen LTB10WT<\/p>\n","protected":false},"featured_media":43899,"comment_status":"open","ping_status":"closed","template":"","meta":[],"product_brand":[],"product_cat":[32],"product_tag":[],"class_list":{"0":"post-35313","1":"product","2":"type-product","3":"status-publish","4":"has-post-thumbnail","6":"product_cat-uncategorized-fi","8":"first","9":"instock","10":"shipping-taxable","11":"purchasable","12":"product-type-simple"},"_links":{"self":[{"href":"https:\/\/nordicmart.andreevmaster.com\/fi\/wp-json\/wp\/v2\/product\/35313","targetHints":{"allow":["GET"]}}],"collection":[{"href":"https:\/\/nordicmart.andreevmaster.com\/fi\/wp-json\/wp\/v2\/product"}],"about":[{"href":"https:\/\/nordicmart.andreevmaster.com\/fi\/wp-json\/wp\/v2\/types\/product"}],"replies":[{"embeddable":true,"href":"https:\/\/nordicmart.andreevmaster.com\/fi\/wp-json\/wp\/v2\/comments?post=35313"}],"wp:featuredmedia":[{"embeddable":true,"href":"https:\/\/nordicmart.andreevmaster.com\/fi\/wp-json\/wp\/v2\/media\/43899"}],"wp:attachment":[{"href":"https:\/\/nordicmart.andreevmaster.com\/fi\/wp-json\/wp\/v2\/media?parent=35313"}],"wp:term":[{"taxonomy":"product_brand","embeddable":true,"href":"https:\/\/nordicmart.andreevmaster.com\/fi\/wp-json\/wp\/v2\/product_brand?post=35313"},{"taxonomy":"product_cat","embeddable":true,"href":"https:\/\/nordicmart.andreevmaster.com\/fi\/wp-json\/wp\/v2\/product_cat?post=35313"},{"taxonomy":"product_tag","embeddable":true,"href":"https:\/\/nordicmart.andreevmaster.com\/fi\/wp-json\/wp\/v2\/product_tag?post=35313"}],"curies":[{"name":"wp","href":"https:\/\/api.w.org\/{rel}","templated":true}]}}